{"id":1314,"date":"2023-01-16T10:58:48","date_gmt":"2023-01-16T09:58:48","guid":{"rendered":"https:\/\/switzerland.wordcamp.org\/2023\/?page_id=1314"},"modified":"2023-03-31T09:44:50","modified_gmt":"2023-03-31T07:44:50","slug":"journee-de-contribution","status":"publish","type":"page","link":"https:\/\/switzerland.wordcamp.org\/2023\/fr\/journee-de-contribution\/","title":{"rendered":"Journ\u00e9e de contribution"},"content":{"rendered":"\n<div class=\"wp-block-group has-small-font-size is-content-justification-left is-nowrap is-layout-flex wp-container-core-group-is-layout-fc9f69e7 wp-block-group-is-layout-flex\">\n<p><a href=\"https:\/\/switzerland.wordcamp.org\/2023\/contributor-day\/\">In English<\/a><\/p>\n\n\n\n<p><a href=\"https:\/\/switzerland.wordcamp.org\/2023\/de\/contributor-day\/\" data-type=\"page\" data-id=\"878\">Auf Deutsch<\/a><\/p>\n<\/div>\n\n\n\n<div class=\"wp-block-columns alignwide is-layout-flex wp-container-core-columns-is-layout-28f84493 wp-block-columns-is-layout-flex\">\n<div class=\"wp-block-column is-layout-flow wp-block-column-is-layout-flow\" style=\"flex-basis:66.66%\">\n<p>La <a href=\"https:\/\/fr.wordpress.org\/support\/article\/contributing-to-wordpress\/\">journ\u00e9e de contribution<\/a> d&#8217;un WordCamp offre une occasion unique de pouvoir rencontrer d&#8217;autres personnes qui contribuent \u00e0 WordPress. Ce logiciel open source, qui g\u00e8re d\u00e9sormais plus de 43 % du web, compte sur l&#8217;aide de chacun. Nous t&#8217;encourageons \u00e0 participer \u00e0 la Journ\u00e9e de contribution du WordCamp Switzerland, surtout si tu n&#8217;as jamais contribu\u00e9 auparavant et que tu cherches \u00e0 faire tes premiers pas comme contributeur.trice. Les personnes pr\u00e9sentes \u00e0 la conf\u00e9rence et \u00e0 la Journ\u00e9e de contribution t&#8217;aideront \u00e0 faire tes premiers pas.<\/p>\n\n\n\n<h2 class=\"wp-block-heading has-x-large-font-size\">Quand et o\u00f9 aura lieu le Contributor Day ?<\/h2>\n\n\n\n<p>Le Contributor Day de WordCamp Suisse aura lieu le <strong>vendredi 31 mars 2023 \u00e0 9h00<\/strong>. Le lieu se trouve sur le m\u00eame site que le WordCamp lui-m\u00eame.<\/p>\n\n\n\n<h2 class=\"wp-block-heading has-x-large-font-size\"><s>S&#8217;inscrire pour participer<\/s><\/h2>\n\n\n\n<p>Le jour est arriv\u00e9, les inscriptions sont donc closes. Nous nous r\u00e9jouissons de vous retrouver pour la journ\u00e9e principale de la conf\u00e9rence !<\/p>\n\n\n\n<h2 class=\"wp-block-heading has-x-large-font-size\">De quoi ai-je besoin?<\/h2>\n\n\n\n<p>N&#8217;oublie pas ton ordinateur portable et ton chargeur &#8211; tu en auras besoin au cours de la journ\u00e9e de contribution.<\/p>\n\n\n\n<h2 class=\"wp-block-heading has-x-large-font-size\">Comment se d\u00e9roule une journ\u00e9e de contribution?<\/h2>\n\n\n\n<p>Si tu n&#8217;as jamais donn\u00e9 de ton temps \u00e0 WordPress, la Journ\u00e9e de contribution est un bon point de d\u00e9part. Il y a beaucoup d&#8217;opportunit\u00e9s pour tout le monde de contribuer \u00e0 des projets tels que :<\/p>\n\n\n\n<ul class=\"wp-block-list\">\n<li><a href=\"https:\/\/make.wordpress.org\/core\/\">Core<\/a> &#8211; Am\u00e9liore la plateforme principale de WordPress. Nous pouvons t&#8217;ider lors de ta premi\u00e8re contribution \u00e0 WordPress Core.<\/li>\n\n\n\n<li><a href=\"https:\/\/make.wordpress.org\/design\/\">Design<\/a> &#8211; Participe \u00e0 la conception et au d\u00e9veloppement de l&#8217;interface utilisateur de WordPress ; un lieu d&#8217;accueil pour les designers et les concepteurs d&#8217;interfaces utilisateur.<\/li>\n\n\n\n<li><a href=\"https:\/\/make.wordpress.org\/themes\/\">Theme Review <\/a>&#8211; Rejoins l&#8217;\u00e9quipe responsable de la haute qualit\u00e9 du r\u00e9pertoire de th\u00e8mes de WordPress.org.<\/li>\n\n\n\n<li><a href=\"https:\/\/make.wordpress.org\/polyglots\/\">Traductions<\/a> &#8211; Contribue \u00e0 ce que WordPress et les ressources qui l&#8217;accompagnent soient disponibles dans ta langue.<\/li>\n\n\n\n<li><a href=\"https:\/\/make.wordpress.org\/community\/\">Communaut\u00e9<\/a> \u2013 Am\u00e9liore le processus d&#8217;organisation des WordCamps et des meetups. Contribue \u00e0 la mise sur pied d&#8217;un groupe meetup dans ta r\u00e9gion. Nous avons des groupes meetup dans toute la Suisse, \u00e0 <a href=\"https:\/\/www.meetup.com\/WordPress-Baden\/\">Baden<\/a>, <a href=\"https:\/\/www.meetup.com\/de-DE\/WordPress-Bern\/\">Berne<\/a>, <a href=\"https:\/\/www.meetup.com\/fr-FR\/WebDev-Chur\/\">Coire<\/a>, <a href=\"https:\/\/www.meetup.com\/Fribourg-WordPress-Meetup\/\">Fribourg<\/a>, <a href=\"https:\/\/www.meetup.com\/geneva-wordpress\/\">Gen\u00e8ve<\/a>, <a href=\"https:\/\/www.meetup.com\/Lausanne-WordPress-Meetup\/\">Lausanne<\/a>, <a href=\"https:\/\/www.meetup.com\/WordPress-Meetup-Luzern-by-webkinder-ch\/\">Lucerne<\/a>, <a href=\"https:\/\/www.meetup.com\/Lugano-WordPress-Meetup\/\">Lugano<\/a>, <a href=\"https:\/\/www.meetup.com\/WordPress-Neuchatel\/\">Neuch\u00e2tel<\/a>, <a href=\"https:\/\/www.meetup.com\/Sion-WordPress-Meetup\/\">Sion<\/a> et <a href=\"https:\/\/www.meetup.com\/WordPress-Zurich\/\">Zurich<\/a>.<\/li>\n<\/ul>\n\n\n\n<p>Cr\u00e9e (ou assures-toi que tu as d\u00e9j\u00e0)<\/p>\n\n\n\n<ul class=\"wp-block-list\">\n<li>un <a href=\"https:\/\/learn.wordpress.org\/tutorial\/set-up-a-wordpress-org-account\/\">compte WordPress.org<\/a><\/li>\n\n\n\n<li>un <a href=\"https:\/\/make.wordpress.org\/chat\/\">compte Slack<\/a> pour les utilisateurs de WordPress (nous pouvons t&#8217;aider \u00e0 le cr\u00e9er !)<\/li>\n<\/ul>\n\n\n\n<p>Actuellement, le principal moyen de communication pour les contributeurs est Slack, alors t\u00e9l\u00e9charge une version de bureau ou utilise la <a href=\"https:\/\/wordpress.slack.com\/?redir=%2Fmessages\">version web<\/a> avec ton identifiant WordPress.org.<\/p>\n\n\n\n<p>Si tu as des questions concernant la Journ\u00e9e de contribution, contacte l&#8217;un des organisateurs ou utilise le hashtag #WCCH sur Twitter.<\/p>\n\n\n\n<h2 class=\"wp-block-heading has-x-large-font-size\">D&#8217;autres fa\u00e7ons de contribuer<\/h2>\n\n\n\n<ul class=\"wp-block-list\">\n<li><a href=\"https:\/\/make.wordpress.org\/docs\/\">Documentation<\/a> \u2013 Am\u00e9liore le Codex, les manuels et autres ressources en ligne pour les utilisateurs et d\u00e9veloppeurs de WordPress.<\/li>\n\n\n\n<li><a href=\"https:\/\/make.wordpress.org\/support\/\">Support<\/a> \u2013 R\u00e9pands un peu de bonheur en aidant les utilisateurs de WordPress dans les forums d&#8217;assistance.<\/li>\n\n\n\n<li><a href=\"https:\/\/make.wordpress.org\/accessibility\/\">Accessibility<\/a> \u2013 Fais en sorte que le c\u0153ur de WordPress et les th\u00e8mes soient accessibles et utilisables par tous.<\/li>\n\n\n\n<li><a href=\"https:\/\/wordpress.org\/plugins\/glotpress\/\">GlotPress<\/a> \u2013 Contribue \u00e0 l&#8217;am\u00e9lioration de l&#8217;outil de traduction collaborative.<\/li>\n\n\n\n<li><a href=\"https:\/\/make.wordpress.org\/mobile\/\">Mobile<\/a> \u2013 Avec le nombre croissant d&#8217;appareils mobiles utilis\u00e9s au quotidien, rendons WordPress plus convivial pour les mobiles.<\/li>\n\n\n\n<li><a href=\"https:\/\/make.wordpress.org\/meta\/\">Meta<\/a> \u2013 Contribue aux principaux sites de WordPress tels que WordPress.org ou WordPress.tv.<\/li>\n\n\n\n<li><a href=\"https:\/\/buddypress.org\/\">BuddyPress<\/a> &amp; <a href=\"https:\/\/bbpress.org\/\">bbPress<\/a> \u2013 Contribue \u00e0 l&#8217;extension de la communaut\u00e9 en pr\u00eatant main-forte ces projets.<\/li>\n\n\n\n<li><a href=\"https:\/\/es.wordpress.org\/plugins\/json-rest-api\/\">Rest API<\/a> \u2013 Rejoins l&#8217;\u00e9quipe Rest API et commence \u00e0 contribuer \u00e0 l&#8217;avenir de WordPress.<\/li>\n<\/ul>\n<\/div>\n\n\n\n<div class=\"wp-block-column is-layout-flow wp-block-column-is-layout-flow\" style=\"flex-basis:33.33%\">\n<figure class=\"wp-block-image size-large\"><img loading=\"lazy\" decoding=\"async\" width=\"1024\" height=\"681\" src=\"https:\/\/switzerland.wordcamp.org\/2023\/files\/2023\/01\/WCLSNE19-contrib-7vs-1721-1024x681.jpg\" alt=\"\" class=\"wp-image-1534\" srcset=\"https:\/\/switzerland.wordcamp.org\/2023\/files\/2023\/01\/WCLSNE19-contrib-7vs-1721-1024x681.jpg 1024w, https:\/\/switzerland.wordcamp.org\/2023\/files\/2023\/01\/WCLSNE19-contrib-7vs-1721-300x200.jpg 300w, https:\/\/switzerland.wordcamp.org\/2023\/files\/2023\/01\/WCLSNE19-contrib-7vs-1721-420x279.jpg 420w, https:\/\/switzerland.wordcamp.org\/2023\/files\/2023\/01\/WCLSNE19-contrib-7vs-1721-768x511.jpg 768w, https:\/\/switzerland.wordcamp.org\/2023\/files\/2023\/01\/WCLSNE19-contrib-7vs-1721-451x300.jpg 451w, https:\/\/switzerland.wordcamp.org\/2023\/files\/2023\/01\/WCLSNE19-contrib-7vs-1721-1536x1022.jpg 1536w, https:\/\/switzerland.wordcamp.org\/2023\/files\/2023\/01\/WCLSNE19-contrib-7vs-1721-2048x1363.jpg 2048w\" sizes=\"auto, (max-width: 1024px) 100vw, 1024px\" \/><\/figure>\n\n\n\n<figure class=\"wp-block-image size-large\"><img loading=\"lazy\" decoding=\"async\" width=\"1024\" height=\"681\" src=\"https:\/\/switzerland.wordcamp.org\/2023\/files\/2023\/01\/WCLSNE19-contrib-7vs-1710-1024x681.jpg\" alt=\"\" class=\"wp-image-1535\" srcset=\"https:\/\/switzerland.wordcamp.org\/2023\/files\/2023\/01\/WCLSNE19-contrib-7vs-1710-1024x681.jpg 1024w, https:\/\/switzerland.wordcamp.org\/2023\/files\/2023\/01\/WCLSNE19-contrib-7vs-1710-300x200.jpg 300w, https:\/\/switzerland.wordcamp.org\/2023\/files\/2023\/01\/WCLSNE19-contrib-7vs-1710-420x279.jpg 420w, https:\/\/switzerland.wordcamp.org\/2023\/files\/2023\/01\/WCLSNE19-contrib-7vs-1710-768x511.jpg 768w, https:\/\/switzerland.wordcamp.org\/2023\/files\/2023\/01\/WCLSNE19-contrib-7vs-1710-451x300.jpg 451w, https:\/\/switzerland.wordcamp.org\/2023\/files\/2023\/01\/WCLSNE19-contrib-7vs-1710-1536x1022.jpg 1536w, https:\/\/switzerland.wordcamp.org\/2023\/files\/2023\/01\/WCLSNE19-contrib-7vs-1710-2048x1363.jpg 2048w\" sizes=\"auto, (max-width: 1024px) 100vw, 1024px\" \/><\/figure>\n\n\n\n<p><\/p>\n<\/div>\n<\/div>\n","protected":false},"excerpt":{"rendered":"<p>In English Auf Deutsch La journ\u00e9e de contribution d&#8217;un WordCamp offre une occasion unique de pouvoir rencontrer d&#8217;autres personnes qui contribuent \u00e0 WordPress. Ce logiciel open source, qui g\u00e8re d\u00e9sormais plus de 43 % du web, compte sur l&#8217;aide de chacun. Nous t&#8217;encourageons \u00e0 participer \u00e0 la Journ\u00e9e de contribution du WordCamp Switzerland, surtout si [&hellip;]<\/p>\n","protected":false},"author":7586875,"featured_media":1533,"parent":267,"menu_order":0,"comment_status":"closed","ping_status":"closed","template":"wp-custom-template-french-page","meta":{"jetpack_post_was_ever_published":false,"footnotes":""},"class_list":["post-1314","page","type-page","status-publish","has-post-thumbnail","hentry"],"jetpack_sharing_enabled":true,"_links":{"self":[{"href":"https:\/\/switzerland.wordcamp.org\/2023\/wp-json\/wp\/v2\/pages\/1314","targetHints":{"allow":["GET"]}}],"collection":[{"href":"https:\/\/switzerland.wordcamp.org\/2023\/wp-json\/wp\/v2\/pages"}],"about":[{"href":"https:\/\/switzerland.wordcamp.org\/2023\/wp-json\/wp\/v2\/types\/page"}],"author":[{"embeddable":true,"href":"https:\/\/switzerland.wordcamp.org\/2023\/wp-json\/wp\/v2\/users\/7586875"}],"replies":[{"embeddable":true,"href":"https:\/\/switzerland.wordcamp.org\/2023\/wp-json\/wp\/v2\/comments?post=1314"}],"version-history":[{"count":18,"href":"https:\/\/switzerland.wordcamp.org\/2023\/wp-json\/wp\/v2\/pages\/1314\/revisions"}],"predecessor-version":[{"id":4449,"href":"https:\/\/switzerland.wordcamp.org\/2023\/wp-json\/wp\/v2\/pages\/1314\/revisions\/4449"}],"up":[{"embeddable":true,"href":"https:\/\/switzerland.wordcamp.org\/2023\/wp-json\/wp\/v2\/pages\/267"}],"wp:featuredmedia":[{"embeddable":true,"href":"https:\/\/switzerland.wordcamp.org\/2023\/wp-json\/wp\/v2\/media\/1533"}],"wp:attachment":[{"href":"https:\/\/switzerland.wordcamp.org\/2023\/wp-json\/wp\/v2\/media?parent=1314"}],"curies":[{"name":"wp","href":"https:\/\/api.w.org\/{rel}","templated":true}]}}