{"id":1315,"date":"2023-01-05T10:40:07","date_gmt":"2023-01-05T09:40:07","guid":{"rendered":"https:\/\/switzerland.wordcamp.org\/2023\/?page_id=1315"},"modified":"2023-03-31T09:45:47","modified_gmt":"2023-03-31T07:45:47","slug":"contributor-day","status":"publish","type":"page","link":"https:\/\/switzerland.wordcamp.org\/2023\/de\/contributor-day\/","title":{"rendered":"Contributor Day"},"content":{"rendered":"\n<div class=\"wp-block-group has-small-font-size is-content-justification-left is-nowrap is-layout-flex wp-container-core-group-is-layout-fc9f69e7 wp-block-group-is-layout-flex\">\n<p><a href=\"https:\/\/switzerland.wordcamp.org\/2023\/fr\/journee-de-contribution\/\" data-type=\"page\" data-id=\"863\">En fran\u00e7ais<\/a><\/p>\n\n\n\n<p><a href=\"https:\/\/switzerland.wordcamp.org\/2023\/contributor-day\/\">In English<\/a><\/p>\n<\/div>\n\n\n\n<div class=\"wp-block-columns alignwide is-layout-flex wp-container-core-columns-is-layout-28f84493 wp-block-columns-is-layout-flex\">\n<div class=\"wp-block-column is-layout-flow wp-block-column-is-layout-flow\" style=\"flex-basis:66.66%\">\n<p>Die WordCamp Contributor Days bieten dir eine besondere Gelegenheit, einen Raum mit anderen Menschen zu teilen, die einen Beitrag zu WordPress leisten. WordPress betreibt mittlerweile mehr als 43% des World Wide Web und braucht unsere Hilfe. Wir ermutigen dich, am WordCamp Switzerland Contributor Day teilzunehmen: vor allem, wenn du noch nie einen Beitrag geleistet hast und nach einer M\u00f6glichkeit suchst, damit anzufangen. Es ist ganz einfach. An der Konferenz und am Contributor Day wird es Leute geben, die dir dabei helfen k\u00f6nnen, loszulegen.<\/p>\n\n\n\n<h2 class=\"wp-block-heading has-x-large-font-size\">Wann und wo findet der Contributor Day statt?<\/h2>\n\n\n\n<p>Der Contributor Day des WordCamp Switzerland findet am <strong>Freitag, 31. M\u00e4rz 2023 um 9:00 Uhr<\/strong> statt. Wir befinden uns dann im gleichen Geb\u00e4ude wie die Konferenz am darauffolgenden Samstag (jedoch in einem kleineren Raum).<\/p>\n\n\n\n<h2 class=\"wp-block-heading has-x-large-font-size\"><s>Anmeldung zum Contributor Day<\/s><\/h2>\n\n\n\n<p>Der Tag ist gekommen und die Anmeldung ist nun geschlossen. Wir freuen uns darauf, dich an die Konferenz zu sehen!<\/p>\n\n\n\n<h2 class=\"wp-block-heading has-x-large-font-size\">Was geschieht an einem Contributor Day?<\/h2>\n\n\n\n<p>Wenn du noch nie einen (aktiven) Beitrag zu WordPress geleistet hast, ist der Contributor Day ein guter Anfang. Du musst dazu nicht zwingend programmieren k\u00f6nnen. Es gibt viele M\u00f6glichkeiten f\u00fcr jeden, bei Projekten mitzuwirken, wie beispielsweise:<\/p>\n\n\n\n<ul class=\"wp-block-list\">\n<li><a href=\"https:\/\/make.wordpress.org\/core\/\">Core<\/a>&nbsp;\u2013 Die Hauptplattform von WordPress verbessern. Wir k\u00f6nnen dir helfen, mit der Mitarbeit am WordPress Core zu beginnen.<\/li>\n\n\n\n<li><a href=\"https:\/\/make.wordpress.org\/design\/\">Design<\/a>&nbsp;\u2013 Hilf mit, die Benutzeroberfl\u00e4che f\u00fcr WordPress zu entwerfen und zu entwickeln; ein Zuhause f\u00fcr Designer und UXer gleichermassen.<\/li>\n\n\n\n<li><a href=\"https:\/\/make.wordpress.org\/themes\/\">Theme Review<\/a>&nbsp;\u2013 Werde Teil des Teams, das f\u00fcr die hohe Qualit\u00e4t des WordPress.org Themes Verzeichnis verantwortlich ist.<\/li>\n\n\n\n<li><a href=\"https:\/\/make.wordpress.org\/polyglots\/\">Translations<\/a>&nbsp;\u2013 WordPress und die dazugeh\u00f6rigen Ressourcen in deiner Sprache verf\u00fcgbar machen.<\/li>\n\n\n\n<li><a href=\"https:\/\/make.wordpress.org\/community\/\">Community<\/a>&nbsp;\u2013 Verbesserung der WordCamp- und Meetup-Organisationsprozesse. Hilfe bei der Organisation eines Meetups in deiner Region. Wir haben Meetups in der ganzen Schweiz:<br><a href=\"https:\/\/www.meetup.com\/WordPress-Baden\/\">Baden<\/a>,&nbsp;<a href=\"https:\/\/www.meetup.com\/de-DE\/WordPress-Bern\/\">Bern<\/a>,&nbsp;<a href=\"https:\/\/www.meetup.com\/WebDev-Chur\/\">Chur<\/a>,&nbsp;<a href=\"https:\/\/www.meetup.com\/Fribourg-WordPress-Meetup\/\">Fribourg<\/a>,&nbsp;<a href=\"https:\/\/www.meetup.com\/geneva-wordpress\/\">Genf<\/a>,&nbsp;<a href=\"https:\/\/www.meetup.com\/Lausanne-WordPress-Meetup\/\">Lausanne<\/a>,&nbsp;<a href=\"https:\/\/www.meetup.com\/WordPress-Meetup-Luzern-by-webkinder-ch\/\">Luzern<\/a>,&nbsp;<a href=\"https:\/\/www.meetup.com\/Lugano-WordPress-Meetup\/\">Lugano<\/a>,&nbsp;<a href=\"https:\/\/www.meetup.com\/WordPress-Neuchatel\/\">Neuenburg<\/a>,&nbsp;<a href=\"https:\/\/www.meetup.com\/Sion-WordPress-Meetup\/\">Sion<\/a>&nbsp;und&nbsp;<a href=\"https:\/\/www.meetup.com\/WordPress-Zurich\/\">Z\u00fcrich<\/a>.<\/li>\n\n\n\n<li><a href=\"https:\/\/make.wordpress.org\/tv\/\">WordPress.tv<\/a>&nbsp;\u2013 pr\u00fcft und genehmigt jedes eingereichte Video f\u00fcr&nbsp;<a href=\"https:\/\/wordpress.tv\/\">WordPress.tv<\/a>. Du hilfst einem WordCamp auch bei der Nachbearbeitung von Videos. Wir ben\u00f6tigen Hilfe bei der Bearbeitung der Videos der Vortr\u00e4ge, damit wir sie auf WordPress.tv hochladen k\u00f6nnen.<\/li>\n<\/ul>\n\n\n\n<h2 class=\"wp-block-heading has-x-large-font-size\">Was ben\u00f6tige ich daf\u00fcr?<\/h2>\n\n\n\n<p>Dein Laptop und das Ladeger\u00e4t dazu \u2013 das wirst du w\u00e4hrend dieses Tages beides ben\u00f6tigen.<\/p>\n\n\n\n<p>Melde dich f\u00fcr folgendes an (falls noch nicht bereits geschehen):<\/p>\n\n\n\n<ul class=\"wp-block-list\">\n<li><a href=\"https:\/\/wordpress.org\/support\/register.php\">Benutzerkonto auf WordPress.org<\/a><\/li>\n\n\n\n<li>Ein&nbsp;<a href=\"https:\/\/make.wordpress.org\/chat\/\">Konto auf Slack<\/a>&nbsp;f\u00fcr WordPress-Benutzer (wir k\u00f6nnen dich da unterst\u00fctzen)<\/li>\n<\/ul>\n\n\n\n<p>Derzeit ist das Hauptkommunikationsmedium f\u00fcr die Mitwirkenden Slack, also lade dir eine Desktop-Version herunter oder verwende die <a href=\"https:\/\/wordpress.slack.com\">Web-Version<\/a> mit deinen WordPress.org-Anmeldedaten.<\/p>\n\n\n\n<p>Solltest du Fragen zum Contributor Day haben, wende dich bitte an <a href=\"https:\/\/switzerland.wordcamp.org\/2023\/de\/organisatoren\/\">einen der Organisatoren<\/a> oder verwende den Hashtag <a href=\"https:\/\/twitter.com\/search?q=%23wcch&amp;src=typed_query&amp;f=top\">#WCCH<\/a> auf Twitter.<\/p>\n\n\n\n<h2 class=\"wp-block-heading has-x-large-font-size\">Weitere M\u00f6glichkeiten, um mitzuwirken<\/h2>\n\n\n\n<ul class=\"wp-block-list\">\n<li><a href=\"https:\/\/make.wordpress.org\/docs\/\">Documentation<\/a>&nbsp;\u2013 Verbesserung des Codex, der Handb\u00fccher und anderer Online-Ressourcen f\u00fcr WordPress-Benutzer und -Entwickler.<\/li>\n\n\n\n<li><a href=\"https:\/\/make.wordpress.org\/support\/\">Support<\/a>&nbsp;\u2013 Verbreiten Sie etwas Freude, indem Sie WordPress-Benutzern in den Support-Foren helfen.<\/li>\n\n\n\n<li><a href=\"https:\/\/make.wordpress.org\/accessibility\/\">Accessibility<\/a>&nbsp;\u2013 WordPress Core und geb\u00fcndelte Themes f\u00fcr alle zug\u00e4nglich und nutzbar machen.<\/li>\n\n\n\n<li><a href=\"https:\/\/wordpress.org\/plugins\/glotpress\/\">GlotPress<\/a>&nbsp;\u2013 Zur Verbesserung des kollaborativen, webbasierten Software-\u00dcbersetzungsprogramms beitragen.<\/li>\n\n\n\n<li><a href=\"https:\/\/make.wordpress.org\/mobile\/\">Mobile<\/a>&nbsp;\u2013 Angesichts der t\u00e4glich wachsenden Zahl von Mobilger\u00e4ten sollten wir WordPress mobilfreundlicher gestalten.<\/li>\n\n\n\n<li><a href=\"https:\/\/make.wordpress.org\/meta\/\">Meta<\/a>&nbsp;\u2013 Den wichtigsten WordPress-Websites wie WordPress.org oder WordPress.tv helfen.<\/li>\n\n\n\n<li><a href=\"https:\/\/buddypress.org\/\">BuddyPress<\/a>&nbsp;&amp;&nbsp;<a href=\"https:\/\/bbpress.org\/\">bbPress<\/a>&nbsp;\u2013 Die Gruppe f\u00fcr den Aufbau der Gemeinschaft zu vergr\u00f6ssern, indem du jedes dieser Projekte unterst\u00fctzt.<\/li>\n\n\n\n<li><a href=\"https:\/\/es.wordpress.org\/plugins\/json-rest-api\/\">Rest API<\/a>&nbsp;\u2013 Werde Mitglied des Rest API-Teams und trage zur Zukunft von WordPress bei.<\/li>\n<\/ul>\n<\/div>\n\n\n\n<div class=\"wp-block-column is-layout-flow wp-block-column-is-layout-flow\" style=\"flex-basis:33.33%\">\n<figure class=\"wp-block-image size-large\"><img loading=\"lazy\" decoding=\"async\" width=\"1024\" height=\"681\" src=\"https:\/\/switzerland.wordcamp.org\/2023\/files\/2023\/01\/WCLSNE19-contrib-7vs-1721-1024x681.jpg\" alt=\"\" class=\"wp-image-1534\" srcset=\"https:\/\/switzerland.wordcamp.org\/2023\/files\/2023\/01\/WCLSNE19-contrib-7vs-1721-1024x681.jpg 1024w, https:\/\/switzerland.wordcamp.org\/2023\/files\/2023\/01\/WCLSNE19-contrib-7vs-1721-300x200.jpg 300w, https:\/\/switzerland.wordcamp.org\/2023\/files\/2023\/01\/WCLSNE19-contrib-7vs-1721-420x279.jpg 420w, https:\/\/switzerland.wordcamp.org\/2023\/files\/2023\/01\/WCLSNE19-contrib-7vs-1721-768x511.jpg 768w, https:\/\/switzerland.wordcamp.org\/2023\/files\/2023\/01\/WCLSNE19-contrib-7vs-1721-451x300.jpg 451w, https:\/\/switzerland.wordcamp.org\/2023\/files\/2023\/01\/WCLSNE19-contrib-7vs-1721-1536x1022.jpg 1536w, https:\/\/switzerland.wordcamp.org\/2023\/files\/2023\/01\/WCLSNE19-contrib-7vs-1721-2048x1363.jpg 2048w\" sizes=\"auto, (max-width: 1024px) 100vw, 1024px\" \/><\/figure>\n\n\n\n<figure class=\"wp-block-image size-large\"><img loading=\"lazy\" decoding=\"async\" width=\"1024\" height=\"681\" src=\"https:\/\/switzerland.wordcamp.org\/2023\/files\/2023\/01\/WCLSNE19-contrib-7vs-1710-1024x681.jpg\" alt=\"\" class=\"wp-image-1535\" srcset=\"https:\/\/switzerland.wordcamp.org\/2023\/files\/2023\/01\/WCLSNE19-contrib-7vs-1710-1024x681.jpg 1024w, https:\/\/switzerland.wordcamp.org\/2023\/files\/2023\/01\/WCLSNE19-contrib-7vs-1710-300x200.jpg 300w, https:\/\/switzerland.wordcamp.org\/2023\/files\/2023\/01\/WCLSNE19-contrib-7vs-1710-420x279.jpg 420w, https:\/\/switzerland.wordcamp.org\/2023\/files\/2023\/01\/WCLSNE19-contrib-7vs-1710-768x511.jpg 768w, https:\/\/switzerland.wordcamp.org\/2023\/files\/2023\/01\/WCLSNE19-contrib-7vs-1710-451x300.jpg 451w, https:\/\/switzerland.wordcamp.org\/2023\/files\/2023\/01\/WCLSNE19-contrib-7vs-1710-1536x1022.jpg 1536w, https:\/\/switzerland.wordcamp.org\/2023\/files\/2023\/01\/WCLSNE19-contrib-7vs-1710-2048x1363.jpg 2048w\" sizes=\"auto, (max-width: 1024px) 100vw, 1024px\" \/><\/figure>\n<\/div>\n<\/div>\n","protected":false},"excerpt":{"rendered":"<p>En fran\u00e7ais In English Die WordCamp Contributor Days bieten dir eine besondere Gelegenheit, einen Raum mit anderen Menschen zu teilen, die einen Beitrag zu WordPress leisten. WordPress betreibt mittlerweile mehr als 43% des World Wide Web und braucht unsere Hilfe. Wir ermutigen dich, am WordCamp Switzerland Contributor Day teilzunehmen: vor allem, wenn du noch nie [&hellip;]<\/p>\n","protected":false},"author":7586875,"featured_media":1533,"parent":253,"menu_order":0,"comment_status":"closed","ping_status":"closed","template":"wp-custom-template-german-page","meta":{"jetpack_post_was_ever_published":false,"footnotes":""},"class_list":["post-1315","page","type-page","status-publish","has-post-thumbnail","hentry"],"jetpack_sharing_enabled":true,"_links":{"self":[{"href":"https:\/\/switzerland.wordcamp.org\/2023\/wp-json\/wp\/v2\/pages\/1315","targetHints":{"allow":["GET"]}}],"collection":[{"href":"https:\/\/switzerland.wordcamp.org\/2023\/wp-json\/wp\/v2\/pages"}],"about":[{"href":"https:\/\/switzerland.wordcamp.org\/2023\/wp-json\/wp\/v2\/types\/page"}],"author":[{"embeddable":true,"href":"https:\/\/switzerland.wordcamp.org\/2023\/wp-json\/wp\/v2\/users\/7586875"}],"replies":[{"embeddable":true,"href":"https:\/\/switzerland.wordcamp.org\/2023\/wp-json\/wp\/v2\/comments?post=1315"}],"version-history":[{"count":25,"href":"https:\/\/switzerland.wordcamp.org\/2023\/wp-json\/wp\/v2\/pages\/1315\/revisions"}],"predecessor-version":[{"id":4450,"href":"https:\/\/switzerland.wordcamp.org\/2023\/wp-json\/wp\/v2\/pages\/1315\/revisions\/4450"}],"up":[{"embeddable":true,"href":"https:\/\/switzerland.wordcamp.org\/2023\/wp-json\/wp\/v2\/pages\/253"}],"wp:featuredmedia":[{"embeddable":true,"href":"https:\/\/switzerland.wordcamp.org\/2023\/wp-json\/wp\/v2\/media\/1533"}],"wp:attachment":[{"href":"https:\/\/switzerland.wordcamp.org\/2023\/wp-json\/wp\/v2\/media?parent=1315"}],"curies":[{"name":"wp","href":"https:\/\/api.w.org\/{rel}","templated":true}]}}