{"id":1491,"date":"2023-01-15T12:04:58","date_gmt":"2023-01-15T11:04:58","guid":{"rendered":"https:\/\/switzerland.wordcamp.org\/2023\/?page_id=1491"},"modified":"2023-02-24T14:17:14","modified_gmt":"2023-02-24T13:17:14","slug":"unterkunft","status":"publish","type":"page","link":"https:\/\/switzerland.wordcamp.org\/2023\/de\/unterkunft\/","title":{"rendered":"Unterkunft"},"content":{"rendered":"\n<div class=\"wp-block-group has-small-font-size is-content-justification-left is-nowrap is-layout-flex wp-container-core-group-is-layout-fc9f69e7 wp-block-group-is-layout-flex\">\n<p><a href=\"https:\/\/switzerland.wordcamp.org\/2023\/fr\/hebergement\/\" data-type=\"page\" data-id=\"1756\">En fran\u00e7ais<\/a><\/p>\n\n\n\n<p><a href=\"https:\/\/switzerland.wordcamp.org\/2023\/accommodation\/\" data-type=\"page\" data-id=\"1658\">In English<\/a><\/p>\n<\/div>\n\n\n\n<div class=\"wp-block-columns alignwide is-layout-flex wp-container-core-columns-is-layout-28f84493 wp-block-columns-is-layout-flex\">\n<div class=\"wp-block-column is-layout-flow wp-block-column-is-layout-flow\" style=\"flex-basis:66.66%\">\n<p>Schau dir unsere folgenden Empfehlungen f\u00fcr deinen Aufenthalt in Murten an.<\/p>\n\n\n\n<h2 class=\"wp-block-heading has-x-large-font-size\">\u00dcbernachten im Centre Loewenberg<\/h2>\n\n\n\n<p>Du hast die Option, direkt auf dem Gel\u00e4nde zu \u00fcbernachten, wo auch die Konferenz stattfindet. Es handelt sich jedoch <strong>nicht um ein Standardhotel mit Rezeption<\/strong>. Wenn f\u00fcr diese M\u00f6glichkeit f\u00fcr dich interessant klingt, beachte bitte unbedingt folgendes:<\/p>\n\n\n\n<ul class=\"wp-block-list\">\n<li>Es gibt zwei unterschiedliche <a href=\"https:\/\/company.sbb.ch\/de\/sbb-als-geschaeftspartner\/dienstleistungen\/centre-loewenberg\/hotelzimmer.html\">Zimmer-Typen<\/a>:\n<ul class=\"wp-block-list\">\n<li>Einzelzimmer f\u00fcr CHF 90.- pro Nacht<\/li>\n\n\n\n<li><s>Doppelzimmer f\u00fcr CHF 150.- pro Nacht (Preis f\u00fcr zwei Personen)<\/s> <strong>SOLD OUT<\/strong><\/li>\n<\/ul>\n<\/li>\n\n\n\n<li>Du musst bei deiner\/eurer Ankunft den Preis f\u00fcrs Zimmer vor Ort selbst bezahlen (Bar in Schweizer Franken oder per Debit- oder Kreditkarte m\u00f6glich).<\/li>\n\n\n\n<li>Du gehst mit dieser Zimmer-Reservation eine Verpflichtung ein. \n<ul class=\"wp-block-list\">\n<li>Eine Stornierung im Formular (\u00c4nderung der Auswahl im Formular auf dieser Website) ist nur bis sp\u00e4testens <strong>Donnerstag, 16. M\u00e4rz 2023 um 23:59 Uhr<\/strong> m\u00f6glich.<\/li>\n\n\n\n<li>Danach kann eine Stornogeb\u00fchr anfallen.<\/li>\n<\/ul>\n<\/li>\n<\/ul>\n\n\n\n<h2 class=\"wp-block-heading has-x-large-font-size\">Hotels in Murten<\/h2>\n\n\n\n<ul class=\"wp-block-list\">\n<li><a href=\"https:\/\/adler-murten.ch\/de\">Adler Boutique Hotel<\/a>*** ab CHF 120.- pro Nacht\n<ul class=\"wp-block-list\">\n<li>ohne Fr\u00fchst\u00fcck<\/li>\n\n\n\n<li>keine Parkpl\u00e4tze<\/li>\n<\/ul>\n<\/li>\n\n\n\n<li><a href=\"https:\/\/hotelmurten.ch\/home\/\">Hotel Murten<\/a>*** ab CHF 110.- pro Nacht\n<ul class=\"wp-block-list\">\n<li>inkl. Fr\u00fchst\u00fcck<\/li>\n\n\n\n<li>mit Parkplatz<\/li>\n<\/ul>\n<\/li>\n\n\n\n<li><a href=\"https:\/\/www.zimmerei-murten.ch\/\">Zimmerei Murten<\/a> ab CHF 215.- pro Nacht\n<ul class=\"wp-block-list\">\n<li>nur 4 Zimmer<\/li>\n\n\n\n<li>Regendusche<\/li>\n\n\n\n<li>mit Parkplatz und Fr\u00fchst\u00fcck<\/li>\n<\/ul>\n<\/li>\n<\/ul>\n<\/div>\n\n\n\n<div class=\"wp-block-column is-layout-flow wp-block-column-is-layout-flow\" style=\"flex-basis:33.33%\">\n<figure class=\"wp-block-image size-large\"><img loading=\"lazy\" decoding=\"async\" width=\"1024\" height=\"683\" src=\"https:\/\/switzerland.wordcamp.org\/2023\/files\/2022\/09\/Centre-Loewenberg-1024x683.jpg\" alt=\"Centre Loewenberg\" class=\"wp-image-293\" srcset=\"https:\/\/switzerland.wordcamp.org\/2023\/files\/2022\/09\/Centre-Loewenberg-1024x683.jpg 1024w, https:\/\/switzerland.wordcamp.org\/2023\/files\/2022\/09\/Centre-Loewenberg-300x200.jpg 300w, https:\/\/switzerland.wordcamp.org\/2023\/files\/2022\/09\/Centre-Loewenberg-768x512.jpg 768w, https:\/\/switzerland.wordcamp.org\/2023\/files\/2022\/09\/Centre-Loewenberg-450x300.jpg 450w, https:\/\/switzerland.wordcamp.org\/2023\/files\/2022\/09\/Centre-Loewenberg-1536x1024.jpg 1536w, https:\/\/switzerland.wordcamp.org\/2023\/files\/2022\/09\/Centre-Loewenberg-2048x1365.jpg 2048w\" sizes=\"auto, (max-width: 1024px) 100vw, 1024px\" \/><\/figure>\n\n\n\n<figure class=\"wp-block-image size-large\"><img loading=\"lazy\" decoding=\"async\" width=\"1024\" height=\"538\" src=\"https:\/\/switzerland.wordcamp.org\/2023\/files\/2023\/01\/Ref.ST192-1024x538.jpg\" alt=\"Murten and its lake\" class=\"wp-image-1667\" srcset=\"https:\/\/switzerland.wordcamp.org\/2023\/files\/2023\/01\/Ref.ST192-1024x538.jpg 1024w, https:\/\/switzerland.wordcamp.org\/2023\/files\/2023\/01\/Ref.ST192-300x158.jpg 300w, https:\/\/switzerland.wordcamp.org\/2023\/files\/2023\/01\/Ref.ST192-420x221.jpg 420w, https:\/\/switzerland.wordcamp.org\/2023\/files\/2023\/01\/Ref.ST192-768x403.jpg 768w, https:\/\/switzerland.wordcamp.org\/2023\/files\/2023\/01\/Ref.ST192-500x263.jpg 500w, https:\/\/switzerland.wordcamp.org\/2023\/files\/2023\/01\/Ref.ST192-1536x806.jpg 1536w, https:\/\/switzerland.wordcamp.org\/2023\/files\/2023\/01\/Ref.ST192.jpg 2000w\" sizes=\"auto, (max-width: 1024px) 100vw, 1024px\" \/><\/figure>\n<\/div>\n<\/div>\n","protected":false},"excerpt":{"rendered":"<p>En fran\u00e7ais In English Schau dir unsere folgenden Empfehlungen f\u00fcr deinen Aufenthalt in Murten an. \u00dcbernachten im Centre Loewenberg Du hast die Option, direkt auf dem Gel\u00e4nde zu \u00fcbernachten, wo auch die Konferenz stattfindet. Es handelt sich jedoch nicht um ein Standardhotel mit Rezeption. Wenn f\u00fcr diese M\u00f6glichkeit f\u00fcr dich interessant klingt, beachte bitte unbedingt [&hellip;]<\/p>\n","protected":false},"author":15777422,"featured_media":2664,"parent":253,"menu_order":0,"comment_status":"closed","ping_status":"closed","template":"wp-custom-template-german-page","meta":{"jetpack_post_was_ever_published":false,"footnotes":""},"class_list":["post-1491","page","type-page","status-publish","has-post-thumbnail","hentry"],"jetpack_sharing_enabled":true,"_links":{"self":[{"href":"https:\/\/switzerland.wordcamp.org\/2023\/wp-json\/wp\/v2\/pages\/1491","targetHints":{"allow":["GET"]}}],"collection":[{"href":"https:\/\/switzerland.wordcamp.org\/2023\/wp-json\/wp\/v2\/pages"}],"about":[{"href":"https:\/\/switzerland.wordcamp.org\/2023\/wp-json\/wp\/v2\/types\/page"}],"author":[{"embeddable":true,"href":"https:\/\/switzerland.wordcamp.org\/2023\/wp-json\/wp\/v2\/users\/15777422"}],"replies":[{"embeddable":true,"href":"https:\/\/switzerland.wordcamp.org\/2023\/wp-json\/wp\/v2\/comments?post=1491"}],"version-history":[{"count":18,"href":"https:\/\/switzerland.wordcamp.org\/2023\/wp-json\/wp\/v2\/pages\/1491\/revisions"}],"predecessor-version":[{"id":3863,"href":"https:\/\/switzerland.wordcamp.org\/2023\/wp-json\/wp\/v2\/pages\/1491\/revisions\/3863"}],"up":[{"embeddable":true,"href":"https:\/\/switzerland.wordcamp.org\/2023\/wp-json\/wp\/v2\/pages\/253"}],"wp:featuredmedia":[{"embeddable":true,"href":"https:\/\/switzerland.wordcamp.org\/2023\/wp-json\/wp\/v2\/media\/2664"}],"wp:attachment":[{"href":"https:\/\/switzerland.wordcamp.org\/2023\/wp-json\/wp\/v2\/media?parent=1491"}],"curies":[{"name":"wp","href":"https:\/\/api.w.org\/{rel}","templated":true}]}}