{"id":1647,"date":"2023-01-17T18:32:09","date_gmt":"2023-01-17T17:32:09","guid":{"rendered":"https:\/\/switzerland.wordcamp.org\/2023\/?page_id=1647"},"modified":"2023-02-08T10:25:36","modified_gmt":"2023-02-08T09:25:36","slug":"fur-deine-website","status":"publish","type":"page","link":"https:\/\/switzerland.wordcamp.org\/2023\/de\/fur-deine-website\/","title":{"rendered":"F\u00fcr deine Website"},"content":{"rendered":"\n<div class=\"wp-block-group has-small-font-size is-content-justification-left is-nowrap is-layout-flex wp-container-core-group-is-layout-fc9f69e7 wp-block-group-is-layout-flex\">\n<p><a href=\"https:\/\/switzerland.wordcamp.org\/2023\/for-your-website\/\" data-type=\"page\" data-id=\"1640\">In English<\/a><\/p>\n\n\n\n<p><a href=\"https:\/\/switzerland.wordcamp.org\/2023\/fr\/pour-ton-site\/\" data-type=\"page\" data-id=\"1763\">En fran\u00e7ais<\/a><\/p>\n<\/div>\n\n\n\n<p>Freust du dich auf das kommende WordCamp in Murten? Wir auch! Wenn du deine Begeisterung auf deiner eigenen Website teilen m\u00f6chtest, hat unser Designer diese Abzeichen f\u00fcr dich vorbereitet, die du auf deiner Website platzieren kannst. F\u00fchl dich frei, sie auf deinem Blog, deiner Website oder deinem Social-Media-Konto zu teilen, und vergiss nicht, auf <a href=\"https:\/\/switzerland.wordcamp.org\/2023\/\">https:\/\/switzerland.wordcamp.org\/2023\/<\/a> zu verlinken, damit jeder die Details zum Event finden kann!<\/p>\n\n\n\n<div style=\"height:2vw\" aria-hidden=\"true\" class=\"wp-block-spacer\"><\/div>\n\n\n\n<div class=\"wp-block-columns alignwide is-layout-flex wp-container-core-columns-is-layout-28f84493 wp-block-columns-is-layout-flex\">\n<div class=\"wp-block-column is-layout-flow wp-block-column-is-layout-flow\">\n<figure class=\"wp-block-image size-full\"><a href=\"https:\/\/switzerland.wordcamp.org\/2023\/files\/2023\/01\/sticker-attending-de.png\" target=\"_blank\" rel=\"noreferrer noopener\"><img loading=\"lazy\" decoding=\"async\" width=\"860\" height=\"860\" src=\"https:\/\/switzerland.wordcamp.org\/2023\/files\/2023\/01\/sticker-attending-de.png\" alt=\"Ich nehme Teil an WordCamp Schweiz\" class=\"wp-image-1627\" srcset=\"https:\/\/switzerland.wordcamp.org\/2023\/files\/2023\/01\/sticker-attending-de.png 860w, https:\/\/switzerland.wordcamp.org\/2023\/files\/2023\/01\/sticker-attending-de-300x300.png 300w, https:\/\/switzerland.wordcamp.org\/2023\/files\/2023\/01\/sticker-attending-de-320x320.png 320w, https:\/\/switzerland.wordcamp.org\/2023\/files\/2023\/01\/sticker-attending-de-768x768.png 768w\" sizes=\"auto, (max-width: 860px) 100vw, 860px\" \/><\/a><\/figure>\n<\/div>\n\n\n\n<div class=\"wp-block-column is-layout-flow wp-block-column-is-layout-flow\">\n<figure class=\"wp-block-image size-full\"><a href=\"https:\/\/switzerland.wordcamp.org\/2023\/files\/2023\/01\/sticker-organising-de.png\" target=\"_blank\" rel=\"noreferrer noopener\"><img loading=\"lazy\" decoding=\"async\" width=\"860\" height=\"860\" src=\"https:\/\/switzerland.wordcamp.org\/2023\/files\/2023\/01\/sticker-organising-de.png\" alt=\"Ich organisiere WordCamp Schweiz\" class=\"wp-image-1631\" srcset=\"https:\/\/switzerland.wordcamp.org\/2023\/files\/2023\/01\/sticker-organising-de.png 860w, https:\/\/switzerland.wordcamp.org\/2023\/files\/2023\/01\/sticker-organising-de-300x300.png 300w, https:\/\/switzerland.wordcamp.org\/2023\/files\/2023\/01\/sticker-organising-de-320x320.png 320w, https:\/\/switzerland.wordcamp.org\/2023\/files\/2023\/01\/sticker-organising-de-768x768.png 768w\" sizes=\"auto, (max-width: 860px) 100vw, 860px\" \/><\/a><\/figure>\n<\/div>\n\n\n\n<div class=\"wp-block-column is-layout-flow wp-block-column-is-layout-flow\">\n<figure class=\"wp-block-image size-full\"><a href=\"https:\/\/switzerland.wordcamp.org\/2023\/files\/2023\/02\/sticker-speaking-de-2.png\" target=\"_blank\" rel=\"noreferrer noopener\"><img loading=\"lazy\" decoding=\"async\" width=\"860\" height=\"860\" src=\"https:\/\/switzerland.wordcamp.org\/2023\/files\/2023\/02\/sticker-speaking-de-2.png\" alt=\"\" class=\"wp-image-2759\" srcset=\"https:\/\/switzerland.wordcamp.org\/2023\/files\/2023\/02\/sticker-speaking-de-2.png 860w, https:\/\/switzerland.wordcamp.org\/2023\/files\/2023\/02\/sticker-speaking-de-2-300x300.png 300w, https:\/\/switzerland.wordcamp.org\/2023\/files\/2023\/02\/sticker-speaking-de-2-320x320.png 320w, https:\/\/switzerland.wordcamp.org\/2023\/files\/2023\/02\/sticker-speaking-de-2-768x768.png 768w\" sizes=\"auto, (max-width: 860px) 100vw, 860px\" \/><\/a><\/figure>\n<\/div>\n<\/div>\n\n\n\n<div class=\"wp-block-columns alignwide is-layout-flex wp-container-core-columns-is-layout-28f84493 wp-block-columns-is-layout-flex\">\n<div class=\"wp-block-column is-layout-flow wp-block-column-is-layout-flow\">\n<figure class=\"wp-block-image size-full\"><a href=\"https:\/\/switzerland.wordcamp.org\/2023\/files\/2023\/01\/sticker-sponsoring-de.png\" target=\"_blank\" rel=\"noreferrer noopener\"><img loading=\"lazy\" decoding=\"async\" width=\"860\" height=\"860\" src=\"https:\/\/switzerland.wordcamp.org\/2023\/files\/2023\/01\/sticker-sponsoring-de.png\" alt=\"Wir sponsern WordCamp Schweiz\" class=\"wp-image-1636\" srcset=\"https:\/\/switzerland.wordcamp.org\/2023\/files\/2023\/01\/sticker-sponsoring-de.png 860w, https:\/\/switzerland.wordcamp.org\/2023\/files\/2023\/01\/sticker-sponsoring-de-300x300.png 300w, https:\/\/switzerland.wordcamp.org\/2023\/files\/2023\/01\/sticker-sponsoring-de-320x320.png 320w, https:\/\/switzerland.wordcamp.org\/2023\/files\/2023\/01\/sticker-sponsoring-de-768x768.png 768w\" sizes=\"auto, (max-width: 860px) 100vw, 860px\" \/><\/a><\/figure>\n<\/div>\n\n\n\n<div class=\"wp-block-column is-layout-flow wp-block-column-is-layout-flow\">\n<figure class=\"wp-block-image size-full\"><a href=\"https:\/\/switzerland.wordcamp.org\/2023\/files\/2023\/01\/sticker-volunteering-de.png\" target=\"_blank\" rel=\"noreferrer noopener\"><img loading=\"lazy\" decoding=\"async\" width=\"860\" height=\"860\" src=\"https:\/\/switzerland.wordcamp.org\/2023\/files\/2023\/01\/sticker-volunteering-de.png\" alt=\"Ich engagiere mich beim WordCamp Schweiz\" class=\"wp-image-1638\" srcset=\"https:\/\/switzerland.wordcamp.org\/2023\/files\/2023\/01\/sticker-volunteering-de.png 860w, https:\/\/switzerland.wordcamp.org\/2023\/files\/2023\/01\/sticker-volunteering-de-300x300.png 300w, https:\/\/switzerland.wordcamp.org\/2023\/files\/2023\/01\/sticker-volunteering-de-320x320.png 320w, https:\/\/switzerland.wordcamp.org\/2023\/files\/2023\/01\/sticker-volunteering-de-768x768.png 768w\" sizes=\"auto, (max-width: 860px) 100vw, 860px\" \/><\/a><\/figure>\n<\/div>\n\n\n\n<div class=\"wp-block-column is-layout-flow wp-block-column-is-layout-flow\"><\/div>\n<\/div>\n","protected":false},"excerpt":{"rendered":"<p>In English En fran\u00e7ais Freust du dich auf das kommende WordCamp in Murten? Wir auch! Wenn du deine Begeisterung auf deiner eigenen Website teilen m\u00f6chtest, hat unser Designer diese Abzeichen f\u00fcr dich vorbereitet, die du auf deiner Website platzieren kannst. F\u00fchl dich frei, sie auf deinem Blog, deiner Website oder deinem Social-Media-Konto zu teilen, und [&hellip;]<\/p>\n","protected":false},"author":5101522,"featured_media":154,"parent":253,"menu_order":0,"comment_status":"closed","ping_status":"closed","template":"wp-custom-template-german-page","meta":{"jetpack_post_was_ever_published":false,"footnotes":""},"class_list":["post-1647","page","type-page","status-publish","has-post-thumbnail","hentry"],"jetpack_sharing_enabled":true,"_links":{"self":[{"href":"https:\/\/switzerland.wordcamp.org\/2023\/wp-json\/wp\/v2\/pages\/1647","targetHints":{"allow":["GET"]}}],"collection":[{"href":"https:\/\/switzerland.wordcamp.org\/2023\/wp-json\/wp\/v2\/pages"}],"about":[{"href":"https:\/\/switzerland.wordcamp.org\/2023\/wp-json\/wp\/v2\/types\/page"}],"author":[{"embeddable":true,"href":"https:\/\/switzerland.wordcamp.org\/2023\/wp-json\/wp\/v2\/users\/5101522"}],"replies":[{"embeddable":true,"href":"https:\/\/switzerland.wordcamp.org\/2023\/wp-json\/wp\/v2\/comments?post=1647"}],"version-history":[{"count":7,"href":"https:\/\/switzerland.wordcamp.org\/2023\/wp-json\/wp\/v2\/pages\/1647\/revisions"}],"predecessor-version":[{"id":2760,"href":"https:\/\/switzerland.wordcamp.org\/2023\/wp-json\/wp\/v2\/pages\/1647\/revisions\/2760"}],"up":[{"embeddable":true,"href":"https:\/\/switzerland.wordcamp.org\/2023\/wp-json\/wp\/v2\/pages\/253"}],"wp:featuredmedia":[{"embeddable":true,"href":"https:\/\/switzerland.wordcamp.org\/2023\/wp-json\/wp\/v2\/media\/154"}],"wp:attachment":[{"href":"https:\/\/switzerland.wordcamp.org\/2023\/wp-json\/wp\/v2\/media?parent=1647"}],"curies":[{"name":"wp","href":"https:\/\/api.w.org\/{rel}","templated":true}]}}