{"id":1756,"date":"2023-01-17T21:35:23","date_gmt":"2023-01-17T20:35:23","guid":{"rendered":"https:\/\/switzerland.wordcamp.org\/2023\/?page_id=1756"},"modified":"2023-02-24T14:17:36","modified_gmt":"2023-02-24T13:17:36","slug":"hebergement","status":"publish","type":"page","link":"https:\/\/switzerland.wordcamp.org\/2023\/fr\/hebergement\/","title":{"rendered":"H\u00e9bergement"},"content":{"rendered":"\n<div class=\"wp-block-group has-small-font-size is-content-justification-left is-nowrap is-layout-flex wp-container-core-group-is-layout-fc9f69e7 wp-block-group-is-layout-flex\">\n<p><a href=\"https:\/\/switzerland.wordcamp.org\/2023\/accommodation\/\" data-type=\"page\" data-id=\"1658\">In English<\/a><\/p>\n\n\n\n<p><a href=\"https:\/\/switzerland.wordcamp.org\/2023\/de\/unterkunft\/\" data-type=\"page\" data-id=\"1658\">Auf Deutsch<\/a><\/p>\n<\/div>\n\n\n\n<div class=\"wp-block-columns alignwide is-layout-flex wp-container-core-columns-is-layout-28f84493 wp-block-columns-is-layout-flex\">\n<div class=\"wp-block-column is-layout-flow wp-block-column-is-layout-flow\" style=\"flex-basis:66.66%\">\n<p>Nos recommandations suivantes pour ton s\u00e9jour \u00e0 Morat.<\/p>\n\n\n\n<h2 class=\"wp-block-heading has-x-large-font-size\">Passer la nuit au Centre Loewenberg<\/h2>\n\n\n\n<p>Tu as la possibilit\u00e9 de passer la nuit sur le site o\u00f9 se d\u00e9roule \u00e9galement la conf\u00e9rence. Il ne s&#8217;agit toutefois <strong>pas d&#8217;un h\u00f4tel standard avec une r\u00e9ception<\/strong>. Si cette option te semble int\u00e9ressante, note ce qui suit :<\/p>\n\n\n\n<ul class=\"wp-block-list\">\n<li>Il existe <a href=\"https:\/\/company.sbb.ch\/fr\/les-cff-comme-partenaire-commercial\/services\/centre-loewenberg\/chambres-d-hotel.html\">deux types<\/a> de chambres diff\u00e9rentes :\n<ul class=\"wp-block-list\">\n<li>Chambre simple pour CHF 90 par nuit.<\/li>\n\n\n\n<li><s>Chambre double \u00e0 CHF 150 par nuit (prix pour deux personnes)<\/s> <strong>COMPLET<\/strong><\/li>\n<\/ul>\n<\/li>\n\n\n\n<li>Tu devras payer le prix de la chambre toi-m\u00eame \u00e0 ton arriv\u00e9e (en esp\u00e8ces en francs suisses ou par carte de d\u00e9bit ou de cr\u00e9dit).<\/li>\n\n\n\n<li>La r\u00e9servation se fait via notre formulaire d&#8217;<a href=\"https:\/\/switzerland.wordcamp.org\/2023\/fr\/billetterie\/\" data-type=\"page\" data-id=\"1809\">achat de billet<\/a>, merci de ne pas contacter le centre Loewenberg s\u00e9par\u00e9ment. Tu ne recevras pas de confirmation s\u00e9par\u00e9e pour la chambre, tu peux nous <a href=\"https:\/\/switzerland.wordcamp.org\/2023\/fr\/contact\/\" data-type=\"page\" data-id=\"661\">contacter<\/a> si tu as des questions.<\/li>\n\n\n\n<li>En indiquant une pr\u00e9f\u00e9rence lors de la r\u00e9servation d&#8217;une chambre, tu acceptes la responsabilit\u00e9 de la r\u00e9servation. L&#8217;annulation de ta r\u00e9servation en modifiant l&#8217;option dans le formulaire sur ce site web n&#8217;est possible que jusqu&#8217;au <strong>16 mars 2023 23:59<\/strong>. Apr\u00e8s cette date, des frais d&#8217;annulation peuvent s&#8217;appliquer.<\/li>\n<\/ul>\n\n\n\n<h2 class=\"wp-block-heading has-x-large-font-size\">H\u00f4tels \u00e0 Morat<\/h2>\n\n\n\n<ul class=\"wp-block-list\">\n<li><a href=\"https:\/\/adler-murten.ch\/de\">Adler Boutique Hotel<\/a>*** d\u00e8s CHF 120.- par nuit\n<ul class=\"wp-block-list\">\n<li>Sans petit-d\u00e9jeuner<\/li>\n\n\n\n<li>Pas de place de parking disponible<\/li>\n<\/ul>\n<\/li>\n\n\n\n<li><a href=\"https:\/\/hotelmurten.ch\/home\/\">Hotel Murten<\/a>*** d\u00e8s CHF 110.- par nuit\n<ul class=\"wp-block-list\">\n<li>Avec petit-d\u00e9jeuner<\/li>\n\n\n\n<li>Place de parking disponible<\/li>\n<\/ul>\n<\/li>\n\n\n\n<li><a href=\"https:\/\/www.zimmerei-murten.ch\/\">Zimmerei Murten<\/a> d\u00e8s CHF 215.- par nuit\n<ul class=\"wp-block-list\">\n<li>Seulement quatre chambres disponibles !<\/li>\n\n\n\n<li>Petit-d\u00e9jeuner et place de parking inclus<\/li>\n<\/ul>\n<\/li>\n<\/ul>\n<\/div>\n\n\n\n<div class=\"wp-block-column is-layout-flow wp-block-column-is-layout-flow\" style=\"flex-basis:33.33%\">\n<figure class=\"wp-block-image size-large\"><img loading=\"lazy\" decoding=\"async\" width=\"1024\" height=\"683\" src=\"https:\/\/switzerland.wordcamp.org\/2023\/files\/2022\/09\/Centre-Loewenberg-1024x683.jpg\" alt=\"Centre Loewenberg\" class=\"wp-image-293\" srcset=\"https:\/\/switzerland.wordcamp.org\/2023\/files\/2022\/09\/Centre-Loewenberg-1024x683.jpg 1024w, https:\/\/switzerland.wordcamp.org\/2023\/files\/2022\/09\/Centre-Loewenberg-300x200.jpg 300w, https:\/\/switzerland.wordcamp.org\/2023\/files\/2022\/09\/Centre-Loewenberg-768x512.jpg 768w, https:\/\/switzerland.wordcamp.org\/2023\/files\/2022\/09\/Centre-Loewenberg-450x300.jpg 450w, https:\/\/switzerland.wordcamp.org\/2023\/files\/2022\/09\/Centre-Loewenberg-1536x1024.jpg 1536w, https:\/\/switzerland.wordcamp.org\/2023\/files\/2022\/09\/Centre-Loewenberg-2048x1365.jpg 2048w\" sizes=\"auto, (max-width: 1024px) 100vw, 1024px\" \/><\/figure>\n\n\n\n<figure class=\"wp-block-image size-large\"><img loading=\"lazy\" decoding=\"async\" width=\"1024\" height=\"538\" src=\"https:\/\/switzerland.wordcamp.org\/2023\/files\/2023\/01\/Ref.ST192-1024x538.jpg\" alt=\"Murten and its lake\" class=\"wp-image-1667\" srcset=\"https:\/\/switzerland.wordcamp.org\/2023\/files\/2023\/01\/Ref.ST192-1024x538.jpg 1024w, https:\/\/switzerland.wordcamp.org\/2023\/files\/2023\/01\/Ref.ST192-300x158.jpg 300w, https:\/\/switzerland.wordcamp.org\/2023\/files\/2023\/01\/Ref.ST192-420x221.jpg 420w, https:\/\/switzerland.wordcamp.org\/2023\/files\/2023\/01\/Ref.ST192-768x403.jpg 768w, https:\/\/switzerland.wordcamp.org\/2023\/files\/2023\/01\/Ref.ST192-500x263.jpg 500w, https:\/\/switzerland.wordcamp.org\/2023\/files\/2023\/01\/Ref.ST192-1536x806.jpg 1536w, https:\/\/switzerland.wordcamp.org\/2023\/files\/2023\/01\/Ref.ST192.jpg 2000w\" sizes=\"auto, (max-width: 1024px) 100vw, 1024px\" \/><\/figure>\n<\/div>\n<\/div>\n","protected":false},"excerpt":{"rendered":"<p>In English Auf Deutsch Nos recommandations suivantes pour ton s\u00e9jour \u00e0 Morat. Passer la nuit au Centre Loewenberg Tu as la possibilit\u00e9 de passer la nuit sur le site o\u00f9 se d\u00e9roule \u00e9galement la conf\u00e9rence. Il ne s&#8217;agit toutefois pas d&#8217;un h\u00f4tel standard avec une r\u00e9ception. Si cette option te semble int\u00e9ressante, note ce qui [&hellip;]<\/p>\n","protected":false},"author":7586875,"featured_media":2664,"parent":267,"menu_order":0,"comment_status":"closed","ping_status":"closed","template":"wp-custom-template-french-page","meta":{"jetpack_post_was_ever_published":false,"footnotes":""},"class_list":["post-1756","page","type-page","status-publish","has-post-thumbnail","hentry"],"jetpack_sharing_enabled":true,"_links":{"self":[{"href":"https:\/\/switzerland.wordcamp.org\/2023\/wp-json\/wp\/v2\/pages\/1756","targetHints":{"allow":["GET"]}}],"collection":[{"href":"https:\/\/switzerland.wordcamp.org\/2023\/wp-json\/wp\/v2\/pages"}],"about":[{"href":"https:\/\/switzerland.wordcamp.org\/2023\/wp-json\/wp\/v2\/types\/page"}],"author":[{"embeddable":true,"href":"https:\/\/switzerland.wordcamp.org\/2023\/wp-json\/wp\/v2\/users\/7586875"}],"replies":[{"embeddable":true,"href":"https:\/\/switzerland.wordcamp.org\/2023\/wp-json\/wp\/v2\/comments?post=1756"}],"version-history":[{"count":11,"href":"https:\/\/switzerland.wordcamp.org\/2023\/wp-json\/wp\/v2\/pages\/1756\/revisions"}],"predecessor-version":[{"id":3864,"href":"https:\/\/switzerland.wordcamp.org\/2023\/wp-json\/wp\/v2\/pages\/1756\/revisions\/3864"}],"up":[{"embeddable":true,"href":"https:\/\/switzerland.wordcamp.org\/2023\/wp-json\/wp\/v2\/pages\/267"}],"wp:featuredmedia":[{"embeddable":true,"href":"https:\/\/switzerland.wordcamp.org\/2023\/wp-json\/wp\/v2\/media\/2664"}],"wp:attachment":[{"href":"https:\/\/switzerland.wordcamp.org\/2023\/wp-json\/wp\/v2\/media?parent=1756"}],"curies":[{"name":"wp","href":"https:\/\/api.w.org\/{rel}","templated":true}]}}