{"id":1763,"date":"2023-01-17T21:54:37","date_gmt":"2023-01-17T20:54:37","guid":{"rendered":"https:\/\/switzerland.wordcamp.org\/2023\/?page_id=1763"},"modified":"2023-01-20T11:27:38","modified_gmt":"2023-01-20T10:27:38","slug":"pour-ton-site","status":"publish","type":"page","link":"https:\/\/switzerland.wordcamp.org\/2023\/fr\/pour-ton-site\/","title":{"rendered":"Pour ton site"},"content":{"rendered":"\n<div class=\"wp-block-group has-small-font-size is-content-justification-left is-nowrap is-layout-flex wp-container-core-group-is-layout-fc9f69e7 wp-block-group-is-layout-flex\">\n<p><a href=\"https:\/\/switzerland.wordcamp.org\/2023\/for-your-website\/\" data-type=\"page\" data-id=\"1640\">In English<\/a><\/p>\n\n\n\n<p><a href=\"https:\/\/switzerland.wordcamp.org\/2023\/de\/fur-deine-website\/\" data-type=\"page\" data-id=\"1647\">Auf Deutsch<\/a><\/p>\n<\/div>\n\n\n\n<p>Tu attends avec impatience le prochain WordCamp \u00e0 Morat ? Nous aussi ! <\/p>\n\n\n\n<p>Tu souhaites partager ton enthousiasme ? Notre designer a pr\u00e9par\u00e9 ces badges que tu peux mettre sur ton site web. <\/p>\n\n\n\n<p>N&#8217;h\u00e9site pas \u00e0 les partager sur ton blog, site ou profils de r\u00e9seaux sociaux et n&#8217;oublie pas de faire un lien vers <a href=\"https:\/\/switzerland.wordcamp.org\/2023\/\">https:\/\/switzerland.wordcamp.org\/2023\/<\/a> afin que tout le monde puisse trouver les d\u00e9tails de l&#8217;\u00e9v\u00e9nement !<\/p>\n\n\n\n<div style=\"height:2vw\" aria-hidden=\"true\" class=\"wp-block-spacer\"><\/div>\n\n\n\n<div class=\"wp-block-columns alignwide is-layout-flex wp-container-core-columns-is-layout-28f84493 wp-block-columns-is-layout-flex\">\n<div class=\"wp-block-column is-layout-flow wp-block-column-is-layout-flow\">\n<figure class=\"wp-block-image size-full\"><a href=\"https:\/\/switzerland.wordcamp.org\/2023\/files\/2023\/01\/sticker-attending-fr.png\" target=\"_blank\" rel=\"noreferrer noopener\"><img loading=\"lazy\" decoding=\"async\" width=\"860\" height=\"860\" src=\"https:\/\/switzerland.wordcamp.org\/2023\/files\/2023\/01\/sticker-attending-fr.png\" alt=\"\" class=\"wp-image-1779\" srcset=\"https:\/\/switzerland.wordcamp.org\/2023\/files\/2023\/01\/sticker-attending-fr.png 860w, https:\/\/switzerland.wordcamp.org\/2023\/files\/2023\/01\/sticker-attending-fr-300x300.png 300w, https:\/\/switzerland.wordcamp.org\/2023\/files\/2023\/01\/sticker-attending-fr-320x320.png 320w, https:\/\/switzerland.wordcamp.org\/2023\/files\/2023\/01\/sticker-attending-fr-768x768.png 768w\" sizes=\"auto, (max-width: 860px) 100vw, 860px\" \/><\/a><\/figure>\n<\/div>\n\n\n\n<div class=\"wp-block-column is-layout-flow wp-block-column-is-layout-flow\">\n<figure class=\"wp-block-image size-full\"><a href=\"https:\/\/switzerland.wordcamp.org\/2023\/files\/2023\/01\/sticker-organizing-fr.png\" target=\"_blank\" rel=\"noreferrer noopener\"><img loading=\"lazy\" decoding=\"async\" width=\"860\" height=\"860\" src=\"https:\/\/switzerland.wordcamp.org\/2023\/files\/2023\/01\/sticker-organizing-fr.png\" alt=\"\" class=\"wp-image-1780\" srcset=\"https:\/\/switzerland.wordcamp.org\/2023\/files\/2023\/01\/sticker-organizing-fr.png 860w, https:\/\/switzerland.wordcamp.org\/2023\/files\/2023\/01\/sticker-organizing-fr-300x300.png 300w, https:\/\/switzerland.wordcamp.org\/2023\/files\/2023\/01\/sticker-organizing-fr-320x320.png 320w, https:\/\/switzerland.wordcamp.org\/2023\/files\/2023\/01\/sticker-organizing-fr-768x768.png 768w\" sizes=\"auto, (max-width: 860px) 100vw, 860px\" \/><\/a><\/figure>\n<\/div>\n\n\n\n<div class=\"wp-block-column is-layout-flow wp-block-column-is-layout-flow\">\n<figure class=\"wp-block-image size-full\"><a href=\"https:\/\/switzerland.wordcamp.org\/2023\/files\/2023\/01\/sticker-speaking-fr.png\" target=\"_blank\" rel=\"noreferrer noopener\"><img loading=\"lazy\" decoding=\"async\" width=\"860\" height=\"860\" src=\"https:\/\/switzerland.wordcamp.org\/2023\/files\/2023\/01\/sticker-speaking-fr.png\" alt=\"\" class=\"wp-image-1781\" srcset=\"https:\/\/switzerland.wordcamp.org\/2023\/files\/2023\/01\/sticker-speaking-fr.png 860w, https:\/\/switzerland.wordcamp.org\/2023\/files\/2023\/01\/sticker-speaking-fr-300x300.png 300w, https:\/\/switzerland.wordcamp.org\/2023\/files\/2023\/01\/sticker-speaking-fr-320x320.png 320w, https:\/\/switzerland.wordcamp.org\/2023\/files\/2023\/01\/sticker-speaking-fr-768x768.png 768w\" sizes=\"auto, (max-width: 860px) 100vw, 860px\" \/><\/a><\/figure>\n<\/div>\n<\/div>\n\n\n\n<div class=\"wp-block-columns alignwide is-layout-flex wp-container-core-columns-is-layout-28f84493 wp-block-columns-is-layout-flex\">\n<div class=\"wp-block-column is-layout-flow wp-block-column-is-layout-flow\">\n<figure class=\"wp-block-image size-full\"><a href=\"https:\/\/switzerland.wordcamp.org\/2023\/files\/2023\/01\/sticker-sponsoring-fr.png\" target=\"_blank\" rel=\"noreferrer noopener\"><img loading=\"lazy\" decoding=\"async\" width=\"860\" height=\"860\" src=\"https:\/\/switzerland.wordcamp.org\/2023\/files\/2023\/01\/sticker-sponsoring-fr.png\" alt=\"\" class=\"wp-image-1782\" srcset=\"https:\/\/switzerland.wordcamp.org\/2023\/files\/2023\/01\/sticker-sponsoring-fr.png 860w, https:\/\/switzerland.wordcamp.org\/2023\/files\/2023\/01\/sticker-sponsoring-fr-300x300.png 300w, https:\/\/switzerland.wordcamp.org\/2023\/files\/2023\/01\/sticker-sponsoring-fr-320x320.png 320w, https:\/\/switzerland.wordcamp.org\/2023\/files\/2023\/01\/sticker-sponsoring-fr-768x768.png 768w\" sizes=\"auto, (max-width: 860px) 100vw, 860px\" \/><\/a><\/figure>\n<\/div>\n\n\n\n<div class=\"wp-block-column is-layout-flow wp-block-column-is-layout-flow\">\n<figure class=\"wp-block-image size-full\"><a href=\"https:\/\/switzerland.wordcamp.org\/2023\/files\/2023\/01\/sticker-volunteering-fr.png\" target=\"_blank\" rel=\"noreferrer noopener\"><img loading=\"lazy\" decoding=\"async\" width=\"860\" height=\"860\" src=\"https:\/\/switzerland.wordcamp.org\/2023\/files\/2023\/01\/sticker-volunteering-fr.png\" alt=\"\" class=\"wp-image-1783\" srcset=\"https:\/\/switzerland.wordcamp.org\/2023\/files\/2023\/01\/sticker-volunteering-fr.png 860w, https:\/\/switzerland.wordcamp.org\/2023\/files\/2023\/01\/sticker-volunteering-fr-300x300.png 300w, https:\/\/switzerland.wordcamp.org\/2023\/files\/2023\/01\/sticker-volunteering-fr-320x320.png 320w, https:\/\/switzerland.wordcamp.org\/2023\/files\/2023\/01\/sticker-volunteering-fr-768x768.png 768w\" sizes=\"auto, (max-width: 860px) 100vw, 860px\" \/><\/a><\/figure>\n<\/div>\n\n\n\n<div class=\"wp-block-column is-layout-flow wp-block-column-is-layout-flow\"><\/div>\n<\/div>\n","protected":false},"excerpt":{"rendered":"<p>In English Auf Deutsch Tu attends avec impatience le prochain WordCamp \u00e0 Morat ? Nous aussi ! Tu souhaites partager ton enthousiasme ? Notre designer a pr\u00e9par\u00e9 ces badges que tu peux mettre sur ton site web. N&#8217;h\u00e9site pas \u00e0 les partager sur ton blog, site ou profils de r\u00e9seaux sociaux et n&#8217;oublie pas de [&hellip;]<\/p>\n","protected":false},"author":7586875,"featured_media":154,"parent":267,"menu_order":0,"comment_status":"closed","ping_status":"closed","template":"wp-custom-template-french-page","meta":{"jetpack_post_was_ever_published":false,"footnotes":""},"class_list":["post-1763","page","type-page","status-publish","has-post-thumbnail","hentry"],"jetpack_sharing_enabled":true,"_links":{"self":[{"href":"https:\/\/switzerland.wordcamp.org\/2023\/wp-json\/wp\/v2\/pages\/1763","targetHints":{"allow":["GET"]}}],"collection":[{"href":"https:\/\/switzerland.wordcamp.org\/2023\/wp-json\/wp\/v2\/pages"}],"about":[{"href":"https:\/\/switzerland.wordcamp.org\/2023\/wp-json\/wp\/v2\/types\/page"}],"author":[{"embeddable":true,"href":"https:\/\/switzerland.wordcamp.org\/2023\/wp-json\/wp\/v2\/users\/7586875"}],"replies":[{"embeddable":true,"href":"https:\/\/switzerland.wordcamp.org\/2023\/wp-json\/wp\/v2\/comments?post=1763"}],"version-history":[{"count":6,"href":"https:\/\/switzerland.wordcamp.org\/2023\/wp-json\/wp\/v2\/pages\/1763\/revisions"}],"predecessor-version":[{"id":1968,"href":"https:\/\/switzerland.wordcamp.org\/2023\/wp-json\/wp\/v2\/pages\/1763\/revisions\/1968"}],"up":[{"embeddable":true,"href":"https:\/\/switzerland.wordcamp.org\/2023\/wp-json\/wp\/v2\/pages\/267"}],"wp:featuredmedia":[{"embeddable":true,"href":"https:\/\/switzerland.wordcamp.org\/2023\/wp-json\/wp\/v2\/media\/154"}],"wp:attachment":[{"href":"https:\/\/switzerland.wordcamp.org\/2023\/wp-json\/wp\/v2\/media?parent=1763"}],"curies":[{"name":"wp","href":"https:\/\/api.w.org\/{rel}","templated":true}]}}