{"id":1823,"date":"2023-01-18T13:09:19","date_gmt":"2023-01-18T12:09:19","guid":{"rendered":"https:\/\/switzerland.wordcamp.org\/2023\/?page_id=1823"},"modified":"2023-03-30T12:02:22","modified_gmt":"2023-03-30T10:02:22","slug":"ticketverkauf","status":"publish","type":"page","link":"https:\/\/switzerland.wordcamp.org\/2023\/de\/ticketverkauf\/","title":{"rendered":"Ticketverkauf"},"content":{"rendered":"\n<div class=\"wp-block-group has-small-font-size is-content-justification-left is-nowrap is-layout-flex wp-container-core-group-is-layout-fc9f69e7 wp-block-group-is-layout-flex\">\n<p><a href=\"https:\/\/switzerland.wordcamp.org\/2023\/tickets\/\">In English<\/a><\/p>\n\n\n\n<p><a href=\"https:\/\/switzerland.wordcamp.org\/2023\/fr\/billetterie\/\" data-type=\"page\" data-id=\"1809\">En fran\u00e7ais<\/a><\/p>\n<\/div>\n\n\n\n<div class=\"wp-block-columns alignwide is-layout-flex wp-container-core-columns-is-layout-28f84493 wp-block-columns-is-layout-flex\">\n<div class=\"wp-block-column is-layout-flow wp-block-column-is-layout-flow\" style=\"flex-basis:66.66%\">\n<p>Tickets f\u00fcr das WordCamp Switzerland 2023 sind verf\u00fcgbar.<\/p>\n\n\n\n<p>Greife schnell zu, denn der <strong>Mittwoch, 22. M\u00e4rz 2023<\/strong>, ist der letzte Verkaufstag.<\/p>\n\n\n\n<p>Aus Sicherheitsgr\u00fcnden (z.B. im Falle eines Feuers) m\u00fcssen wir deinen Vor- und Nachnamen an das Loewenberg Center \u00fcbermitteln.<\/p>\n\n\n\n<p>Dein WordCamp Ticket beinhaltet den Zugang zur Konferenz mit vielen spannenden Speakern in zwei parallelen Tracks (auf Franz\u00f6sisch, Deutsch und Englisch) am Samstag, den 01. April 2023. <\/p>\n\n\n\n<p>Zus\u00e4tzlich hast du die M\u00f6glichkeit, dich <strong>separat<\/strong> f\u00fcr unseren <a href=\"https:\/\/switzerland.wordcamp.org\/2023\/contributor-day\/\">Contributor Day<\/a> anzumelden.<\/p>\n\n\n\n<p>Der Ticketpreis beinhaltet den Zugang zu allen Vortr\u00e4gen, Mittagessen, Kaffeepausen und zur <strong>After-Party<\/strong>. Auch enthalten sind ein <strong>T-Shirt<\/strong> (wenn du gerne eins haben m\u00f6chtest), Sticker und anderer toller Swag. Ab dem 27. Februar ist ein T-Shirt nicht mehr garantiert.<\/p>\n\n\n\n<p>Speaker, Sponsoren und Volunteers erhalten einen Coupon f\u00fcr ein kostenfreies Ticket.<\/p>\n\n\n\n<p>Der Kauf der Tickets erfolgt in Englisch.<\/p>\n\n\n\n<div class=\"wp-block-buttons is-layout-flex wp-block-buttons-is-layout-flex\">\n<div class=\"wp-block-button\"><a class=\"wp-block-button__link wp-element-button\" href=\"https:\/\/switzerland.wordcamp.org\/2023\/tickets\/\">Ticket kaufen<\/a><\/div>\n<\/div>\n\n\n\n<p class=\"has-vivid-red-color has-text-color\"><strong>Update vom 22. M\u00e4rz: Der Ticketverkauf ist jetzt geschlossen. Bitte <a href=\"https:\/\/switzerland.wordcamp.org\/2023\/de\/kontakt\/\" data-type=\"page\" data-id=\"667\">kontaktiere uns<\/a> bei Bedarf oder um eine \u00c4nderung an deinem Ticket zu beantragen.<\/strong><\/p>\n\n\n\n<p class=\"has-vivid-red-color has-text-color\"><strong>Update vom 24. M\u00e4rz: <strong>Center Loewenberg<\/strong> hat gerade zugestimmt, etwa&nbsp;zus\u00e4tzliche&nbsp;10 Tickets hinzuzuf\u00fcgen, aber wir k\u00f6nnen keine&nbsp;Reservierungen mehr f\u00fcr ein Hotelzimmer&nbsp;ber\u00fccksichtigen. Bitte antworte in diesem Feld mit &#8220;No&#8221;.<\/strong><\/p>\n\n\n\n<p class=\"has-vivid-red-color has-text-color\"><strong>Update vom 29. M\u00e4rz: Sold out<\/strong><\/p>\n<\/div>\n\n\n\n<div class=\"wp-block-column is-layout-flow wp-block-column-is-layout-flow\" style=\"flex-basis:33.33%\">\n<figure class=\"wp-block-image size-large\"><img loading=\"lazy\" decoding=\"async\" width=\"1024\" height=\"683\" src=\"https:\/\/switzerland.wordcamp.org\/2023\/files\/2022\/09\/Centre-Loewenberg-1024x683.jpg\" alt=\"Centre Loewenberg\" class=\"wp-image-293\" srcset=\"https:\/\/switzerland.wordcamp.org\/2023\/files\/2022\/09\/Centre-Loewenberg-1024x683.jpg 1024w, https:\/\/switzerland.wordcamp.org\/2023\/files\/2022\/09\/Centre-Loewenberg-300x200.jpg 300w, https:\/\/switzerland.wordcamp.org\/2023\/files\/2022\/09\/Centre-Loewenberg-768x512.jpg 768w, https:\/\/switzerland.wordcamp.org\/2023\/files\/2022\/09\/Centre-Loewenberg-450x300.jpg 450w, https:\/\/switzerland.wordcamp.org\/2023\/files\/2022\/09\/Centre-Loewenberg-1536x1024.jpg 1536w, https:\/\/switzerland.wordcamp.org\/2023\/files\/2022\/09\/Centre-Loewenberg-2048x1365.jpg 2048w\" sizes=\"auto, (max-width: 1024px) 100vw, 1024px\" \/><\/figure>\n\n\n\n<figure class=\"wp-block-image size-large\"><img loading=\"lazy\" decoding=\"async\" width=\"1024\" height=\"681\" src=\"https:\/\/switzerland.wordcamp.org\/2023\/files\/2023\/01\/WCZRH19-7img-9913-1024x681.jpg\" alt=\"\" class=\"wp-image-2071\" srcset=\"https:\/\/switzerland.wordcamp.org\/2023\/files\/2023\/01\/WCZRH19-7img-9913-1024x681.jpg 1024w, https:\/\/switzerland.wordcamp.org\/2023\/files\/2023\/01\/WCZRH19-7img-9913-300x200.jpg 300w, https:\/\/switzerland.wordcamp.org\/2023\/files\/2023\/01\/WCZRH19-7img-9913-420x279.jpg 420w, https:\/\/switzerland.wordcamp.org\/2023\/files\/2023\/01\/WCZRH19-7img-9913-768x511.jpg 768w, https:\/\/switzerland.wordcamp.org\/2023\/files\/2023\/01\/WCZRH19-7img-9913-451x300.jpg 451w, https:\/\/switzerland.wordcamp.org\/2023\/files\/2023\/01\/WCZRH19-7img-9913-1536x1022.jpg 1536w, https:\/\/switzerland.wordcamp.org\/2023\/files\/2023\/01\/WCZRH19-7img-9913.jpg 1772w\" sizes=\"auto, (max-width: 1024px) 100vw, 1024px\" \/><\/figure>\n<\/div>\n<\/div>\n","protected":false},"excerpt":{"rendered":"<p>In English En fran\u00e7ais Tickets f\u00fcr das WordCamp Switzerland 2023 sind verf\u00fcgbar. Greife schnell zu, denn der Mittwoch, 22. M\u00e4rz 2023, ist der letzte Verkaufstag. Aus Sicherheitsgr\u00fcnden (z.B. im Falle eines Feuers) m\u00fcssen wir deinen Vor- und Nachnamen an das Loewenberg Center \u00fcbermitteln. Dein WordCamp Ticket beinhaltet den Zugang zur Konferenz mit vielen spannenden Speakern [&hellip;]<\/p>\n","protected":false},"author":7586875,"featured_media":154,"parent":253,"menu_order":0,"comment_status":"closed","ping_status":"closed","template":"wp-custom-template-german-page","meta":{"jetpack_post_was_ever_published":false,"footnotes":""},"class_list":["post-1823","page","type-page","status-publish","has-post-thumbnail","hentry"],"jetpack_sharing_enabled":true,"_links":{"self":[{"href":"https:\/\/switzerland.wordcamp.org\/2023\/wp-json\/wp\/v2\/pages\/1823","targetHints":{"allow":["GET"]}}],"collection":[{"href":"https:\/\/switzerland.wordcamp.org\/2023\/wp-json\/wp\/v2\/pages"}],"about":[{"href":"https:\/\/switzerland.wordcamp.org\/2023\/wp-json\/wp\/v2\/types\/page"}],"author":[{"embeddable":true,"href":"https:\/\/switzerland.wordcamp.org\/2023\/wp-json\/wp\/v2\/users\/7586875"}],"replies":[{"embeddable":true,"href":"https:\/\/switzerland.wordcamp.org\/2023\/wp-json\/wp\/v2\/comments?post=1823"}],"version-history":[{"count":25,"href":"https:\/\/switzerland.wordcamp.org\/2023\/wp-json\/wp\/v2\/pages\/1823\/revisions"}],"predecessor-version":[{"id":4435,"href":"https:\/\/switzerland.wordcamp.org\/2023\/wp-json\/wp\/v2\/pages\/1823\/revisions\/4435"}],"up":[{"embeddable":true,"href":"https:\/\/switzerland.wordcamp.org\/2023\/wp-json\/wp\/v2\/pages\/253"}],"wp:featuredmedia":[{"embeddable":true,"href":"https:\/\/switzerland.wordcamp.org\/2023\/wp-json\/wp\/v2\/media\/154"}],"wp:attachment":[{"href":"https:\/\/switzerland.wordcamp.org\/2023\/wp-json\/wp\/v2\/media?parent=1823"}],"curies":[{"name":"wp","href":"https:\/\/api.w.org\/{rel}","templated":true}]}}