{"id":253,"date":"2022-09-22T18:58:28","date_gmt":"2022-09-22T16:58:28","guid":{"rendered":"https:\/\/switzerland.wordcamp.org\/2023\/?page_id=253"},"modified":"2023-02-09T23:36:22","modified_gmt":"2023-02-09T22:36:22","slug":"de","status":"publish","type":"page","link":"https:\/\/switzerland.wordcamp.org\/2023\/de\/","title":{"rendered":"WordCamp Schweiz 2023"},"content":{"rendered":"\n<div class=\"wp-block-group has-small-font-size is-content-justification-left is-nowrap is-layout-flex wp-container-core-group-is-layout-fc9f69e7 wp-block-group-is-layout-flex\">\n<p><a href=\"https:\/\/switzerland.wordcamp.org\/2023\/fr\/\">En fran\u00e7a<\/a><a href=\"\/fr\/\">is<\/a><\/p>\n\n\n\n<p><a href=\"https:\/\/switzerland.wordcamp.org\/2023\/\" data-type=\"page\">In English<\/a><\/p>\n<\/div>\n\n\n\n<div class=\"wp-block-group alignwide is-layout-flow wp-container-core-group-is-layout-47e5a185 wp-block-group-is-layout-flow\">\n<p>Das WordCamp Schweiz 2023 fand am 1. April statt am<\/p>\n\n\n\n<h2 class=\"wp-block-heading\">Centre Loewenberg, Murten<\/h2>\n<\/div>\n\n\n\n<div data-map-provider=\"mapbox\" data-api-key=\"pk.eyJ1IjoibWhtbGkiLCJhIjoiY2wzMzJ1Z3ViMDF5eDNpcTlkbnYzZ2w5dSJ9.ucmVWt6clP2oBEGLwZYtlw\" class=\"wp-block-jetpack-map alignwide is-style-default\" data-map-style=\"default\" data-map-details=\"true\" data-points=\"[{&quot;placeTitle&quot;:&quot;Centre L\u00f6wenberg&quot;,&quot;title&quot;:&quot;Centre L\u00f6wenberg&quot;,&quot;caption&quot;:&quot;Centre L\u00f6wenberg, Muntelier-L\u00f6wenberg, Murten, Fribourg 3280, Switzerland&quot;,&quot;id&quot;:&quot;poi.627065323194&quot;,&quot;coordinates&quot;:{&quot;longitude&quot;:7.136608,&quot;latitude&quot;:46.939005}}]\" data-zoom=\"9\" data-map-center=\"{&quot;lng&quot;:7.136608,&quot;lat&quot;:46.939005}\" data-marker-color=\"#cc8866\" data-map-height=\"400\" data-show-fullscreen-button=\"true\"><ul><li><a href=\"https:\/\/www.google.com\/maps\/search\/?api=1&amp;query=46.939005,7.136608\">Centre L\u00f6wenberg<\/a><\/li><\/ul><\/div>\n\n\n\n<div style=\"height:1vw\" aria-hidden=\"true\" class=\"wp-block-spacer\"><\/div>\n\n\n\n<div class=\"wp-block-columns alignwide are-vertically-aligned-center is-layout-flex wp-container-core-columns-is-layout-28f84493 wp-block-columns-is-layout-flex\">\n<div class=\"wp-block-column is-vertically-aligned-center is-layout-flow wp-block-column-is-layout-flow\" style=\"flex-basis:50%\">\n<h2 class=\"wp-block-heading has-x-large-font-size\">Was ist ein WordCamp?<\/h2>\n\n\n\n<p><a href=\"http:\/\/central.wordcamp.org\/\">WordCamps<\/a> sind nicht gewinnorientierte Veranstaltungen, die von Mitgliedern der Gemeinschaft auf freiwilliger Basis organisiert werden. Sie finden in der Regel j\u00e4hrlich statt und erm\u00f6glichen es Anwendern, Entwicklern, Designern und anderen Experten aus der ganzen Welt, sich zu treffen, Erfahrungen und Wissen auszutauschen und Kontakte zu kn\u00fcpfen. Wir freuen uns darauf, die Teilnehmer f\u00fcr die n\u00e4chste Schweizer Veranstaltung im Schweizer Seeland zu begr\u00fcssen.<\/p>\n<\/div>\n\n\n\n<div class=\"wp-block-column is-vertically-aligned-center is-layout-flow wp-block-column-is-layout-flow\" style=\"flex-basis:50%\">\n<figure class=\"wp-block-image size-large\"><img loading=\"lazy\" decoding=\"async\" width=\"1024\" height=\"576\" src=\"https:\/\/switzerland.wordcamp.org\/2023\/files\/2022\/11\/wordcamp-schweiz-1024x576.jpg\" alt=\"WordCamp Zurich in 2019\" class=\"wp-image-995\" srcset=\"https:\/\/switzerland.wordcamp.org\/2023\/files\/2022\/11\/wordcamp-schweiz-1024x576.jpg 1024w, https:\/\/switzerland.wordcamp.org\/2023\/files\/2022\/11\/wordcamp-schweiz-300x169.jpg 300w, https:\/\/switzerland.wordcamp.org\/2023\/files\/2022\/11\/wordcamp-schweiz-768x432.jpg 768w, https:\/\/switzerland.wordcamp.org\/2023\/files\/2022\/11\/wordcamp-schweiz-500x281.jpg 500w, https:\/\/switzerland.wordcamp.org\/2023\/files\/2022\/11\/wordcamp-schweiz-1536x864.jpg 1536w, https:\/\/switzerland.wordcamp.org\/2023\/files\/2022\/11\/wordcamp-schweiz-2048x1152.jpg 2048w\" sizes=\"auto, (max-width: 1024px) 100vw, 1024px\" \/><\/figure>\n<\/div>\n<\/div>\n\n\n\n<div style=\"height:1vw\" aria-hidden=\"true\" class=\"wp-block-spacer\"><\/div>\n\n\n\n<h2 class=\"wp-block-heading has-x-large-font-size\">Aktuelles<\/h2>\n\n\n\n<p>(Beitr\u00e4ge sind in Englisch, Deutsch und Franz\u00f6sisch \u00fcbersetzt.)<\/p>\n\n\n\n<main class=\"wp-block-query alignwide is-layout-constrained wp-block-query-is-layout-constrained\"><ul class=\"is-flex-container columns-3 alignwide wp-block-post-template is-layout-flow wp-block-post-template-is-layout-flow\"><li class=\"wp-block-post post-4473 post type-post status-publish format-standard has-post-thumbnail hentry category-announcements\">\n\n<div class=\"wp-block-group is-layout-constrained wp-block-group-is-layout-constrained\" style=\"margin-bottom:var(--wp--preset--spacing--70)\"><figure class=\"wp-block-post-featured-image\"><a href=\"https:\/\/switzerland.wordcamp.org\/2023\/news\/wordcamp-switzerland-2023-is-history\/\" target=\"_self\"  ><img loading=\"lazy\" decoding=\"async\" width=\"2560\" height=\"1600\" src=\"https:\/\/switzerland.wordcamp.org\/2023\/files\/2023\/04\/wordcamp-murten-wallpaper.jpg\" class=\"attachment-post-thumbnail size-post-thumbnail wp-post-image\" alt=\"WordCamp Switzerland 2023 is history\" style=\"object-fit:cover;\" srcset=\"https:\/\/switzerland.wordcamp.org\/2023\/files\/2023\/04\/wordcamp-murten-wallpaper.jpg 2560w, https:\/\/switzerland.wordcamp.org\/2023\/files\/2023\/04\/wordcamp-murten-wallpaper-300x188.jpg 300w, https:\/\/switzerland.wordcamp.org\/2023\/files\/2023\/04\/wordcamp-murten-wallpaper-1024x640.jpg 1024w, https:\/\/switzerland.wordcamp.org\/2023\/files\/2023\/04\/wordcamp-murten-wallpaper-420x263.jpg 420w, https:\/\/switzerland.wordcamp.org\/2023\/files\/2023\/04\/wordcamp-murten-wallpaper-768x480.jpg 768w, https:\/\/switzerland.wordcamp.org\/2023\/files\/2023\/04\/wordcamp-murten-wallpaper-480x300.jpg 480w, https:\/\/switzerland.wordcamp.org\/2023\/files\/2023\/04\/wordcamp-murten-wallpaper-1536x960.jpg 1536w, https:\/\/switzerland.wordcamp.org\/2023\/files\/2023\/04\/wordcamp-murten-wallpaper-2048x1280.jpg 2048w\" sizes=\"auto, (max-width: 2560px) 100vw, 2560px\" \/><\/a><\/figure>\n\n\n<div class=\"wp-block-group alignwide is-layout-flow wp-block-group-is-layout-flow\">\n<div class=\"wp-block-group alignwide is-layout-flow wp-container-core-group-is-layout-22223934 wp-block-group-is-layout-flow\"><div style=\"font-size:0.75rem;font-style:italic;font-weight:400;\" class=\"wp-block-post-date\"><time datetime=\"2023-04-04T07:32:52+02:00\">04.04.2023<\/time><\/div>\n\n<h2 style=\"text-decoration:underline;\" class=\"has-link-color alignwide wp-elements-aa561c0b4846d10dd5084269eaaac627 wp-block-post-title has-large-font-size\"><a href=\"https:\/\/switzerland.wordcamp.org\/2023\/news\/wordcamp-switzerland-2023-is-history\/\" target=\"_self\" >WordCamp Switzerland 2023 is history<\/a><\/h2><\/div>\n\n\n<div class=\"wp-block-post-excerpt has-small-font-size\"><p class=\"wp-block-post-excerpt__excerpt\">German and French below Dear WordCamp attendees, volunteers, speakers, and sponsors, Thank you all once again for your presence at the Centre Loewenberg, Murten\/Morat. It was great to see so many people gathered for a much-awaited WordCamp Switzerland! We hope you had a good time, heard interesting talks, met new (and old) friends and carried<\/p><p class=\"wp-block-post-excerpt__more-text\"><a class=\"wp-block-post-excerpt__more-link\" href=\"https:\/\/switzerland.wordcamp.org\/2023\/news\/wordcamp-switzerland-2023-is-history\/\">Read more<\/a><\/p><\/div><\/div>\n<\/div>\n\n<\/li><li class=\"wp-block-post post-4159 post type-post status-publish format-standard has-post-thumbnail hentry category-announcements category-sponsors tag-thank-you\">\n\n<div class=\"wp-block-group is-layout-constrained wp-block-group-is-layout-constrained\" style=\"margin-bottom:var(--wp--preset--spacing--70)\"><figure class=\"wp-block-post-featured-image\"><a href=\"https:\/\/switzerland.wordcamp.org\/2023\/news\/thank-you-bronze-sponsors\/\" target=\"_self\"  ><img loading=\"lazy\" decoding=\"async\" width=\"1920\" height=\"1080\" src=\"https:\/\/switzerland.wordcamp.org\/2023\/files\/2023\/03\/sponsors-bronze.png\" class=\"attachment-post-thumbnail size-post-thumbnail wp-post-image\" alt=\"Thank you Bronze Sponsors\" style=\"object-fit:cover;\" srcset=\"https:\/\/switzerland.wordcamp.org\/2023\/files\/2023\/03\/sponsors-bronze.png 1920w, https:\/\/switzerland.wordcamp.org\/2023\/files\/2023\/03\/sponsors-bronze-300x169.png 300w, https:\/\/switzerland.wordcamp.org\/2023\/files\/2023\/03\/sponsors-bronze-1024x576.png 1024w, https:\/\/switzerland.wordcamp.org\/2023\/files\/2023\/03\/sponsors-bronze-420x236.png 420w, https:\/\/switzerland.wordcamp.org\/2023\/files\/2023\/03\/sponsors-bronze-768x432.png 768w, https:\/\/switzerland.wordcamp.org\/2023\/files\/2023\/03\/sponsors-bronze-500x281.png 500w, https:\/\/switzerland.wordcamp.org\/2023\/files\/2023\/03\/sponsors-bronze-1536x864.png 1536w\" sizes=\"auto, (max-width: 1920px) 100vw, 1920px\" \/><\/a><\/figure>\n\n\n<div class=\"wp-block-group alignwide is-layout-flow wp-block-group-is-layout-flow\">\n<div class=\"wp-block-group alignwide is-layout-flow wp-container-core-group-is-layout-22223934 wp-block-group-is-layout-flow\"><div style=\"font-size:0.75rem;font-style:italic;font-weight:400;\" class=\"wp-block-post-date\"><time datetime=\"2023-03-14T09:23:11+01:00\">14.03.2023<\/time><\/div>\n\n<h2 style=\"text-decoration:underline;\" class=\"has-link-color alignwide wp-elements-aa561c0b4846d10dd5084269eaaac627 wp-block-post-title has-large-font-size\"><a href=\"https:\/\/switzerland.wordcamp.org\/2023\/news\/thank-you-bronze-sponsors\/\" target=\"_self\" >Thank you Bronze Sponsors<\/a><\/h2><\/div>\n\n\n<div class=\"wp-block-post-excerpt has-small-font-size\"><p class=\"wp-block-post-excerpt__excerpt\">\ud83e\udd49 Thank you \ud83e\udd49 Merci \ud83e\udd49 Danke AlpHosting, BuxumLunic, Metoki, Polylang, Themeisle, WooCommerce &amp; WPChef for being our Bronze Sponsors<\/p><p class=\"wp-block-post-excerpt__more-text\"><a class=\"wp-block-post-excerpt__more-link\" href=\"https:\/\/switzerland.wordcamp.org\/2023\/news\/thank-you-bronze-sponsors\/\">Read more<\/a><\/p><\/div><\/div>\n<\/div>\n\n<\/li><li class=\"wp-block-post post-4152 post type-post status-publish format-standard has-post-thumbnail hentry category-announcements category-sponsors tag-thank-you\">\n\n<div class=\"wp-block-group is-layout-constrained wp-block-group-is-layout-constrained\" style=\"margin-bottom:var(--wp--preset--spacing--70)\"><figure class=\"wp-block-post-featured-image\"><a href=\"https:\/\/switzerland.wordcamp.org\/2023\/news\/thank-you-silver-sponsors\/\" target=\"_self\"  ><img loading=\"lazy\" decoding=\"async\" width=\"1920\" height=\"1080\" src=\"https:\/\/switzerland.wordcamp.org\/2023\/files\/2023\/03\/sponsors-silver.png\" class=\"attachment-post-thumbnail size-post-thumbnail wp-post-image\" alt=\"Thank you Silver Sponsors\" style=\"object-fit:cover;\" srcset=\"https:\/\/switzerland.wordcamp.org\/2023\/files\/2023\/03\/sponsors-silver.png 1920w, https:\/\/switzerland.wordcamp.org\/2023\/files\/2023\/03\/sponsors-silver-300x169.png 300w, https:\/\/switzerland.wordcamp.org\/2023\/files\/2023\/03\/sponsors-silver-1024x576.png 1024w, https:\/\/switzerland.wordcamp.org\/2023\/files\/2023\/03\/sponsors-silver-420x236.png 420w, https:\/\/switzerland.wordcamp.org\/2023\/files\/2023\/03\/sponsors-silver-768x432.png 768w, https:\/\/switzerland.wordcamp.org\/2023\/files\/2023\/03\/sponsors-silver-500x281.png 500w, https:\/\/switzerland.wordcamp.org\/2023\/files\/2023\/03\/sponsors-silver-1536x864.png 1536w\" sizes=\"auto, (max-width: 1920px) 100vw, 1920px\" \/><\/a><\/figure>\n\n\n<div class=\"wp-block-group alignwide is-layout-flow wp-block-group-is-layout-flow\">\n<div class=\"wp-block-group alignwide is-layout-flow wp-container-core-group-is-layout-22223934 wp-block-group-is-layout-flow\"><div style=\"font-size:0.75rem;font-style:italic;font-weight:400;\" class=\"wp-block-post-date\"><time datetime=\"2023-03-13T15:16:16+01:00\">13.03.2023<\/time><\/div>\n\n<h2 style=\"text-decoration:underline;\" class=\"has-link-color alignwide wp-elements-aa561c0b4846d10dd5084269eaaac627 wp-block-post-title has-large-font-size\"><a href=\"https:\/\/switzerland.wordcamp.org\/2023\/news\/thank-you-silver-sponsors\/\" target=\"_self\" >Thank you Silver Sponsors<\/a><\/h2><\/div>\n\n\n<div class=\"wp-block-post-excerpt has-small-font-size\"><p class=\"wp-block-post-excerpt__excerpt\">\ud83e\udd48Thank you \ud83e\udd48Merci \ud83e\udd48 Danke Datenschutzpartner, Hostpoint, Say Hello, Webkinder, WhiteLabel Coders &amp; Yoast for being our Silver Sponsors<\/p><p class=\"wp-block-post-excerpt__more-text\"><a class=\"wp-block-post-excerpt__more-link\" href=\"https:\/\/switzerland.wordcamp.org\/2023\/news\/thank-you-silver-sponsors\/\">Read more<\/a><\/p><\/div><\/div>\n<\/div>\n\n<\/li><li class=\"wp-block-post post-4142 post type-post status-publish format-standard has-post-thumbnail hentry category-announcements category-sponsors tag-thank-you\">\n\n<div class=\"wp-block-group is-layout-constrained wp-block-group-is-layout-constrained\" style=\"margin-bottom:var(--wp--preset--spacing--70)\"><figure class=\"wp-block-post-featured-image\"><a href=\"https:\/\/switzerland.wordcamp.org\/2023\/news\/thank-you-weglot\/\" target=\"_self\"  ><img loading=\"lazy\" decoding=\"async\" width=\"1080\" height=\"1080\" src=\"https:\/\/switzerland.wordcamp.org\/2023\/files\/2023\/03\/gold-sponsor-weglot.png\" class=\"attachment-post-thumbnail size-post-thumbnail wp-post-image\" alt=\"Thank you Weglot\" style=\"object-fit:cover;\" srcset=\"https:\/\/switzerland.wordcamp.org\/2023\/files\/2023\/03\/gold-sponsor-weglot.png 1080w, https:\/\/switzerland.wordcamp.org\/2023\/files\/2023\/03\/gold-sponsor-weglot-300x300.png 300w, https:\/\/switzerland.wordcamp.org\/2023\/files\/2023\/03\/gold-sponsor-weglot-1024x1024.png 1024w, https:\/\/switzerland.wordcamp.org\/2023\/files\/2023\/03\/gold-sponsor-weglot-320x320.png 320w, https:\/\/switzerland.wordcamp.org\/2023\/files\/2023\/03\/gold-sponsor-weglot-768x768.png 768w\" sizes=\"auto, (max-width: 1080px) 100vw, 1080px\" \/><\/a><\/figure>\n\n\n<div class=\"wp-block-group alignwide is-layout-flow wp-block-group-is-layout-flow\">\n<div class=\"wp-block-group alignwide is-layout-flow wp-container-core-group-is-layout-22223934 wp-block-group-is-layout-flow\"><div style=\"font-size:0.75rem;font-style:italic;font-weight:400;\" class=\"wp-block-post-date\"><time datetime=\"2023-03-13T09:16:54+01:00\">13.03.2023<\/time><\/div>\n\n<h2 style=\"text-decoration:underline;\" class=\"has-link-color alignwide wp-elements-aa561c0b4846d10dd5084269eaaac627 wp-block-post-title has-large-font-size\"><a href=\"https:\/\/switzerland.wordcamp.org\/2023\/news\/thank-you-weglot\/\" target=\"_self\" >Thank you Weglot<\/a><\/h2><\/div>\n\n\n<div class=\"wp-block-post-excerpt has-small-font-size\"><p class=\"wp-block-post-excerpt__excerpt\">\ud83e\udd47 Thank you \ud83e\udd47 Merci \ud83e\udd47 Danke Weglot for being our Gold Sponsor<\/p><p class=\"wp-block-post-excerpt__more-text\"><a class=\"wp-block-post-excerpt__more-link\" href=\"https:\/\/switzerland.wordcamp.org\/2023\/news\/thank-you-weglot\/\">Read more<\/a><\/p><\/div><\/div>\n<\/div>\n\n<\/li><li class=\"wp-block-post post-4137 post type-post status-publish format-standard has-post-thumbnail hentry category-announcements category-sponsors tag-thank-you\">\n\n<div class=\"wp-block-group is-layout-constrained wp-block-group-is-layout-constrained\" style=\"margin-bottom:var(--wp--preset--spacing--70)\"><figure class=\"wp-block-post-featured-image\"><a href=\"https:\/\/switzerland.wordcamp.org\/2023\/news\/thank-you-required\/\" target=\"_self\"  ><img loading=\"lazy\" decoding=\"async\" width=\"1080\" height=\"1080\" src=\"https:\/\/switzerland.wordcamp.org\/2023\/files\/2023\/03\/gold-sponsor-required.png\" class=\"attachment-post-thumbnail size-post-thumbnail wp-post-image\" alt=\"Thank you required\" style=\"object-fit:cover;\" srcset=\"https:\/\/switzerland.wordcamp.org\/2023\/files\/2023\/03\/gold-sponsor-required.png 1080w, https:\/\/switzerland.wordcamp.org\/2023\/files\/2023\/03\/gold-sponsor-required-300x300.png 300w, https:\/\/switzerland.wordcamp.org\/2023\/files\/2023\/03\/gold-sponsor-required-1024x1024.png 1024w, https:\/\/switzerland.wordcamp.org\/2023\/files\/2023\/03\/gold-sponsor-required-320x320.png 320w, https:\/\/switzerland.wordcamp.org\/2023\/files\/2023\/03\/gold-sponsor-required-768x768.png 768w\" sizes=\"auto, (max-width: 1080px) 100vw, 1080px\" \/><\/a><\/figure>\n\n\n<div class=\"wp-block-group alignwide is-layout-flow wp-block-group-is-layout-flow\">\n<div class=\"wp-block-group alignwide is-layout-flow wp-container-core-group-is-layout-22223934 wp-block-group-is-layout-flow\"><div style=\"font-size:0.75rem;font-style:italic;font-weight:400;\" class=\"wp-block-post-date\"><time datetime=\"2023-03-10T17:28:25+01:00\">10.03.2023<\/time><\/div>\n\n<h2 style=\"text-decoration:underline;\" class=\"has-link-color alignwide wp-elements-aa561c0b4846d10dd5084269eaaac627 wp-block-post-title has-large-font-size\"><a href=\"https:\/\/switzerland.wordcamp.org\/2023\/news\/thank-you-required\/\" target=\"_self\" >Thank you required<\/a><\/h2><\/div>\n\n\n<div class=\"wp-block-post-excerpt has-small-font-size\"><p class=\"wp-block-post-excerpt__excerpt\">\ud83e\udd47 Thank you \ud83e\udd47 Merci \ud83e\udd47 Danke required for being our Gold Sponsor<\/p><p class=\"wp-block-post-excerpt__more-text\"><a class=\"wp-block-post-excerpt__more-link\" href=\"https:\/\/switzerland.wordcamp.org\/2023\/news\/thank-you-required\/\">Read more<\/a><\/p><\/div><\/div>\n<\/div>\n\n<\/li><li class=\"wp-block-post post-4132 post type-post status-publish format-standard has-post-thumbnail hentry category-announcements category-sponsors tag-thank-you\">\n\n<div class=\"wp-block-group is-layout-constrained wp-block-group-is-layout-constrained\" style=\"margin-bottom:var(--wp--preset--spacing--70)\"><figure class=\"wp-block-post-featured-image\"><a href=\"https:\/\/switzerland.wordcamp.org\/2023\/news\/thank-you-metanet\/\" target=\"_self\"  ><img loading=\"lazy\" decoding=\"async\" width=\"1080\" height=\"1080\" src=\"https:\/\/switzerland.wordcamp.org\/2023\/files\/2023\/03\/gold-sponsor-metanet.png\" class=\"attachment-post-thumbnail size-post-thumbnail wp-post-image\" alt=\"Thank you Metanet\" style=\"object-fit:cover;\" srcset=\"https:\/\/switzerland.wordcamp.org\/2023\/files\/2023\/03\/gold-sponsor-metanet.png 1080w, https:\/\/switzerland.wordcamp.org\/2023\/files\/2023\/03\/gold-sponsor-metanet-300x300.png 300w, https:\/\/switzerland.wordcamp.org\/2023\/files\/2023\/03\/gold-sponsor-metanet-1024x1024.png 1024w, https:\/\/switzerland.wordcamp.org\/2023\/files\/2023\/03\/gold-sponsor-metanet-320x320.png 320w, https:\/\/switzerland.wordcamp.org\/2023\/files\/2023\/03\/gold-sponsor-metanet-768x768.png 768w\" sizes=\"auto, (max-width: 1080px) 100vw, 1080px\" \/><\/a><\/figure>\n\n\n<div class=\"wp-block-group alignwide is-layout-flow wp-block-group-is-layout-flow\">\n<div class=\"wp-block-group alignwide is-layout-flow wp-container-core-group-is-layout-22223934 wp-block-group-is-layout-flow\"><div style=\"font-size:0.75rem;font-style:italic;font-weight:400;\" class=\"wp-block-post-date\"><time datetime=\"2023-03-10T08:08:29+01:00\">10.03.2023<\/time><\/div>\n\n<h2 style=\"text-decoration:underline;\" class=\"has-link-color alignwide wp-elements-aa561c0b4846d10dd5084269eaaac627 wp-block-post-title has-large-font-size\"><a href=\"https:\/\/switzerland.wordcamp.org\/2023\/news\/thank-you-metanet\/\" target=\"_self\" >Thank you Metanet<\/a><\/h2><\/div>\n\n\n<div class=\"wp-block-post-excerpt has-small-font-size\"><p class=\"wp-block-post-excerpt__excerpt\">\ud83e\udd47 Thank you \ud83e\udd47 Merci \ud83e\udd47 Danke Metanet for being our Gold Sponsor<\/p><p class=\"wp-block-post-excerpt__more-text\"><a class=\"wp-block-post-excerpt__more-link\" href=\"https:\/\/switzerland.wordcamp.org\/2023\/news\/thank-you-metanet\/\">Read more<\/a><\/p><\/div><\/div>\n<\/div>\n\n<\/li><\/ul>\n\n<nav class=\"alignwide wp-block-query-pagination has-medium-font-size is-content-justification-space-between is-layout-flex wp-container-core-query-pagination-is-layout-b2891da8 wp-block-query-pagination-is-layout-flex\" aria-label=\"Pagination\">\n\n\n<div class=\"wp-block-query-pagination-numbers\"><span aria-current=\"page\" class=\"page-numbers current\">1<\/span>\n<a class=\"page-numbers\" href=\"?query-0-page=2\">2<\/a>\n<a class=\"page-numbers\" href=\"?query-0-page=3\">3<\/a>\n<a class=\"page-numbers\" href=\"?query-0-page=4\">4<\/a><\/div>\n\n<a href=\"\/2023\/wp-json\/wp\/v2\/pages\/253?query-0-page=2\" class=\"wp-block-query-pagination-next has-medium-font-size\">Next Page<span class='wp-block-query-pagination-next-arrow is-arrow-arrow' aria-hidden='true'>\u2192<\/span><\/a>\n<\/nav><\/main>\n","protected":false},"excerpt":{"rendered":"<p>En fran\u00e7ais In English Was ist ein WordCamp? WordCamps sind nicht gewinnorientierte Veranstaltungen, die von Mitgliedern der Gemeinschaft auf freiwilliger Basis organisiert werden. Sie finden in der Regel j\u00e4hrlich statt und erm\u00f6glichen es Anwendern, Entwicklern, Designern und anderen Experten aus der ganzen Welt, sich zu treffen, Erfahrungen und Wissen auszutauschen und Kontakte zu kn\u00fcpfen. Wir [&hellip;]<\/p>\n","protected":false},"author":5101522,"featured_media":154,"parent":0,"menu_order":0,"comment_status":"closed","ping_status":"closed","template":"wp-custom-template-german-page","meta":{"jetpack_post_was_ever_published":false,"footnotes":""},"class_list":["post-253","page","type-page","status-publish","has-post-thumbnail","hentry"],"jetpack_sharing_enabled":true,"_links":{"self":[{"href":"https:\/\/switzerland.wordcamp.org\/2023\/wp-json\/wp\/v2\/pages\/253","targetHints":{"allow":["GET"]}}],"collection":[{"href":"https:\/\/switzerland.wordcamp.org\/2023\/wp-json\/wp\/v2\/pages"}],"about":[{"href":"https:\/\/switzerland.wordcamp.org\/2023\/wp-json\/wp\/v2\/types\/page"}],"author":[{"embeddable":true,"href":"https:\/\/switzerland.wordcamp.org\/2023\/wp-json\/wp\/v2\/users\/5101522"}],"replies":[{"embeddable":true,"href":"https:\/\/switzerland.wordcamp.org\/2023\/wp-json\/wp\/v2\/comments?post=253"}],"version-history":[{"count":18,"href":"https:\/\/switzerland.wordcamp.org\/2023\/wp-json\/wp\/v2\/pages\/253\/revisions"}],"predecessor-version":[{"id":2850,"href":"https:\/\/switzerland.wordcamp.org\/2023\/wp-json\/wp\/v2\/pages\/253\/revisions\/2850"}],"wp:featuredmedia":[{"embeddable":true,"href":"https:\/\/switzerland.wordcamp.org\/2023\/wp-json\/wp\/v2\/media\/154"}],"wp:attachment":[{"href":"https:\/\/switzerland.wordcamp.org\/2023\/wp-json\/wp\/v2\/media?parent=253"}],"curies":[{"name":"wp","href":"https:\/\/api.w.org\/{rel}","templated":true}]}}