{"id":2999,"date":"2023-02-12T21:34:33","date_gmt":"2023-02-12T20:34:33","guid":{"rendered":"https:\/\/switzerland.wordcamp.org\/2023\/?page_id=2999"},"modified":"2023-02-23T18:48:54","modified_gmt":"2023-02-23T17:48:54","slug":"horaires-et-after-party","status":"publish","type":"page","link":"https:\/\/switzerland.wordcamp.org\/2023\/fr\/horaires-et-after-party\/","title":{"rendered":"Horaires et After-party"},"content":{"rendered":"\n<div class=\"wp-block-group has-small-font-size is-content-justification-left is-nowrap is-layout-flex wp-container-core-group-is-layout-fc9f69e7 wp-block-group-is-layout-flex\">\n<p><a href=\"https:\/\/switzerland.wordcamp.org\/2023\/de\/zeitplan-und-afterparty\" data-type=\"page\" data-id=\"650\">Auf Deutsch<\/a><\/p>\n\n\n\n<p><a href=\"https:\/\/switzerland.wordcamp.org\/2023\/schedule-and-after-party\" data-type=\"page\" data-id=\"299\">In English<\/a><\/p>\n<\/div>\n\n\n\n<div class=\"wp-block-columns alignwide is-layout-flex wp-container-core-columns-is-layout-28f84493 wp-block-columns-is-layout-flex\">\n<div class=\"wp-block-column is-layout-flow wp-block-column-is-layout-flow\" style=\"flex-basis:66.66%\">\n<p>Voici r\u00e9unies les informations concernant les horaires du WordCamp, afin que tu puisses t\u2019organiser pour les transports et d\u00e9cider si tu as besoin de r\u00e9server une chambre d\u2019h\u00f4tel au Centre L\u00f6wenberg. Attention, le nombre de chambres est limit\u00e9 !<\/p>\n\n\n\n<h2 class=\"wp-block-heading has-large-font-size\">Programme complet<\/h2>\n\n\n\n<p>Le <a href=\"https:\/\/switzerland.wordcamp.org\/2023\/fr\/programme\/\" data-type=\"page\" data-id=\"3528\">programme est publi\u00e9<\/a>. Voici les orateurs et oratrices qui te feront passer une journ\u00e9e incroyable.  <\/p>\n\n\n\n<h2 class=\"wp-block-heading has-large-font-size\">Horaires<\/h2>\n\n\n\n<p>Nous ouvrirons les portes \u00e0 9h et les conf\u00e9rences d\u00e9buteront \u00e0 9h45. Le programme de la journ\u00e9e se terminera vers 18h30 afin de laisser suffisamment de temps pour profiter de l&#8217;after-party qui d\u00e9butera peu apr\u00e8s, vers 19h. <\/p>\n\n\n\n<h2 class=\"wp-block-heading has-large-font-size\">Lieu et acc\u00e8s<\/h2>\n\n\n\n<p>Tu auras donc suffisamment de temps pour profiter de la soir\u00e9e, m\u00eame si tu veux rentrer chez toi le soir m\u00eame. Si tu voyages en transports publics, sache que les trains partent de la gare attenante de Murten-L\u00f6wenberg jusque tr\u00e8s tard dans la soir\u00e9e.<\/p>\n\n\n\n<p>Pour plus d&#8217;informations sur l&#8217;acc\u00e8s au lieu de l&#8217;\u00e9v\u00e9nement et des liens aux horaires de trains, consulte la page &#8220;<a href=\"https:\/\/switzerland.wordcamp.org\/2023\/fr\/lieu-et-acces\/\">Lieu et Acc\u00e8s<\/a>&#8220;.<\/p>\n\n\n\n<h2 class=\"wp-block-heading has-large-font-size\">D\u00eener \/ after-party<\/h2>\n\n\n\n<p>La soir\u00e9e du samedi se d\u00e9roulera sur le m\u00eame site que les conf\u00e9rences du WordCamp. Un repas convivial sera servi \u00e0 toutes les personnes qui auront exprim\u00e9 leur souhait de participer \u00e0 l&#8217;after-party lors de l&#8217;achat de leur billet.<\/p>\n\n\n\n<h2 class=\"wp-block-heading has-large-font-size\">H\u00e9bergement et after-party<\/h2>\n\n\n\n<p>Lors de l\u2019<a href=\"https:\/\/switzerland.wordcamp.org\/2023\/fr\/billetterie\/\">achat du billet<\/a>, tu peux sp\u00e9cifier si tu souhaites participer ou non \u00e0 l\u2019after-party. Tu peux aussi indiquer si tu souhaites b\u00e9n\u00e9ficier d\u2019une chambre d\u2019h\u00f4tel pour la nuit du samedi au dimanche (voir la page \u201c<a href=\"https:\/\/switzerland.wordcamp.org\/2023\/fr\/hebergement\/\">h\u00e9bergement<\/a>\u201d pour plus d\u2019info).<\/p>\n\n\n\n<p>Tu peux aussi r\u00e9server la nuit du vendredi au samedi si tu veux d\u00e9j\u00e0 \u00eatre sur place ou si tu participes au repas des orateur.trice.s (sponsors et \u00e9quipe inclus) et\/ou \u00e0 la <a href=\"https:\/\/switzerland.wordcamp.org\/2023\/fr\/journee-de-contribution\/\">journ\u00e9e de contribution<\/a> le vendredi.<\/p>\n\n\n\n<h2 class=\"wp-block-heading has-large-font-size\">Modification du billet et des pr\u00e9f\u00e9rences<\/h2>\n\n\n\n<p>Si tu as d\u00e9j\u00e0 pris ton billet, tu peux modifier les informations du billet ou tes pr\u00e9f\u00e9rences jusqu\u2019au <strong>17 mars<\/strong> en cliquant sur le lien de modification dans l&#8217;email que tu as re\u00e7u lors de l&#8217;achat de ton billet.\u00a0<\/p>\n\n\n\n<p>Nous sommes impatient-e-s de te voir au WordCamp Suisse 2023 !<\/p>\n<\/div>\n\n\n\n<div class=\"wp-block-column is-layout-flow wp-block-column-is-layout-flow\" style=\"flex-basis:33.33%\">\n<figure class=\"wp-block-image size-large\"><img loading=\"lazy\" decoding=\"async\" width=\"1024\" height=\"576\" src=\"https:\/\/switzerland.wordcamp.org\/2023\/files\/2023\/02\/after-party-WCCH-1024x576.jpg\" alt=\"\" class=\"wp-image-3054\" srcset=\"https:\/\/switzerland.wordcamp.org\/2023\/files\/2023\/02\/after-party-WCCH-1024x576.jpg 1024w, https:\/\/switzerland.wordcamp.org\/2023\/files\/2023\/02\/after-party-WCCH-300x169.jpg 300w, https:\/\/switzerland.wordcamp.org\/2023\/files\/2023\/02\/after-party-WCCH-420x236.jpg 420w, https:\/\/switzerland.wordcamp.org\/2023\/files\/2023\/02\/after-party-WCCH-768x432.jpg 768w, https:\/\/switzerland.wordcamp.org\/2023\/files\/2023\/02\/after-party-WCCH-500x281.jpg 500w, https:\/\/switzerland.wordcamp.org\/2023\/files\/2023\/02\/after-party-WCCH-1536x864.jpg 1536w, https:\/\/switzerland.wordcamp.org\/2023\/files\/2023\/02\/after-party-WCCH.jpg 1600w\" sizes=\"auto, (max-width: 1024px) 100vw, 1024px\" \/><\/figure>\n\n\n\n<figure class=\"wp-block-image size-large\"><img loading=\"lazy\" decoding=\"async\" width=\"1024\" height=\"576\" src=\"https:\/\/switzerland.wordcamp.org\/2023\/files\/2023\/02\/20230213_120643-1024x576.jpg\" alt=\"\" class=\"wp-image-3045\" srcset=\"https:\/\/switzerland.wordcamp.org\/2023\/files\/2023\/02\/20230213_120643-1024x576.jpg 1024w, https:\/\/switzerland.wordcamp.org\/2023\/files\/2023\/02\/20230213_120643-300x169.jpg 300w, https:\/\/switzerland.wordcamp.org\/2023\/files\/2023\/02\/20230213_120643-420x236.jpg 420w, https:\/\/switzerland.wordcamp.org\/2023\/files\/2023\/02\/20230213_120643-768x432.jpg 768w, https:\/\/switzerland.wordcamp.org\/2023\/files\/2023\/02\/20230213_120643-500x281.jpg 500w, https:\/\/switzerland.wordcamp.org\/2023\/files\/2023\/02\/20230213_120643-1536x864.jpg 1536w, https:\/\/switzerland.wordcamp.org\/2023\/files\/2023\/02\/20230213_120643.jpg 1600w\" sizes=\"auto, (max-width: 1024px) 100vw, 1024px\" \/><\/figure>\n<\/div>\n<\/div>\n","protected":false},"excerpt":{"rendered":"<p>Auf Deutsch In English Voici r\u00e9unies les informations concernant les horaires du WordCamp, afin que tu puisses t\u2019organiser pour les transports et d\u00e9cider si tu as besoin de r\u00e9server une chambre d\u2019h\u00f4tel au Centre L\u00f6wenberg. Attention, le nombre de chambres est limit\u00e9 ! Programme complet Le programme est publi\u00e9. Voici les orateurs et oratrices qui [&hellip;]<\/p>\n","protected":false},"author":7586875,"featured_media":3054,"parent":267,"menu_order":0,"comment_status":"closed","ping_status":"closed","template":"wp-custom-template-french-page","meta":{"jetpack_post_was_ever_published":false,"footnotes":""},"class_list":["post-2999","page","type-page","status-publish","has-post-thumbnail","hentry"],"jetpack_sharing_enabled":true,"_links":{"self":[{"href":"https:\/\/switzerland.wordcamp.org\/2023\/wp-json\/wp\/v2\/pages\/2999","targetHints":{"allow":["GET"]}}],"collection":[{"href":"https:\/\/switzerland.wordcamp.org\/2023\/wp-json\/wp\/v2\/pages"}],"about":[{"href":"https:\/\/switzerland.wordcamp.org\/2023\/wp-json\/wp\/v2\/types\/page"}],"author":[{"embeddable":true,"href":"https:\/\/switzerland.wordcamp.org\/2023\/wp-json\/wp\/v2\/users\/7586875"}],"replies":[{"embeddable":true,"href":"https:\/\/switzerland.wordcamp.org\/2023\/wp-json\/wp\/v2\/comments?post=2999"}],"version-history":[{"count":12,"href":"https:\/\/switzerland.wordcamp.org\/2023\/wp-json\/wp\/v2\/pages\/2999\/revisions"}],"predecessor-version":[{"id":3837,"href":"https:\/\/switzerland.wordcamp.org\/2023\/wp-json\/wp\/v2\/pages\/2999\/revisions\/3837"}],"up":[{"embeddable":true,"href":"https:\/\/switzerland.wordcamp.org\/2023\/wp-json\/wp\/v2\/pages\/267"}],"wp:featuredmedia":[{"embeddable":true,"href":"https:\/\/switzerland.wordcamp.org\/2023\/wp-json\/wp\/v2\/media\/3054"}],"wp:attachment":[{"href":"https:\/\/switzerland.wordcamp.org\/2023\/wp-json\/wp\/v2\/media?parent=2999"}],"curies":[{"name":"wp","href":"https:\/\/api.w.org\/{rel}","templated":true}]}}