{"id":3005,"date":"2023-02-14T12:29:33","date_gmt":"2023-02-14T11:29:33","guid":{"rendered":"https:\/\/switzerland.wordcamp.org\/2023\/?page_id=3005"},"modified":"2023-02-23T18:46:08","modified_gmt":"2023-02-23T17:46:08","slug":"zeitplan-und-afterparty","status":"publish","type":"page","link":"https:\/\/switzerland.wordcamp.org\/2023\/de\/zeitplan-und-afterparty\/","title":{"rendered":"Zeitplan und Afterparty"},"content":{"rendered":"\n<div class=\"wp-block-group has-small-font-size is-content-justification-left is-nowrap is-layout-flex wp-container-core-group-is-layout-fc9f69e7 wp-block-group-is-layout-flex\">\n<p><a href=\"https:\/\/switzerland.wordcamp.org\/2023\/schedule-and-after-party\" data-type=\"page\" data-id=\"650\">In English<\/a><\/p>\n\n\n\n<p><a href=\"https:\/\/switzerland.wordcamp.org\/2023\/fr\/horaires-et-after-party\" data-type=\"page\" data-id=\"299\">En fran\u00e7ais<\/a><\/p>\n<\/div>\n\n\n\n<div class=\"wp-block-columns alignwide is-layout-flex wp-container-core-columns-is-layout-28f84493 wp-block-columns-is-layout-flex\">\n<div class=\"wp-block-column is-layout-flow wp-block-column-is-layout-flow\" style=\"flex-basis:66.66%\">\n<p>Folgend findest du einige Informationen zum WordCamp-Zeitplan, damit du deine Anreise organisieren kannst. Zudem kannst du hiermit entscheiden, ob du ein Hotelzimmer im Centre Loewenberg buchen m\u00f6chtest. Bitte beachte, dass die Anzahl der Zimmer begrenzt ist. Fr\u00fch buchen lohnt sich.<\/p>\n\n\n\n<h2 class=\"wp-block-heading\">Tagesprogramm<\/h2>\n\n\n\n<p>Die <a href=\"https:\/\/switzerland.wordcamp.org\/2023\/de\/agenda\/\" data-type=\"page\" data-id=\"3529\">Agenda ist ver\u00f6ffentlicht<\/a>. Hier sind die ausgew\u00e4hlten Referenten, die daf\u00fcr sorgen werden, dass du einen unglaublichen Tag in Murten verbringst.<\/p>\n\n\n\n<p>Wir \u00f6ffnen die T\u00fcren um 9:00 Uhr und die Vortr\u00e4ge beginnen um 9:45 Uhr. Das Tagesprogramm endet gegen 18.30 Uhr, um Zeit f\u00fcr die After-Party zu haben, die kurz darauf gegen 19.00 Uhr beginnt. Der Abend findet am selben Ort statt. <\/p>\n\n\n\n<p>F\u00fcr all diejenigen, die beim Kauf ihres Tickets angegeben haben, dass sie an der After-Party teilnehmen m\u00f6chten, wird ein geselliges Essen serviert.<\/p>\n\n\n\n<h2 class=\"wp-block-heading\">An- und R\u00fcckreise<\/h2>\n\n\n\n<p>Nimmst du an den After-Part teil, bleibt es gen\u00fcgend Zeit, um den Abend zu geniessen, selbst wenn du noch am selben Abend nach Hause fahren m\u00f6chtest. <\/p>\n\n\n\n<p>Weitere Informationen \u00fcber die Anreise zum Veranstaltungsort und Links zu den Zugfahrpl\u00e4nen findest du <a href=\"https:\/\/switzerland.wordcamp.org\/2023\/de\/anreise-und-ort\/\">Anreise und Ort<\/a>.<\/p>\n\n\n\n<h2 class=\"wp-block-heading\">Abendessen \/ After-Party<\/h2>\n\n\n\n<p>Beim <a href=\"https:\/\/switzerland.wordcamp.org\/2023\/tickets\/\">Kauf des Tickets<\/a> kannst du angeben, ob du an der After-Party teilnehmen m\u00f6chtest oder nicht. Du kannst auch angeben, ob du ein Hotelzimmer f\u00fcr die Nacht von Samstag auf Sonntag buchen m\u00f6chtest (weitere Informationen unter <a href=\"https:\/\/switzerland.wordcamp.org\/2023\/de\/unterkunft\/\">Unterkunft<\/a>). <\/p>\n\n\n\n<h2 class=\"wp-block-heading\">\u00dcbernachten vor Ort<\/h2>\n\n\n\n<p>Du kannst aber auch die Nacht von Freitag auf Samstag buchen, falls du bereits vor Ort sein m\u00f6chtest oder du am Speaker Dinner (mit Sponsoren und Team) und\/oder am <a href=\"https:\/\/switzerland.wordcamp.org\/2023\/de\/contributor-day\/\">Contributor Day<\/a> am Freitag teilnimmst.<\/p>\n\n\n\n<h2 class=\"wp-block-heading\">Deine Information bearbeiten<\/h2>\n\n\n\n<p>Falls du dein Ticket bereits gebucht hast, kannst du diese Informationen bis zum <strong>17. M\u00e4rz<\/strong> bearbeiten, indem du auf den Link im E-Mail klickst, welchen du beim Kauf deines Tickets erhalten hast.<\/p>\n\n\n\n<p>Wir freuen uns sehr darauf, dich am WordCamp Switzerland 2023 begr\u00fcssen zu d\u00fcrfen!<\/p>\n<\/div>\n\n\n\n<div class=\"wp-block-column is-layout-flow wp-block-column-is-layout-flow\" style=\"flex-basis:33.33%\">\n<figure class=\"wp-block-image size-large\"><img loading=\"lazy\" decoding=\"async\" width=\"1024\" height=\"576\" src=\"https:\/\/switzerland.wordcamp.org\/2023\/files\/2023\/02\/after-party-WCCH-1024x576.jpg\" alt=\"\" class=\"wp-image-3054\" srcset=\"https:\/\/switzerland.wordcamp.org\/2023\/files\/2023\/02\/after-party-WCCH-1024x576.jpg 1024w, https:\/\/switzerland.wordcamp.org\/2023\/files\/2023\/02\/after-party-WCCH-300x169.jpg 300w, https:\/\/switzerland.wordcamp.org\/2023\/files\/2023\/02\/after-party-WCCH-420x236.jpg 420w, https:\/\/switzerland.wordcamp.org\/2023\/files\/2023\/02\/after-party-WCCH-768x432.jpg 768w, https:\/\/switzerland.wordcamp.org\/2023\/files\/2023\/02\/after-party-WCCH-500x281.jpg 500w, https:\/\/switzerland.wordcamp.org\/2023\/files\/2023\/02\/after-party-WCCH-1536x864.jpg 1536w, https:\/\/switzerland.wordcamp.org\/2023\/files\/2023\/02\/after-party-WCCH.jpg 1600w\" sizes=\"auto, (max-width: 1024px) 100vw, 1024px\" \/><\/figure>\n\n\n\n<figure class=\"wp-block-image size-large\"><img loading=\"lazy\" decoding=\"async\" width=\"1024\" height=\"576\" src=\"https:\/\/switzerland.wordcamp.org\/2023\/files\/2023\/02\/20230213_120643-1024x576.jpg\" alt=\"\" class=\"wp-image-3045\" srcset=\"https:\/\/switzerland.wordcamp.org\/2023\/files\/2023\/02\/20230213_120643-1024x576.jpg 1024w, https:\/\/switzerland.wordcamp.org\/2023\/files\/2023\/02\/20230213_120643-300x169.jpg 300w, https:\/\/switzerland.wordcamp.org\/2023\/files\/2023\/02\/20230213_120643-420x236.jpg 420w, https:\/\/switzerland.wordcamp.org\/2023\/files\/2023\/02\/20230213_120643-768x432.jpg 768w, https:\/\/switzerland.wordcamp.org\/2023\/files\/2023\/02\/20230213_120643-500x281.jpg 500w, https:\/\/switzerland.wordcamp.org\/2023\/files\/2023\/02\/20230213_120643-1536x864.jpg 1536w, https:\/\/switzerland.wordcamp.org\/2023\/files\/2023\/02\/20230213_120643.jpg 1600w\" sizes=\"auto, (max-width: 1024px) 100vw, 1024px\" \/><\/figure>\n<\/div>\n<\/div>\n","protected":false},"excerpt":{"rendered":"<p>In English En fran\u00e7ais Folgend findest du einige Informationen zum WordCamp-Zeitplan, damit du deine Anreise organisieren kannst. Zudem kannst du hiermit entscheiden, ob du ein Hotelzimmer im Centre Loewenberg buchen m\u00f6chtest. Bitte beachte, dass die Anzahl der Zimmer begrenzt ist. Fr\u00fch buchen lohnt sich. Tagesprogramm Die Agenda ist ver\u00f6ffentlicht. Hier sind die ausgew\u00e4hlten Referenten, die [&hellip;]<\/p>\n","protected":false},"author":7586875,"featured_media":3054,"parent":253,"menu_order":0,"comment_status":"closed","ping_status":"closed","template":"wp-custom-template-german-page","meta":{"jetpack_post_was_ever_published":false,"footnotes":""},"class_list":["post-3005","page","type-page","status-publish","has-post-thumbnail","hentry"],"jetpack_sharing_enabled":true,"_links":{"self":[{"href":"https:\/\/switzerland.wordcamp.org\/2023\/wp-json\/wp\/v2\/pages\/3005","targetHints":{"allow":["GET"]}}],"collection":[{"href":"https:\/\/switzerland.wordcamp.org\/2023\/wp-json\/wp\/v2\/pages"}],"about":[{"href":"https:\/\/switzerland.wordcamp.org\/2023\/wp-json\/wp\/v2\/types\/page"}],"author":[{"embeddable":true,"href":"https:\/\/switzerland.wordcamp.org\/2023\/wp-json\/wp\/v2\/users\/7586875"}],"replies":[{"embeddable":true,"href":"https:\/\/switzerland.wordcamp.org\/2023\/wp-json\/wp\/v2\/comments?post=3005"}],"version-history":[{"count":11,"href":"https:\/\/switzerland.wordcamp.org\/2023\/wp-json\/wp\/v2\/pages\/3005\/revisions"}],"predecessor-version":[{"id":3836,"href":"https:\/\/switzerland.wordcamp.org\/2023\/wp-json\/wp\/v2\/pages\/3005\/revisions\/3836"}],"up":[{"embeddable":true,"href":"https:\/\/switzerland.wordcamp.org\/2023\/wp-json\/wp\/v2\/pages\/253"}],"wp:featuredmedia":[{"embeddable":true,"href":"https:\/\/switzerland.wordcamp.org\/2023\/wp-json\/wp\/v2\/media\/3054"}],"wp:attachment":[{"href":"https:\/\/switzerland.wordcamp.org\/2023\/wp-json\/wp\/v2\/media?parent=3005"}],"curies":[{"name":"wp","href":"https:\/\/api.w.org\/{rel}","templated":true}]}}