{"id":3528,"date":"2023-02-20T17:53:07","date_gmt":"2023-02-20T16:53:07","guid":{"rendered":"https:\/\/switzerland.wordcamp.org\/2023\/?page_id=3528"},"modified":"2023-02-27T11:28:00","modified_gmt":"2023-02-27T10:28:00","slug":"programme","status":"publish","type":"page","link":"https:\/\/switzerland.wordcamp.org\/2023\/fr\/programme\/","title":{"rendered":"Programme"},"content":{"rendered":"\n<div class=\"wp-block-group has-small-font-size is-content-justification-left is-nowrap is-layout-flex wp-container-core-group-is-layout-fc9f69e7 wp-block-group-is-layout-flex\">\n<p><a href=\"https:\/\/switzerland.wordcamp.org\/2023\/de\/agenda\/\" data-type=\"URL\" data-id=\"https:\/\/switzerland.wordcamp.org\/2023\/de\/agenda\/\">Auf Deutsch<\/a><\/p>\n\n\n\n<p><a href=\"https:\/\/switzerland.wordcamp.org\/2023\/schedule\" data-type=\"page\" data-id=\"7\">In English<\/a><\/p>\n<\/div>\n\n\n\n<div class=\"wp-block-columns alignwide is-layout-flex wp-container-core-columns-is-layout-28f84493 wp-block-columns-is-layout-flex\">\n<div class=\"wp-block-column is-layout-flow wp-block-column-is-layout-flow\" style=\"flex-basis:66.66%\">\n<p class=\"is--for-mobile\"><a href=\"#sessions\">Passer \u00e0 la liste des conf\u00e9rences \u2193<\/a><\/p>\n\n\n\n<p>Un WordCamp commence toujours avec un caf\u00e9 ! Donc le 1er avril, les organisateurs du WordCamp Suisse 2023 ouvriront les portes du <a href=\"https:\/\/switzerland.wordcamp.org\/2023\/fr\/lieu-et-acces\/\">Centre Loewenberg<\/a> \u00e0 <strong>9h00<\/strong>&nbsp;pour vous accueillir avec un caf\u00e9 et distribuer les badges.<\/p>\n\n\n\n<p>Le WordCamp d\u00e9butera officiellement \u00e0 <strong>9h45<\/strong> avec les traditionnelles remarques d&#8217;ouverture. Puis \u00e0 partir de <strong>10h<\/strong>, le programme des conf\u00e9rences se d\u00e9roulera tout du long de la journ\u00e9e dans deux espaces, comme indiqu\u00e9 ci-dessous.<\/p>\n\n\n\n<p>Le WordCamp prendra fin comme d&#8217;habitude avec les remarques de cl\u00f4ture. Et l'&#8221;After-Party&#8221; commencera juste apr\u00e8s \u00e0 <strong>19h<\/strong>, au m\u00eame endroit. Cerise sur le g\u00e2teau au terme de cette merveilleuse journ\u00e9e d\u00e9di\u00e9e \u00e0 WordPress: on vous servira un ap\u00e9ritif suivi d&#8217;un excellent repas. Nous comptons sur la pr\u00e9sence du plus grand nombre d&#8217;entre vous !<\/p>\n\n\n\n<p><em><span style=\"text-decoration: underline\">(Note : <\/span><span style=\"text-decoration: underline\">Clique sur le titre d\u2019une conf\u00e9rence pour afficher le d\u00e9tail et d\u00e9finis ta s\u00e9lection en cliquant sur l\u2019\u00e9toile \u00e0 droite de chaque titre. Ajoute ton adresse email pour recevoir tes favoris.) <\/span><\/em><\/p>\n<\/div>\n\n\n\n<div class=\"wp-block-column is-layout-flow wp-block-column-is-layout-flow\" style=\"flex-basis:33.33%\"><figure class=\"wp-block-post-featured-image\"><img loading=\"lazy\" decoding=\"async\" width=\"1600\" height=\"950\" src=\"https:\/\/switzerland.wordcamp.org\/2023\/files\/2023\/02\/WCZRH-Mark.jpg\" class=\"attachment-post-thumbnail size-post-thumbnail wp-post-image\" alt=\"\" style=\"object-fit:cover;\" srcset=\"https:\/\/switzerland.wordcamp.org\/2023\/files\/2023\/02\/WCZRH-Mark.jpg 1600w, https:\/\/switzerland.wordcamp.org\/2023\/files\/2023\/02\/WCZRH-Mark-300x178.jpg 300w, https:\/\/switzerland.wordcamp.org\/2023\/files\/2023\/02\/WCZRH-Mark-1024x608.jpg 1024w, https:\/\/switzerland.wordcamp.org\/2023\/files\/2023\/02\/WCZRH-Mark-420x249.jpg 420w, https:\/\/switzerland.wordcamp.org\/2023\/files\/2023\/02\/WCZRH-Mark-768x456.jpg 768w, https:\/\/switzerland.wordcamp.org\/2023\/files\/2023\/02\/WCZRH-Mark-500x297.jpg 500w, https:\/\/switzerland.wordcamp.org\/2023\/files\/2023\/02\/WCZRH-Mark-1536x912.jpg 1536w\" sizes=\"auto, (max-width: 1600px) 100vw, 1600px\" \/><\/figure>\n\n\n<figure class=\"wp-block-image size-large\"><img loading=\"lazy\" decoding=\"async\" width=\"1024\" height=\"576\" src=\"https:\/\/switzerland.wordcamp.org\/2023\/files\/2022\/11\/wordcamp-schweiz-1024x576.jpg\" alt=\"WordCamp Zurich in 2019\" class=\"wp-image-995\" srcset=\"https:\/\/switzerland.wordcamp.org\/2023\/files\/2022\/11\/wordcamp-schweiz-1024x576.jpg 1024w, https:\/\/switzerland.wordcamp.org\/2023\/files\/2022\/11\/wordcamp-schweiz-300x169.jpg 300w, https:\/\/switzerland.wordcamp.org\/2023\/files\/2022\/11\/wordcamp-schweiz-768x432.jpg 768w, https:\/\/switzerland.wordcamp.org\/2023\/files\/2022\/11\/wordcamp-schweiz-500x281.jpg 500w, https:\/\/switzerland.wordcamp.org\/2023\/files\/2022\/11\/wordcamp-schweiz-1536x864.jpg 1536w, https:\/\/switzerland.wordcamp.org\/2023\/files\/2022\/11\/wordcamp-schweiz-2048x1152.jpg 2048w\" sizes=\"auto, (max-width: 1024px) 100vw, 1024px\" \/><\/figure>\n<\/div>\n<\/div>\n\n\n\n<div class=\"wp-block-group alignwide is-layout-constrained wp-block-group-is-layout-constrained\" id=\"sessions\">\n<div\n\tclass=\"wp-block-wordcamp-schedule alignwide is-loading\"\n\t\tdata-attributes=\"{&quot;__isStylesPreview&quot;:false,&quot;align&quot;:&quot;wide&quot;,&quot;chooseSpecificDays&quot;:false,&quot;chosenDays&quot;:[],&quot;chooseSpecificTracks&quot;:false,&quot;chosenTrackIds&quot;:[],&quot;showCategories&quot;:true,&quot;useClientTimezone&quot;:false,&quot;className&quot;:&quot;is-style-default wordcamp-schedule-custom&quot;}\"\n>\n\tLoading&#8230;<\/div>\n\n\n\t<div class=\"email-form fav-session-email-form-hide\">\n\t\t<!-- Tab links -->\n\t\t<div class=\"fav-session-share-tab\">\n\t\t\t\t\t\t\t<div class=\"fav-session-tablinks\" id=\"fav-session-btn-email\">\n\t\t\t\t\tE-mail\t\t\t\t<\/div>\n\t\t\t\n\t\t\t<div class=\"fav-session-tablinks\" id=\"fav-session-btn-link\">\n\t\t\t\tLink\t\t\t<\/div>\n\n\t\t\t<div class=\"fav-session-tablinks\" id=\"fav-session-btn-print\">\n\t\t\t\tPrint\t\t\t<\/div>\n\t\t<\/div>\n\n\t\t<!-- Tab content -->\n\t\t\t\t\t<div id=\"fav-session-tab-email\" class=\"fav-session-share-tabcontent\">\n\t\t\t\t<div id=\"fav-session-email-form\">\n\t\t\t\t\tSend me my favourite sessions:\n\t\t\t\t\t<form id=\"fav-sessions-form\">\n\t\t\t\t\t\t<input\n\t\t\t\t\t\t\ttype=\"text\"\n\t\t\t\t\t\t\tname=\"email_address\"\n\t\t\t\t\t\t\tid=\"fav-sessions-email-address\"\n\t\t\t\t\t\t\tplaceholder=\"me@protonmail.com\"\n\t\t\t\t\t\t\/>\n\t\t\t\t\t\t<input type=\"submit\" value=\"Send\" \/>\n\t\t\t\t\t<\/form>\n\t\t\t\t<\/div>\n\n\t\t\t\t<div class=\"fav-session-email-wait-spinner\"><\/div>\n\t\t\t\t<div class=\"fav-session-email-result\"><\/div>\n\t\t\t<\/div>\n\t\t\n\t\t<div id=\"fav-session-tab-link\" class=\"fav-session-share-tabcontent\">\n\t\t\tShareable link:\t\t\t<br \/>\n\t\t\t<a id=\"fav-sessions-link\" href=\"\"><\/a>\n\t\t<\/div>\n\n\t\t<div id=\"fav-session-tab-print\" class=\"fav-session-share-tabcontent\">\n\t\t\t<button id=\"fav-session-print\">\n\t\t\t\tPrint favourite sessions\t\t\t<\/button>\n\t\t<\/div>\n\t<\/div>\n\n\t<a class=\"show-email-form\" href=\"javascript:\">\n\t\t<span class=\"dashicons dashicons-star-filled\"><\/span>\n\t\t<span class=\"dashicons dashicons-email-alt\"><\/span>\n\t<\/a>\n\n\t<\/div>\n\n\n\n<div class=\"wp-block-group alignwide has-custom-primary-light-background-color has-background is-layout-flow wp-block-group-is-layout-flow\" style=\"border-radius:5px;margin-top:var(--wp--preset--spacing--80);padding-top:var(--wp--preset--spacing--50);padding-right:var(--wp--preset--spacing--50);padding-bottom:var(--wp--preset--spacing--50);padding-left:var(--wp--preset--spacing--50)\">\n<h2 class=\"wp-block-heading\">After party<\/h2>\n\n\n\n<p>Le d\u00eener et la soir\u00e9e auront lieu dans le restaurant du m\u00eame complexe et commenceront \u00e0 <strong>19:00<\/strong>.<\/p>\n\n\n\n<div class=\"wp-block-columns is-layout-flex wp-container-core-columns-is-layout-47c06fe3 wp-block-columns-is-layout-flex\">\n<div class=\"wp-block-column is-layout-flow wp-block-column-is-layout-flow\">\n<div class=\"wp-block-cover is-light\"><span aria-hidden=\"true\" class=\"wp-block-cover__background has-background-dim-0 has-background-dim\"><\/span><img loading=\"lazy\" decoding=\"async\" width=\"2560\" height=\"925\" class=\"wp-block-cover__image-background wp-image-3906\" alt=\"\" src=\"https:\/\/switzerland.wordcamp.org\/2023\/files\/2023\/02\/restaurant-centre-loewenberg-neu-scaled.jpg\" style=\"object-position:39% 53%\" data-object-fit=\"cover\" data-object-position=\"39% 53%\" srcset=\"https:\/\/switzerland.wordcamp.org\/2023\/files\/2023\/02\/restaurant-centre-loewenberg-neu-scaled.jpg 2560w, https:\/\/switzerland.wordcamp.org\/2023\/files\/2023\/02\/restaurant-centre-loewenberg-neu-300x108.jpg 300w, https:\/\/switzerland.wordcamp.org\/2023\/files\/2023\/02\/restaurant-centre-loewenberg-neu-1024x370.jpg 1024w, https:\/\/switzerland.wordcamp.org\/2023\/files\/2023\/02\/restaurant-centre-loewenberg-neu-420x152.jpg 420w, https:\/\/switzerland.wordcamp.org\/2023\/files\/2023\/02\/restaurant-centre-loewenberg-neu-768x278.jpg 768w, https:\/\/switzerland.wordcamp.org\/2023\/files\/2023\/02\/restaurant-centre-loewenberg-neu-500x181.jpg 500w, https:\/\/switzerland.wordcamp.org\/2023\/files\/2023\/02\/restaurant-centre-loewenberg-neu-1536x555.jpg 1536w, https:\/\/switzerland.wordcamp.org\/2023\/files\/2023\/02\/restaurant-centre-loewenberg-neu-2048x740.jpg 2048w\" sizes=\"auto, (max-width: 2560px) 100vw, 2560px\" \/><div class=\"wp-block-cover__inner-container is-layout-flow wp-block-cover-is-layout-flow\">\n<p class=\"has-text-align-center has-large-font-size\"><\/p>\n<\/div><\/div>\n<\/div>\n\n\n\n<div class=\"wp-block-column is-layout-flow wp-block-column-is-layout-flow\">\n<div class=\"wp-block-cover\"><span aria-hidden=\"true\" class=\"wp-block-cover__background has-background-dim-0 has-background-dim\"><\/span><img loading=\"lazy\" decoding=\"async\" width=\"1024\" height=\"576\" class=\"wp-block-cover__image-background wp-image-3054\" alt=\"\" src=\"https:\/\/switzerland.wordcamp.org\/2023\/files\/2023\/02\/after-party-WCCH-1024x576.jpg\" data-object-fit=\"cover\" srcset=\"https:\/\/switzerland.wordcamp.org\/2023\/files\/2023\/02\/after-party-WCCH-1024x576.jpg 1024w, https:\/\/switzerland.wordcamp.org\/2023\/files\/2023\/02\/after-party-WCCH-300x169.jpg 300w, https:\/\/switzerland.wordcamp.org\/2023\/files\/2023\/02\/after-party-WCCH-420x236.jpg 420w, https:\/\/switzerland.wordcamp.org\/2023\/files\/2023\/02\/after-party-WCCH-768x432.jpg 768w, https:\/\/switzerland.wordcamp.org\/2023\/files\/2023\/02\/after-party-WCCH-500x281.jpg 500w, https:\/\/switzerland.wordcamp.org\/2023\/files\/2023\/02\/after-party-WCCH-1536x864.jpg 1536w, https:\/\/switzerland.wordcamp.org\/2023\/files\/2023\/02\/after-party-WCCH.jpg 1600w\" sizes=\"auto, (max-width: 1024px) 100vw, 1024px\" \/><div class=\"wp-block-cover__inner-container is-layout-flow wp-block-cover-is-layout-flow\">\n<p class=\"has-text-align-center has-large-font-size\"><\/p>\n<\/div><\/div>\n<\/div>\n<\/div>\n<\/div>\n","protected":false},"excerpt":{"rendered":"<p>Auf Deutsch In English Passer \u00e0 la liste des conf\u00e9rences \u2193 Un WordCamp commence toujours avec un caf\u00e9 ! Donc le 1er avril, les organisateurs du WordCamp Suisse 2023 ouvriront les portes du Centre Loewenberg \u00e0 9h00&nbsp;pour vous accueillir avec un caf\u00e9 et distribuer les badges. Le WordCamp d\u00e9butera officiellement \u00e0 9h45 avec les traditionnelles [&hellip;]<\/p>\n","protected":false},"author":14749094,"featured_media":3745,"parent":267,"menu_order":0,"comment_status":"closed","ping_status":"closed","template":"wp-custom-template-french-page","meta":{"jetpack_post_was_ever_published":false,"footnotes":""},"class_list":["post-3528","page","type-page","status-publish","has-post-thumbnail","hentry"],"jetpack_sharing_enabled":true,"_links":{"self":[{"href":"https:\/\/switzerland.wordcamp.org\/2023\/wp-json\/wp\/v2\/pages\/3528","targetHints":{"allow":["GET"]}}],"collection":[{"href":"https:\/\/switzerland.wordcamp.org\/2023\/wp-json\/wp\/v2\/pages"}],"about":[{"href":"https:\/\/switzerland.wordcamp.org\/2023\/wp-json\/wp\/v2\/types\/page"}],"author":[{"embeddable":true,"href":"https:\/\/switzerland.wordcamp.org\/2023\/wp-json\/wp\/v2\/users\/14749094"}],"replies":[{"embeddable":true,"href":"https:\/\/switzerland.wordcamp.org\/2023\/wp-json\/wp\/v2\/comments?post=3528"}],"version-history":[{"count":15,"href":"https:\/\/switzerland.wordcamp.org\/2023\/wp-json\/wp\/v2\/pages\/3528\/revisions"}],"predecessor-version":[{"id":3948,"href":"https:\/\/switzerland.wordcamp.org\/2023\/wp-json\/wp\/v2\/pages\/3528\/revisions\/3948"}],"up":[{"embeddable":true,"href":"https:\/\/switzerland.wordcamp.org\/2023\/wp-json\/wp\/v2\/pages\/267"}],"wp:featuredmedia":[{"embeddable":true,"href":"https:\/\/switzerland.wordcamp.org\/2023\/wp-json\/wp\/v2\/media\/3745"}],"wp:attachment":[{"href":"https:\/\/switzerland.wordcamp.org\/2023\/wp-json\/wp\/v2\/media?parent=3528"}],"curies":[{"name":"wp","href":"https:\/\/api.w.org\/{rel}","templated":true}]}}