{"id":3529,"date":"2023-02-20T17:53:25","date_gmt":"2023-02-20T16:53:25","guid":{"rendered":"https:\/\/switzerland.wordcamp.org\/2023\/?page_id=3529"},"modified":"2023-02-27T11:34:24","modified_gmt":"2023-02-27T10:34:24","slug":"agenda","status":"publish","type":"page","link":"https:\/\/switzerland.wordcamp.org\/2023\/de\/agenda\/","title":{"rendered":"Agenda"},"content":{"rendered":"\n<div class=\"wp-block-group has-small-font-size is-content-justification-left is-nowrap is-layout-flex wp-container-core-group-is-layout-fc9f69e7 wp-block-group-is-layout-flex\">\n<p><a href=\"https:\/\/switzerland.wordcamp.org\/2023\/schedule\" data-type=\"page\" data-id=\"7\">In English<\/a><\/p>\n\n\n\n<p><a href=\"https:\/\/switzerland.wordcamp.org\/2023\/fr\/programme\/\" data-type=\"URL\" data-id=\"https:\/\/switzerland.wordcamp.org\/2023\/fr\/programme\/\">En Fran\u00e7ais<\/a><\/p>\n<\/div>\n\n\n\n<div class=\"wp-block-columns alignwide is-layout-flex wp-container-core-columns-is-layout-28f84493 wp-block-columns-is-layout-flex\">\n<div class=\"wp-block-column is-layout-flow wp-block-column-is-layout-flow\" style=\"flex-basis:66.66%\">\n<p class=\"is--for-mobile\"><a href=\"#vortraege\">Zur Vortragsliste springen \u2193<\/a><\/p>\n\n\n\n<p>Ein WordCamp beginnt nie ohne einen Kaffee! Deshalb \u00f6ffnen die Organisatoren des WordCamp Switzerland 2023 am 1. April 2023 um <strong>9:00 Uhr<\/strong> die T\u00fcren des <a href=\"https:\/\/switzerland.wordcamp.org\/2023\/de\/anreise-und-ort\/\">Centre L\u00f6wenberg<\/a>, um dich mit einem Kaffee zu begr\u00fcssen und die Badges zu verteilen.<\/p>\n\n\n\n<p>Das WordCamp beginnt offiziell um 9:45 Uhr mit der traditionellen Er\u00f6ffnungsrede. Ab <strong>10:00 Uhr<\/strong> wird das Tagesprogramm auf zwei separate Tracks aufgeteilt, wie im folgenden Programm zu sehen ist.<\/p>\n\n\n\n<p>Das WordCamp endet wie gewohnt mit der Abschlussrede. Die After-Party beginnt um <strong>19:00 Uhr<\/strong> am selben Ort. Es werden ein Aperitif und ein ausgezeichnetes, wohlverdientes Abendessen serviert, um diesen grossartigen Tag im Zeichen von WordPress abzurunden. Wir hoffen, dass viele von euch den Abend mit uns verbringen werden.<\/p>\n\n\n\n<p><em>(Hinweis: Klicke auf den Titel eines Vortrags, um die Details zu lesen. Du kannst zudem mittels dem Stern auf der rechten Seite ein Lesezeichen f\u00fcr deine Lieblingsvortr\u00e4ge setzen und es dir dann selbst per E-Mail zukommen lassen)<\/em><\/p>\n<\/div>\n\n\n\n<div class=\"wp-block-column is-layout-flow wp-block-column-is-layout-flow\" style=\"flex-basis:33.33%\"><figure class=\"wp-block-post-featured-image\"><img loading=\"lazy\" decoding=\"async\" width=\"1600\" height=\"950\" src=\"https:\/\/switzerland.wordcamp.org\/2023\/files\/2023\/02\/WCZRH-Mark.jpg\" class=\"attachment-post-thumbnail size-post-thumbnail wp-post-image\" alt=\"\" style=\"object-fit:cover;\" srcset=\"https:\/\/switzerland.wordcamp.org\/2023\/files\/2023\/02\/WCZRH-Mark.jpg 1600w, https:\/\/switzerland.wordcamp.org\/2023\/files\/2023\/02\/WCZRH-Mark-300x178.jpg 300w, https:\/\/switzerland.wordcamp.org\/2023\/files\/2023\/02\/WCZRH-Mark-1024x608.jpg 1024w, https:\/\/switzerland.wordcamp.org\/2023\/files\/2023\/02\/WCZRH-Mark-420x249.jpg 420w, https:\/\/switzerland.wordcamp.org\/2023\/files\/2023\/02\/WCZRH-Mark-768x456.jpg 768w, https:\/\/switzerland.wordcamp.org\/2023\/files\/2023\/02\/WCZRH-Mark-500x297.jpg 500w, https:\/\/switzerland.wordcamp.org\/2023\/files\/2023\/02\/WCZRH-Mark-1536x912.jpg 1536w\" sizes=\"auto, (max-width: 1600px) 100vw, 1600px\" \/><\/figure>\n\n\n<figure class=\"wp-block-image size-large\"><img loading=\"lazy\" decoding=\"async\" width=\"1024\" height=\"576\" src=\"https:\/\/switzerland.wordcamp.org\/2023\/files\/2022\/11\/wordcamp-schweiz-1024x576.jpg\" alt=\"WordCamp Zurich in 2019\" class=\"wp-image-995\" srcset=\"https:\/\/switzerland.wordcamp.org\/2023\/files\/2022\/11\/wordcamp-schweiz-1024x576.jpg 1024w, https:\/\/switzerland.wordcamp.org\/2023\/files\/2022\/11\/wordcamp-schweiz-300x169.jpg 300w, https:\/\/switzerland.wordcamp.org\/2023\/files\/2022\/11\/wordcamp-schweiz-768x432.jpg 768w, https:\/\/switzerland.wordcamp.org\/2023\/files\/2022\/11\/wordcamp-schweiz-500x281.jpg 500w, https:\/\/switzerland.wordcamp.org\/2023\/files\/2022\/11\/wordcamp-schweiz-1536x864.jpg 1536w, https:\/\/switzerland.wordcamp.org\/2023\/files\/2022\/11\/wordcamp-schweiz-2048x1152.jpg 2048w\" sizes=\"auto, (max-width: 1024px) 100vw, 1024px\" \/><\/figure>\n<\/div>\n<\/div>\n\n\n\n<div class=\"wp-block-group alignwide is-layout-constrained wp-block-group-is-layout-constrained\" id=\"vortraege\">\n<div\n\tclass=\"wp-block-wordcamp-schedule alignwide is-loading\"\n\t\tdata-attributes=\"{&quot;__isStylesPreview&quot;:false,&quot;align&quot;:&quot;wide&quot;,&quot;chooseSpecificDays&quot;:false,&quot;chosenDays&quot;:[],&quot;chooseSpecificTracks&quot;:false,&quot;chosenTrackIds&quot;:[],&quot;showCategories&quot;:true,&quot;useClientTimezone&quot;:false,&quot;className&quot;:&quot;is-style-default wordcamp-schedule-custom&quot;}\"\n>\n\tLoading&#8230;<\/div>\n\n\n\t<div class=\"email-form fav-session-email-form-hide\">\n\t\t<!-- Tab links -->\n\t\t<div class=\"fav-session-share-tab\">\n\t\t\t\t\t\t\t<div class=\"fav-session-tablinks\" id=\"fav-session-btn-email\">\n\t\t\t\t\tE-mail\t\t\t\t<\/div>\n\t\t\t\n\t\t\t<div class=\"fav-session-tablinks\" id=\"fav-session-btn-link\">\n\t\t\t\tLink\t\t\t<\/div>\n\n\t\t\t<div class=\"fav-session-tablinks\" id=\"fav-session-btn-print\">\n\t\t\t\tPrint\t\t\t<\/div>\n\t\t<\/div>\n\n\t\t<!-- Tab content -->\n\t\t\t\t\t<div id=\"fav-session-tab-email\" class=\"fav-session-share-tabcontent\">\n\t\t\t\t<div id=\"fav-session-email-form\">\n\t\t\t\t\tSend me my favourite sessions:\n\t\t\t\t\t<form id=\"fav-sessions-form\">\n\t\t\t\t\t\t<input\n\t\t\t\t\t\t\ttype=\"text\"\n\t\t\t\t\t\t\tname=\"email_address\"\n\t\t\t\t\t\t\tid=\"fav-sessions-email-address\"\n\t\t\t\t\t\t\tplaceholder=\"me@protonmail.com\"\n\t\t\t\t\t\t\/>\n\t\t\t\t\t\t<input type=\"submit\" value=\"Send\" \/>\n\t\t\t\t\t<\/form>\n\t\t\t\t<\/div>\n\n\t\t\t\t<div class=\"fav-session-email-wait-spinner\"><\/div>\n\t\t\t\t<div class=\"fav-session-email-result\"><\/div>\n\t\t\t<\/div>\n\t\t\n\t\t<div id=\"fav-session-tab-link\" class=\"fav-session-share-tabcontent\">\n\t\t\tShareable link:\t\t\t<br \/>\n\t\t\t<a id=\"fav-sessions-link\" href=\"\"><\/a>\n\t\t<\/div>\n\n\t\t<div id=\"fav-session-tab-print\" class=\"fav-session-share-tabcontent\">\n\t\t\t<button id=\"fav-session-print\">\n\t\t\t\tPrint favourite sessions\t\t\t<\/button>\n\t\t<\/div>\n\t<\/div>\n\n\t<a class=\"show-email-form\" href=\"javascript:\">\n\t\t<span class=\"dashicons dashicons-star-filled\"><\/span>\n\t\t<span class=\"dashicons dashicons-email-alt\"><\/span>\n\t<\/a>\n\n\t<\/div>\n\n\n\n<div class=\"wp-block-group alignwide has-custom-primary-light-background-color has-background is-layout-flow wp-block-group-is-layout-flow\" style=\"border-radius:5px;margin-top:var(--wp--preset--spacing--80);padding-top:var(--wp--preset--spacing--50);padding-right:var(--wp--preset--spacing--50);padding-bottom:var(--wp--preset--spacing--50);padding-left:var(--wp--preset--spacing--50)\">\n<h2 class=\"wp-block-heading\">After-Party<\/h2>\n\n\n\n<p>Das Abendessen und After-Party finden in den Restaurant-Geb\u00e4ude um <strong>19:00<\/strong> statt.<\/p>\n\n\n\n<div class=\"wp-block-columns is-layout-flex wp-container-core-columns-is-layout-47c06fe3 wp-block-columns-is-layout-flex\">\n<div class=\"wp-block-column is-layout-flow wp-block-column-is-layout-flow\">\n<div class=\"wp-block-cover is-light\"><span aria-hidden=\"true\" class=\"wp-block-cover__background has-background-dim-0 has-background-dim\"><\/span><img loading=\"lazy\" decoding=\"async\" width=\"2560\" height=\"925\" class=\"wp-block-cover__image-background wp-image-3906\" alt=\"\" src=\"https:\/\/switzerland.wordcamp.org\/2023\/files\/2023\/02\/restaurant-centre-loewenberg-neu-scaled.jpg\" style=\"object-position:39% 53%\" data-object-fit=\"cover\" data-object-position=\"39% 53%\" srcset=\"https:\/\/switzerland.wordcamp.org\/2023\/files\/2023\/02\/restaurant-centre-loewenberg-neu-scaled.jpg 2560w, https:\/\/switzerland.wordcamp.org\/2023\/files\/2023\/02\/restaurant-centre-loewenberg-neu-300x108.jpg 300w, https:\/\/switzerland.wordcamp.org\/2023\/files\/2023\/02\/restaurant-centre-loewenberg-neu-1024x370.jpg 1024w, https:\/\/switzerland.wordcamp.org\/2023\/files\/2023\/02\/restaurant-centre-loewenberg-neu-420x152.jpg 420w, https:\/\/switzerland.wordcamp.org\/2023\/files\/2023\/02\/restaurant-centre-loewenberg-neu-768x278.jpg 768w, https:\/\/switzerland.wordcamp.org\/2023\/files\/2023\/02\/restaurant-centre-loewenberg-neu-500x181.jpg 500w, https:\/\/switzerland.wordcamp.org\/2023\/files\/2023\/02\/restaurant-centre-loewenberg-neu-1536x555.jpg 1536w, https:\/\/switzerland.wordcamp.org\/2023\/files\/2023\/02\/restaurant-centre-loewenberg-neu-2048x740.jpg 2048w\" sizes=\"auto, (max-width: 2560px) 100vw, 2560px\" \/><div class=\"wp-block-cover__inner-container is-layout-flow wp-block-cover-is-layout-flow\">\n<p class=\"has-text-align-center has-large-font-size\"><\/p>\n<\/div><\/div>\n<\/div>\n\n\n\n<div class=\"wp-block-column is-layout-flow wp-block-column-is-layout-flow\">\n<div class=\"wp-block-cover\"><span aria-hidden=\"true\" class=\"wp-block-cover__background has-background-dim-0 has-background-dim\"><\/span><img loading=\"lazy\" decoding=\"async\" width=\"1024\" height=\"576\" class=\"wp-block-cover__image-background wp-image-3054\" alt=\"\" src=\"https:\/\/switzerland.wordcamp.org\/2023\/files\/2023\/02\/after-party-WCCH-1024x576.jpg\" data-object-fit=\"cover\" srcset=\"https:\/\/switzerland.wordcamp.org\/2023\/files\/2023\/02\/after-party-WCCH-1024x576.jpg 1024w, https:\/\/switzerland.wordcamp.org\/2023\/files\/2023\/02\/after-party-WCCH-300x169.jpg 300w, https:\/\/switzerland.wordcamp.org\/2023\/files\/2023\/02\/after-party-WCCH-420x236.jpg 420w, https:\/\/switzerland.wordcamp.org\/2023\/files\/2023\/02\/after-party-WCCH-768x432.jpg 768w, https:\/\/switzerland.wordcamp.org\/2023\/files\/2023\/02\/after-party-WCCH-500x281.jpg 500w, https:\/\/switzerland.wordcamp.org\/2023\/files\/2023\/02\/after-party-WCCH-1536x864.jpg 1536w, https:\/\/switzerland.wordcamp.org\/2023\/files\/2023\/02\/after-party-WCCH.jpg 1600w\" sizes=\"auto, (max-width: 1024px) 100vw, 1024px\" \/><div class=\"wp-block-cover__inner-container is-layout-flow wp-block-cover-is-layout-flow\">\n<p class=\"has-text-align-center has-large-font-size\"><\/p>\n<\/div><\/div>\n<\/div>\n<\/div>\n<\/div>\n","protected":false},"excerpt":{"rendered":"<p>In English En Fran\u00e7ais Zur Vortragsliste springen \u2193 Ein WordCamp beginnt nie ohne einen Kaffee! Deshalb \u00f6ffnen die Organisatoren des WordCamp Switzerland 2023 am 1. April 2023 um 9:00 Uhr die T\u00fcren des Centre L\u00f6wenberg, um dich mit einem Kaffee zu begr\u00fcssen und die Badges zu verteilen. Das WordCamp beginnt offiziell um 9:45 Uhr mit [&hellip;]<\/p>\n","protected":false},"author":14749094,"featured_media":3745,"parent":253,"menu_order":0,"comment_status":"closed","ping_status":"closed","template":"wp-custom-template-german-page","meta":{"jetpack_post_was_ever_published":false,"footnotes":""},"class_list":["post-3529","page","type-page","status-publish","has-post-thumbnail","hentry"],"jetpack_sharing_enabled":true,"_links":{"self":[{"href":"https:\/\/switzerland.wordcamp.org\/2023\/wp-json\/wp\/v2\/pages\/3529","targetHints":{"allow":["GET"]}}],"collection":[{"href":"https:\/\/switzerland.wordcamp.org\/2023\/wp-json\/wp\/v2\/pages"}],"about":[{"href":"https:\/\/switzerland.wordcamp.org\/2023\/wp-json\/wp\/v2\/types\/page"}],"author":[{"embeddable":true,"href":"https:\/\/switzerland.wordcamp.org\/2023\/wp-json\/wp\/v2\/users\/14749094"}],"replies":[{"embeddable":true,"href":"https:\/\/switzerland.wordcamp.org\/2023\/wp-json\/wp\/v2\/comments?post=3529"}],"version-history":[{"count":14,"href":"https:\/\/switzerland.wordcamp.org\/2023\/wp-json\/wp\/v2\/pages\/3529\/revisions"}],"predecessor-version":[{"id":3949,"href":"https:\/\/switzerland.wordcamp.org\/2023\/wp-json\/wp\/v2\/pages\/3529\/revisions\/3949"}],"up":[{"embeddable":true,"href":"https:\/\/switzerland.wordcamp.org\/2023\/wp-json\/wp\/v2\/pages\/253"}],"wp:featuredmedia":[{"embeddable":true,"href":"https:\/\/switzerland.wordcamp.org\/2023\/wp-json\/wp\/v2\/media\/3745"}],"wp:attachment":[{"href":"https:\/\/switzerland.wordcamp.org\/2023\/wp-json\/wp\/v2\/media?parent=3529"}],"curies":[{"name":"wp","href":"https:\/\/api.w.org\/{rel}","templated":true}]}}