{"id":3555,"date":"2023-02-20T21:37:28","date_gmt":"2023-02-20T20:37:28","guid":{"rendered":"https:\/\/switzerland.wordcamp.org\/2023\/?page_id=3555"},"modified":"2023-02-24T00:21:36","modified_gmt":"2023-02-23T23:21:36","slug":"agenda-veroffentlicht","status":"publish","type":"page","link":"https:\/\/switzerland.wordcamp.org\/2023\/de\/agenda-veroffentlicht\/","title":{"rendered":"Agenda ver\u00f6ffentlicht"},"content":{"rendered":"\n<div class=\"wp-block-group has-small-font-size is-content-justification-left is-nowrap is-layout-flex wp-container-core-group-is-layout-fc9f69e7 wp-block-group-is-layout-flex\">\n<p><a href=\"https:\/\/switzerland.wordcamp.org\/2023\/schedule-published\/\" data-type=\"page\" data-id=\"7\">In English<\/a><\/p>\n\n\n\n<p><a href=\"https:\/\/switzerland.wordcamp.org\/2023\/fr\/programme-publie\/\" data-type=\"URL\" data-id=\"https:\/\/switzerland.wordcamp.org\/2023\/fr\/programme\/\">En Fran\u00e7ais<\/a><\/p>\n<\/div>\n\n\n\n<div class=\"wp-block-columns alignwide is-layout-flex wp-container-core-columns-is-layout-28f84493 wp-block-columns-is-layout-flex\">\n<div class=\"wp-block-column is-layout-flow wp-block-column-is-layout-flow\" style=\"flex-basis:66.66%\">\n<p>Wir freuen uns, dir das offizielle Programm des WordCamp Switzerland bekannt geben zu k\u00f6nnen.<\/p>\n\n\n\n<p>Wir haben \u00fcber 38 Bewerbungen von 32 verschiedenen Personen erhalten, sodass wir eine Auswahl treffen mussten, um den Teilnehmenden das bestm\u00f6gliche Erlebnis zu bieten.<\/p>\n\n\n\n<p>Folgend erl\u00e4utern wir, wie wir (das Organisationsteam) die Auswahl auf demokratische und gleichberechtigte Weise getroffen haben:<\/p>\n\n\n\n<ul class=\"wp-block-list\">\n<li>Die eingereichten Vortr\u00e4ge wurden anonymisiert, um eine Abstimmung \u00fcber die besten Beitr\u00e4ge zu erm\u00f6glichen, die nur auf den angegebenen Titeln und Beschreibungen basiert. Jeder Organisator hatte so viele Stimmen wie Anzahl verf\u00fcgbare Pl\u00e4tze in der Agenda.<\/li>\n\n\n\n<li>In der Reihenfolge der meistgew\u00e4hlten Vortr\u00e4ge deckte das Team alle Details zu ebensolchen wie Namen, Sprachen und Geschlecht ab. Dies erleichterte die Auswahl der eingereichten Vortr\u00e4ge nach mehreren Kriterien:\n<ul class=\"wp-block-list\">\n<li>Wir wollten eine Vielfalt an Themen, nicht zu viele Entwickler- oder SEO-Vortr\u00e4ge.<\/li>\n\n\n\n<li>Wir wollten ein gutes Verh\u00e4ltnis zwischen den Sprachen der eingereichten Vortr\u00e4ge haben, aber haupts\u00e4chlich Englisch, weil es die universellste Sprache ist.<\/li>\n\n\n\n<li>Es gab keine Notwendigkeit, ein gutes Geschlechterverh\u00e4ltnis zu erzwingen, die Dinge waren wie von selbst gemacht.<\/li>\n<\/ul>\n<\/li>\n\n\n\n<li>Anschliessend wurde der gesamte Zeitplan er\u00f6rtert und validiert.<\/li>\n<\/ul>\n\n\n\n<p>\u00dcbrigens haben wir leider nicht gen\u00fcgend Workshop-Anmeldungen erhalten, um einen eigenen Track einzurichten, wie wir es urspr\u00fcnglich geplant hatten.<\/p>\n\n\n\n<p>Bitte schau dir unser <a href=\"https:\/\/switzerland.wordcamp.org\/2023\/de\/agenda\/\">wunderbares Programm<\/a> an.<\/p>\n\n\n\n<p>Jetzt gibt es keine Ausreden mehr, warum du dir kein Ticket kaufen solltest oder nicht an der Party teilnehmen m\u00f6chtest.<\/p>\n<\/div>\n\n\n\n<div class=\"wp-block-column is-layout-flow wp-block-column-is-layout-flow\" style=\"flex-basis:33.33%\"><figure class=\"wp-block-post-featured-image\"><img loading=\"lazy\" decoding=\"async\" width=\"1600\" height=\"950\" src=\"https:\/\/switzerland.wordcamp.org\/2023\/files\/2023\/02\/WCZRH-Mark.jpg\" class=\"attachment-post-thumbnail size-post-thumbnail wp-post-image\" alt=\"\" style=\"object-fit:cover;\" srcset=\"https:\/\/switzerland.wordcamp.org\/2023\/files\/2023\/02\/WCZRH-Mark.jpg 1600w, https:\/\/switzerland.wordcamp.org\/2023\/files\/2023\/02\/WCZRH-Mark-300x178.jpg 300w, https:\/\/switzerland.wordcamp.org\/2023\/files\/2023\/02\/WCZRH-Mark-1024x608.jpg 1024w, https:\/\/switzerland.wordcamp.org\/2023\/files\/2023\/02\/WCZRH-Mark-420x249.jpg 420w, https:\/\/switzerland.wordcamp.org\/2023\/files\/2023\/02\/WCZRH-Mark-768x456.jpg 768w, https:\/\/switzerland.wordcamp.org\/2023\/files\/2023\/02\/WCZRH-Mark-500x297.jpg 500w, https:\/\/switzerland.wordcamp.org\/2023\/files\/2023\/02\/WCZRH-Mark-1536x912.jpg 1536w\" sizes=\"auto, (max-width: 1600px) 100vw, 1600px\" \/><\/figure>\n\n\n<figure class=\"wp-block-image size-large\"><img loading=\"lazy\" decoding=\"async\" width=\"1024\" height=\"576\" src=\"https:\/\/switzerland.wordcamp.org\/2023\/files\/2022\/11\/wordcamp-schweiz-1024x576.jpg\" alt=\"WordCamp Zurich in 2019\" class=\"wp-image-995\" srcset=\"https:\/\/switzerland.wordcamp.org\/2023\/files\/2022\/11\/wordcamp-schweiz-1024x576.jpg 1024w, https:\/\/switzerland.wordcamp.org\/2023\/files\/2022\/11\/wordcamp-schweiz-300x169.jpg 300w, https:\/\/switzerland.wordcamp.org\/2023\/files\/2022\/11\/wordcamp-schweiz-768x432.jpg 768w, https:\/\/switzerland.wordcamp.org\/2023\/files\/2022\/11\/wordcamp-schweiz-500x281.jpg 500w, https:\/\/switzerland.wordcamp.org\/2023\/files\/2022\/11\/wordcamp-schweiz-1536x864.jpg 1536w, https:\/\/switzerland.wordcamp.org\/2023\/files\/2022\/11\/wordcamp-schweiz-2048x1152.jpg 2048w\" sizes=\"auto, (max-width: 1024px) 100vw, 1024px\" \/><\/figure>\n<\/div>\n<\/div>\n","protected":false},"excerpt":{"rendered":"<p>In English En Fran\u00e7ais Wir freuen uns, dir das offizielle Programm des WordCamp Switzerland bekannt geben zu k\u00f6nnen. Wir haben \u00fcber 38 Bewerbungen von 32 verschiedenen Personen erhalten, sodass wir eine Auswahl treffen mussten, um den Teilnehmenden das bestm\u00f6gliche Erlebnis zu bieten. Folgend erl\u00e4utern wir, wie wir (das Organisationsteam) die Auswahl auf demokratische und gleichberechtigte [&hellip;]<\/p>\n","protected":false},"author":14749094,"featured_media":3745,"parent":253,"menu_order":0,"comment_status":"closed","ping_status":"closed","template":"wp-custom-template-german-page","meta":{"jetpack_post_was_ever_published":false,"footnotes":""},"class_list":["post-3555","page","type-page","status-publish","has-post-thumbnail","hentry"],"jetpack_sharing_enabled":true,"_links":{"self":[{"href":"https:\/\/switzerland.wordcamp.org\/2023\/wp-json\/wp\/v2\/pages\/3555","targetHints":{"allow":["GET"]}}],"collection":[{"href":"https:\/\/switzerland.wordcamp.org\/2023\/wp-json\/wp\/v2\/pages"}],"about":[{"href":"https:\/\/switzerland.wordcamp.org\/2023\/wp-json\/wp\/v2\/types\/page"}],"author":[{"embeddable":true,"href":"https:\/\/switzerland.wordcamp.org\/2023\/wp-json\/wp\/v2\/users\/14749094"}],"replies":[{"embeddable":true,"href":"https:\/\/switzerland.wordcamp.org\/2023\/wp-json\/wp\/v2\/comments?post=3555"}],"version-history":[{"count":6,"href":"https:\/\/switzerland.wordcamp.org\/2023\/wp-json\/wp\/v2\/pages\/3555\/revisions"}],"predecessor-version":[{"id":3849,"href":"https:\/\/switzerland.wordcamp.org\/2023\/wp-json\/wp\/v2\/pages\/3555\/revisions\/3849"}],"up":[{"embeddable":true,"href":"https:\/\/switzerland.wordcamp.org\/2023\/wp-json\/wp\/v2\/pages\/253"}],"wp:featuredmedia":[{"embeddable":true,"href":"https:\/\/switzerland.wordcamp.org\/2023\/wp-json\/wp\/v2\/media\/3745"}],"wp:attachment":[{"href":"https:\/\/switzerland.wordcamp.org\/2023\/wp-json\/wp\/v2\/media?parent=3555"}],"curies":[{"name":"wp","href":"https:\/\/api.w.org\/{rel}","templated":true}]}}