{"id":3625,"date":"2023-02-21T17:42:51","date_gmt":"2023-02-21T16:42:51","guid":{"rendered":"https:\/\/switzerland.wordcamp.org\/2023\/?page_id=3625"},"modified":"2023-02-21T18:24:08","modified_gmt":"2023-02-21T17:24:08","slug":"pourquoi-prendre-ton-billet-aujourdhui","status":"publish","type":"page","link":"https:\/\/switzerland.wordcamp.org\/2023\/fr\/pourquoi-prendre-ton-billet-aujourdhui\/","title":{"rendered":"Pourquoi prendre ton billet pour le WordCamp Suisse aujourd&#8217;hui?"},"content":{"rendered":"\n<div class=\"wp-block-group has-small-font-size is-content-justification-left is-nowrap is-layout-flex wp-container-core-group-is-layout-fc9f69e7 wp-block-group-is-layout-flex\">\n<p><a href=\"https:\/\/switzerland.wordcamp.org\/2023\/why-should-you-purchase-your-ticket-today\/\" data-type=\"page\" data-id=\"3270\">In English<\/a><\/p>\n\n\n\n<p><a href=\"https:\/\/switzerland.wordcamp.org\/2023\/de\/weshalb-du-heute-dein-ticket-kaufen-solltest\/\">Auf Deutsch<\/a><\/p>\n<\/div>\n\n\n\n<hr class=\"wp-block-separator has-text-color has-cyan-bluish-gray-color has-alpha-channel-opacity has-cyan-bluish-gray-background-color has-background is-style-wide\" \/>\n\n\n\n<div class=\"wp-block-columns alignwide is-layout-flex wp-container-core-columns-is-layout-28f84493 wp-block-columns-is-layout-flex\">\n<div class=\"wp-block-column is-layout-flow wp-block-column-is-layout-flow\" style=\"flex-basis:66.66%\">\n<h2 class=\"wp-block-heading has-x-large-font-size\">T-shirts<\/h2>\n\n\n\n<p>Tout d&#8217;abord, comme souvent dans les WordCamps, nous offrons \u00e0 toutes les personnes inscrites un T-shirt de l&#8217;\u00e9v\u00e9nement, pour autant que ce souhait soit indiqu\u00e9 lors de l\u2019inscription. Nous devons toutefois d\u00e9j\u00e0 passer commande cette semaine, sur la base des tailles indiqu\u00e9es lors de l\u2019<a href=\"https:\/\/switzerland.wordcamp.org\/2023\/fr\/billetterie\/\">achat du billet<\/a>. Si tu ach\u00e8tes donc ton billet apr\u00e8s la date du 26 f\u00e9vrier, nous ne pouvons pas te garantir que tu auras un T-shirt, ce qui serait bien dommage !<\/p>\n\n\n\n<h2 class=\"wp-block-heading has-x-large-font-size\">Chambres d&#8217;h\u00f4tel au Centre Loewenberg<\/h2>\n\n\n\n<p>De la m\u00eame mani\u00e8re, nous nous basons sur les informations fournies lors de l\u2019achat du billet pour r\u00e9server au besoin les <a href=\"https:\/\/switzerland.wordcamp.org\/2023\/fr\/hebergement\/\">chambres d&#8217;h\u00f4tel<\/a> pour les participant.e.s. Bien entendu, il n&#8217;y a pas un nombre infini de chambres \u00e0 disposition ! Si tu veux t&#8217;assurer de pouvoir b\u00e9n\u00e9ficier d\u2019un h\u00e9bergement sur place, il ne faudrait plus tarder \u00e0 en faire la demande.<\/p>\n\n\n\n<h2 class=\"wp-block-heading has-x-large-font-size\">50 billets suppl\u00e9mentaires ?<\/h2>\n\n\n\n<p>Une autre raison pour acheter d\u00e8s maintenant ton billet est que nous visons un WordCamp aussi riche et diversifi\u00e9 que possible ! Nous avons pour l&#8217;instant r\u00e9serv\u00e9 les locaux pour 200 personnes, mais nous aimerions beaucoup augmenter le nombre de participants.e.s \u00e0 250. Toutefois, pour pouvoir augmenter le nombre de billets, il nous faut imp\u00e9rativement en vendre suffisamment dans les prochains jours!<\/p>\n\n\n\n<p>Nous savons qu&#8217;en g\u00e9n\u00e9ral, les participant.e.s aux WordCamps ont l&#8217;habitude de prendre leur billet au dernier moment. La date limite d\u2019inscription est fix\u00e9e au 16 mars 2023 pour ce WordCamp Suisse, car nous devons communiquer les chiffres le 17 mars au Centre Loewenberg pour des questions d\u2019organisation et de logistique. A ce moment-l\u00e0, il ne sera d\u00e9j\u00e0 plus possible d&#8217;augmenter le nombre de billets \u00e0 250. Ce serait dommage que tu ne te d\u00e9cides que le 15 mars et qu&#8217;\u00e0 ce moment, les 200 billets disponibles soient d\u00e9j\u00e0 partis.<\/p>\n\n\n\n<p>Nous nous r\u00e9jouissons donc d\u2019enregistrer <a href=\"https:\/\/switzerland.wordcamp.org\/2023\/fr\/billetterie\/\">de nombreuses inscriptions<\/a> au WordCamp Suisse 2023 d\u2019ici la fin de cette semaine !<\/p>\n<\/div>\n\n\n\n<div class=\"wp-block-column is-layout-flow wp-block-column-is-layout-flow\" style=\"flex-basis:33.33%\">\n<figure class=\"wp-block-image size-large\"><img loading=\"lazy\" decoding=\"async\" width=\"1024\" height=\"575\" src=\"https:\/\/switzerland.wordcamp.org\/2023\/files\/2022\/12\/wordpress_lanyards-1024x575.jpg\" alt=\"\" class=\"wp-image-1284\" srcset=\"https:\/\/switzerland.wordcamp.org\/2023\/files\/2022\/12\/wordpress_lanyards-1024x575.jpg 1024w, https:\/\/switzerland.wordcamp.org\/2023\/files\/2022\/12\/wordpress_lanyards-300x169.jpg 300w, https:\/\/switzerland.wordcamp.org\/2023\/files\/2022\/12\/wordpress_lanyards-768x431.jpg 768w, https:\/\/switzerland.wordcamp.org\/2023\/files\/2022\/12\/wordpress_lanyards-500x281.jpg 500w, https:\/\/switzerland.wordcamp.org\/2023\/files\/2022\/12\/wordpress_lanyards-1536x863.jpg 1536w, https:\/\/switzerland.wordcamp.org\/2023\/files\/2022\/12\/wordpress_lanyards.jpg 2047w\" sizes=\"auto, (max-width: 1024px) 100vw, 1024px\" \/><\/figure>\n\n\n\n<figure class=\"wp-block-image size-large\"><img loading=\"lazy\" decoding=\"async\" width=\"1024\" height=\"576\" src=\"https:\/\/switzerland.wordcamp.org\/2023\/files\/2022\/11\/wordcamp-schweiz-1024x576.jpg\" alt=\"WordCamp Zurich in 2019\" class=\"wp-image-995\" srcset=\"https:\/\/switzerland.wordcamp.org\/2023\/files\/2022\/11\/wordcamp-schweiz-1024x576.jpg 1024w, https:\/\/switzerland.wordcamp.org\/2023\/files\/2022\/11\/wordcamp-schweiz-300x169.jpg 300w, https:\/\/switzerland.wordcamp.org\/2023\/files\/2022\/11\/wordcamp-schweiz-768x432.jpg 768w, https:\/\/switzerland.wordcamp.org\/2023\/files\/2022\/11\/wordcamp-schweiz-500x281.jpg 500w, https:\/\/switzerland.wordcamp.org\/2023\/files\/2022\/11\/wordcamp-schweiz-1536x864.jpg 1536w, https:\/\/switzerland.wordcamp.org\/2023\/files\/2022\/11\/wordcamp-schweiz-2048x1152.jpg 2048w\" sizes=\"auto, (max-width: 1024px) 100vw, 1024px\" \/><\/figure>\n<\/div>\n<\/div>\n","protected":false},"excerpt":{"rendered":"<p>In English Auf Deutsch T-shirts Tout d&#8217;abord, comme souvent dans les WordCamps, nous offrons \u00e0 toutes les personnes inscrites un T-shirt de l&#8217;\u00e9v\u00e9nement, pour autant que ce souhait soit indiqu\u00e9 lors de l\u2019inscription. Nous devons toutefois d\u00e9j\u00e0 passer commande cette semaine, sur la base des tailles indiqu\u00e9es lors de l\u2019achat du billet. Si tu ach\u00e8tes [&hellip;]<\/p>\n","protected":false},"author":16484562,"featured_media":1284,"parent":267,"menu_order":0,"comment_status":"closed","ping_status":"closed","template":"wp-custom-template-french-page","meta":{"jetpack_post_was_ever_published":false,"footnotes":""},"class_list":["post-3625","page","type-page","status-publish","has-post-thumbnail","hentry"],"jetpack_sharing_enabled":true,"_links":{"self":[{"href":"https:\/\/switzerland.wordcamp.org\/2023\/wp-json\/wp\/v2\/pages\/3625","targetHints":{"allow":["GET"]}}],"collection":[{"href":"https:\/\/switzerland.wordcamp.org\/2023\/wp-json\/wp\/v2\/pages"}],"about":[{"href":"https:\/\/switzerland.wordcamp.org\/2023\/wp-json\/wp\/v2\/types\/page"}],"author":[{"embeddable":true,"href":"https:\/\/switzerland.wordcamp.org\/2023\/wp-json\/wp\/v2\/users\/16484562"}],"replies":[{"embeddable":true,"href":"https:\/\/switzerland.wordcamp.org\/2023\/wp-json\/wp\/v2\/comments?post=3625"}],"version-history":[{"count":5,"href":"https:\/\/switzerland.wordcamp.org\/2023\/wp-json\/wp\/v2\/pages\/3625\/revisions"}],"predecessor-version":[{"id":3650,"href":"https:\/\/switzerland.wordcamp.org\/2023\/wp-json\/wp\/v2\/pages\/3625\/revisions\/3650"}],"up":[{"embeddable":true,"href":"https:\/\/switzerland.wordcamp.org\/2023\/wp-json\/wp\/v2\/pages\/267"}],"wp:featuredmedia":[{"embeddable":true,"href":"https:\/\/switzerland.wordcamp.org\/2023\/wp-json\/wp\/v2\/media\/1284"}],"wp:attachment":[{"href":"https:\/\/switzerland.wordcamp.org\/2023\/wp-json\/wp\/v2\/media?parent=3625"}],"curies":[{"name":"wp","href":"https:\/\/api.w.org\/{rel}","templated":true}]}}