{"id":3626,"date":"2023-02-21T17:42:43","date_gmt":"2023-02-21T16:42:43","guid":{"rendered":"https:\/\/switzerland.wordcamp.org\/2023\/?page_id=3626"},"modified":"2023-02-21T18:23:02","modified_gmt":"2023-02-21T17:23:02","slug":"weshalb-du-heute-dein-ticket-kaufen-solltest","status":"publish","type":"page","link":"https:\/\/switzerland.wordcamp.org\/2023\/de\/weshalb-du-heute-dein-ticket-kaufen-solltest\/","title":{"rendered":"Weshalb du heute dein Ticket f\u00fcr das WordCamp Switzerland kaufen solltest"},"content":{"rendered":"\n<div class=\"wp-block-group has-small-font-size is-content-justification-left is-nowrap is-layout-flex wp-container-core-group-is-layout-fc9f69e7 wp-block-group-is-layout-flex\">\n<p><a href=\"https:\/\/switzerland.wordcamp.org\/2023\/why-should-you-purchase-your-ticket-today\/\" data-type=\"page\" data-id=\"3270\">In English<\/a><\/p>\n\n\n\n<p><a href=\"https:\/\/switzerland.wordcamp.org\/2023\/fr\/pourquoi-prendre-ton-billet-aujourdhui\/\">En fran\u00e7ais<\/a><\/p>\n<\/div>\n\n\n\n<hr class=\"wp-block-separator has-text-color has-cyan-bluish-gray-color has-alpha-channel-opacity has-cyan-bluish-gray-background-color has-background is-style-wide\" \/>\n\n\n\n<div class=\"wp-block-columns alignwide is-layout-flex wp-container-core-columns-is-layout-28f84493 wp-block-columns-is-layout-flex\">\n<div class=\"wp-block-column is-layout-flow wp-block-column-is-layout-flow\" style=\"flex-basis:66.66%\">\n<h2 class=\"wp-block-heading has-x-large-font-size\">T-shirts<\/h2>\n\n\n\n<p>Erstens bieten wir, wie so oft bei WordCamps, allen Teilnehmerinnen und Teilnehmern ein T-Shirt der Veranstaltung an, wenn dies bei der Anmeldung gew\u00fcnscht wird. Allerdings m\u00fcssen wir die Bestellung bereits diese Woche erledigen, damit die T-Shirts rechtzeitig vor dem Event fertiggestellt werden k\u00f6nnen. Sie richtet sich nach den T-Shirt-Gr\u00f6ssen, die beim <a href=\"https:\/\/switzerland.wordcamp.org\/2023\/de\/ticketverkauf\/\" data-type=\"page\" data-id=\"1823\">Kauf des Tickets<\/a> angegeben werden.&nbsp;<\/p>\n\n\n\n<p>Wenn du also dein Ticket nach dem 26. Februar kaufst, k\u00f6nnen wir leider nicht garantieren, dass du ein T-Shirt in deiner Gr\u00f6sse bekommen wirst, was sehr schade w\u00e4re.<\/p>\n\n\n\n<h2 class=\"wp-block-heading has-x-large-font-size\">Hotelzimmer im Centre Loewenberg<\/h2>\n\n\n\n<p>Ebenso werden wir die beim Ticketkauf angegebenen Informationen nutzen, um die ben\u00f6tigten <a href=\"https:\/\/switzerland.wordcamp.org\/2023\/de\/unterkunft\/\" data-type=\"page\" data-id=\"1491\">Hotelzimmer<\/a> f\u00fcr die Teilnehmer zu buchen. Es sind nat\u00fcrlich nicht unendlich viele Zimmer verf\u00fcgbar. Wenn du sichergehen m\u00f6chtest, dass du eine Unterkunft vor Ort hast, solltest du mit deiner Anfrage nicht l\u00e4nger warten.<\/p>\n\n\n\n<h2 class=\"wp-block-heading has-x-large-font-size\">50 zus\u00e4tzliche Tickets?<\/h2>\n\n\n\n<p>Ein weiterer Grund, dein Ticket jetzt zu kaufen, ist, dass wir das WordCamp so vielf\u00e4ltig wie m\u00f6glich gestalten wollen. Bislang haben wir den Veranstaltungsort f\u00fcr 200 Teilnehmende gebucht, aber wir w\u00fcrden diese Zahl gerne auf 250 erh\u00f6hen. Um die Anzahl der Tickets zu erh\u00f6hen, m\u00fcssen wir jedoch in den n\u00e4chsten Tagen gen\u00fcgend Tickets verkaufen.<\/p>\n\n\n\n<p>Wir wissen aus Erfahrung, dass WordCamp-Teilnehmer ihre Tickets meist in letzter Minute kaufen. Der Anmeldeschluss f\u00fcr das WordCamp Switzerland 2023 ist der 16. M\u00e4rz, da wir aus organisatorischen und logistischen Gr\u00fcnden die Teilnehmerzahl am 17. M\u00e4rz dem Centre Loewenberg mitteilen m\u00fcssen. Es w\u00e4re schade, wenn du dich erst am 15. M\u00e4rz entscheidest, zu kommen und dann sind alle Tickets schon weg.<\/p>\n\n\n\n<p>Wir freuen uns auf zahlreiche <a href=\"https:\/\/switzerland.wordcamp.org\/2023\/de\/ticketverkauf\/\" data-type=\"page\" data-id=\"1823\">Anmeldungen<\/a> f\u00fcr das WordCamp Switzerland 2023 bis Ende dieser Woche!<\/p>\n<\/div>\n\n\n\n<div class=\"wp-block-column is-layout-flow wp-block-column-is-layout-flow\" style=\"flex-basis:33.33%\">\n<figure class=\"wp-block-image size-large\"><img loading=\"lazy\" decoding=\"async\" width=\"1024\" height=\"575\" src=\"https:\/\/switzerland.wordcamp.org\/2023\/files\/2022\/12\/wordpress_lanyards-1024x575.jpg\" alt=\"\" class=\"wp-image-1284\" srcset=\"https:\/\/switzerland.wordcamp.org\/2023\/files\/2022\/12\/wordpress_lanyards-1024x575.jpg 1024w, https:\/\/switzerland.wordcamp.org\/2023\/files\/2022\/12\/wordpress_lanyards-300x169.jpg 300w, https:\/\/switzerland.wordcamp.org\/2023\/files\/2022\/12\/wordpress_lanyards-768x431.jpg 768w, https:\/\/switzerland.wordcamp.org\/2023\/files\/2022\/12\/wordpress_lanyards-500x281.jpg 500w, https:\/\/switzerland.wordcamp.org\/2023\/files\/2022\/12\/wordpress_lanyards-1536x863.jpg 1536w, https:\/\/switzerland.wordcamp.org\/2023\/files\/2022\/12\/wordpress_lanyards.jpg 2047w\" sizes=\"auto, (max-width: 1024px) 100vw, 1024px\" \/><\/figure>\n\n\n\n<figure class=\"wp-block-image size-large\"><img loading=\"lazy\" decoding=\"async\" width=\"1024\" height=\"576\" src=\"https:\/\/switzerland.wordcamp.org\/2023\/files\/2022\/11\/wordcamp-schweiz-1024x576.jpg\" alt=\"WordCamp Zurich in 2019\" class=\"wp-image-995\" srcset=\"https:\/\/switzerland.wordcamp.org\/2023\/files\/2022\/11\/wordcamp-schweiz-1024x576.jpg 1024w, https:\/\/switzerland.wordcamp.org\/2023\/files\/2022\/11\/wordcamp-schweiz-300x169.jpg 300w, https:\/\/switzerland.wordcamp.org\/2023\/files\/2022\/11\/wordcamp-schweiz-768x432.jpg 768w, https:\/\/switzerland.wordcamp.org\/2023\/files\/2022\/11\/wordcamp-schweiz-500x281.jpg 500w, https:\/\/switzerland.wordcamp.org\/2023\/files\/2022\/11\/wordcamp-schweiz-1536x864.jpg 1536w, https:\/\/switzerland.wordcamp.org\/2023\/files\/2022\/11\/wordcamp-schweiz-2048x1152.jpg 2048w\" sizes=\"auto, (max-width: 1024px) 100vw, 1024px\" \/><\/figure>\n<\/div>\n<\/div>\n","protected":false},"excerpt":{"rendered":"<p>In English En fran\u00e7ais T-shirts Erstens bieten wir, wie so oft bei WordCamps, allen Teilnehmerinnen und Teilnehmern ein T-Shirt der Veranstaltung an, wenn dies bei der Anmeldung gew\u00fcnscht wird. Allerdings m\u00fcssen wir die Bestellung bereits diese Woche erledigen, damit die T-Shirts rechtzeitig vor dem Event fertiggestellt werden k\u00f6nnen. Sie richtet sich nach den T-Shirt-Gr\u00f6ssen, die [&hellip;]<\/p>\n","protected":false},"author":16484562,"featured_media":1284,"parent":253,"menu_order":0,"comment_status":"closed","ping_status":"closed","template":"wp-custom-template-german-page","meta":{"jetpack_post_was_ever_published":false,"footnotes":""},"class_list":["post-3626","page","type-page","status-publish","has-post-thumbnail","hentry"],"jetpack_sharing_enabled":true,"_links":{"self":[{"href":"https:\/\/switzerland.wordcamp.org\/2023\/wp-json\/wp\/v2\/pages\/3626","targetHints":{"allow":["GET"]}}],"collection":[{"href":"https:\/\/switzerland.wordcamp.org\/2023\/wp-json\/wp\/v2\/pages"}],"about":[{"href":"https:\/\/switzerland.wordcamp.org\/2023\/wp-json\/wp\/v2\/types\/page"}],"author":[{"embeddable":true,"href":"https:\/\/switzerland.wordcamp.org\/2023\/wp-json\/wp\/v2\/users\/16484562"}],"replies":[{"embeddable":true,"href":"https:\/\/switzerland.wordcamp.org\/2023\/wp-json\/wp\/v2\/comments?post=3626"}],"version-history":[{"count":4,"href":"https:\/\/switzerland.wordcamp.org\/2023\/wp-json\/wp\/v2\/pages\/3626\/revisions"}],"predecessor-version":[{"id":3648,"href":"https:\/\/switzerland.wordcamp.org\/2023\/wp-json\/wp\/v2\/pages\/3626\/revisions\/3648"}],"up":[{"embeddable":true,"href":"https:\/\/switzerland.wordcamp.org\/2023\/wp-json\/wp\/v2\/pages\/253"}],"wp:featuredmedia":[{"embeddable":true,"href":"https:\/\/switzerland.wordcamp.org\/2023\/wp-json\/wp\/v2\/media\/1284"}],"wp:attachment":[{"href":"https:\/\/switzerland.wordcamp.org\/2023\/wp-json\/wp\/v2\/media?parent=3626"}],"curies":[{"name":"wp","href":"https:\/\/api.w.org\/{rel}","templated":true}]}}