{"id":633,"date":"2022-10-10T12:16:20","date_gmt":"2022-10-10T10:16:20","guid":{"rendered":"https:\/\/switzerland.wordcamp.org\/2023\/?page_id=633"},"modified":"2023-02-27T12:41:44","modified_gmt":"2023-02-27T11:41:44","slug":"appel-a-sponsors","status":"publish","type":"page","link":"https:\/\/switzerland.wordcamp.org\/2023\/fr\/contribuer\/appel-a-sponsors\/","title":{"rendered":"Appel \u00e0 Sponsors"},"content":{"rendered":"\n<div class=\"wp-block-group has-small-font-size is-content-justification-left is-nowrap is-layout-flex wp-container-core-group-is-layout-fc9f69e7 wp-block-group-is-layout-flex\">\n<p><a href=\"https:\/\/switzerland.wordcamp.org\/2023\/de\/helfen\/call-for-sponsors\/\" data-type=\"page\" data-id=\"650\">Auf Deutsch<\/a><\/p>\n\n\n\n<p><a href=\"https:\/\/switzerland.wordcamp.org\/2023\/contribute\/call-for-sponsors\/\" data-type=\"page\" data-id=\"299\">In English<\/a><\/p>\n<\/div>\n\n\n\n<div class=\"wp-block-columns alignwide is-layout-flex wp-container-core-columns-is-layout-66fad18a wp-block-columns-is-layout-flex\">\n<div class=\"wp-block-column is-layout-flow wp-block-column-is-layout-flow\" style=\"flex-basis:66.66%\">\n<p class=\"has-background-color has-vivid-red-background-color has-text-color has-background has-link-color wp-elements-0c4ee0248a410a02d6f69ceb9a2d57e2\"><strong>L&#8217;appel \u00e0 sponsors est maintenant ferm\u00e9. Merci d&#8217;utiliser le formulaire de <a href=\"https:\/\/switzerland.wordcamp.org\/2023\/fr\/contact\/\" data-type=\"page\" data-id=\"661\">contact<\/a> pour toute information.<\/strong><\/p>\n\n\n\n<hr class=\"wp-block-separator has-alpha-channel-opacity\" \/>\n\n\n\n<p>Les <a href=\"https:\/\/central.wordcamp.org\/\">WordCamps<\/a> sont des \u00e9v\u00e8nements \u00e0 but non-lucratif organis\u00e9s par des membres de la communaut\u00e9 de fa\u00e7on b\u00e9n\u00e9vole. Les <a href=\"https:\/\/www.meetup.com\/pro\/wordpress\">meetups<\/a> ayant lieu r\u00e9guli\u00e8rement dans les villes suisses comme <a href=\"https:\/\/www.meetup.com\/WordPress-Baden\/\">Baden<\/a>, <a href=\"https:\/\/www.meetup.com\/de-DE\/WordPress-Bern\/\">Berne<\/a>, <a href=\"https:\/\/www.meetup.com\/WebDev-Chur\/\">Coire<\/a>, <a href=\"https:\/\/www.meetup.com\/Fribourg-WordPress-Meetup\/\">Fribourg<\/a>, <a href=\"https:\/\/www.meetup.com\/geneva-wordpress\/\">Gen\u00e8ve<\/a>, <a href=\"https:\/\/www.meetup.com\/Lausanne-WordPress-Meetup\/\">Lausanne<\/a>, <a href=\"https:\/\/www.meetup.com\/WordPress-Meetup-Luzern-by-webkinder-ch\/\">Lucerne<\/a>, <a href=\"https:\/\/www.meetup.com\/Lugano-WordPress-Meetup\/\">Lugano<\/a>, <a href=\"https:\/\/www.meetup.com\/WordPress-Neuchatel\/\">Neuch\u00e2tel<\/a>, <a href=\"https:\/\/www.meetup.com\/Sion-WordPress-Meetup\/\">Sion <\/a>et <a href=\"https:\/\/www.meetup.com\/WordPress-Zurich\/\">Z\u00fcrich<\/a>, contribuent \u00e0 renforcer cette communaut\u00e9.<\/p>\n\n\n\n<p>Les WordCamps suisses offrent \u00e0 tous l&#8217;opportunit\u00e9 de participer, \u00e9changer des id\u00e9es, mieux se conna\u00eetre et partager du savoir pour l&#8217;am\u00e9lioration de WordPress et des sites WordPress.<\/p>\n\n\n\n<p>Sponsoriser le WordCamp Switzerland et tout d&#8217;abord l&#8217;opportunit\u00e9 pour vous de rendre \u00e0 la communaut\u00e9 WordPress et aussi de pr\u00e9senter vos produits \u00e0 nos participant-e-s.<\/p>\n\n\n\n<p>Nous attendons entre 200 et 250 participant-e-s.<\/p>\n\n\n\n<h2 class=\"wp-block-heading has-x-large-font-size\" id=\"niveaux-de-sponsoring\">Niveaux de Sponsoring<\/h2>\n\n\n\n<p>Pour aider \u00e0 faire du WordCamp Switzerland 2023 un succ\u00e8s, nous cherchons des sponsors dans les cat\u00e9gories suivantes.<\/p>\n\n\n\n<h3 class=\"wp-block-heading has-large-font-size\" id=\"or-chf-2000\">Gold : CHF 2000<\/h3>\n\n\n\n<ul class=\"wp-block-list\">\n<li>4 billets inclus<\/li>\n\n\n\n<li>Nom de l\u2019entreprise, logo, lien et description (grande, 1200 caract\u00e8res maximum) sur le site web WordCamp Switzerland<\/li>\n\n\n\n<li>Mention et remerciements individuels lors des remarques d\u2019ouverture et de cl\u00f4ture<\/li>\n\n\n\n<li>Grand espace individuel pour une table de sponsor permettant de discuter avec les participants et distribuer vos goodies<\/li>\n\n\n\n<li>Votre logo sur les \u00e9crans entre les pr\u00e9sentations (grand)<\/li>\n\n\n\n<li>Repas pour 4 personnes lors de la pr\u00e9-soir\u00e9e du vendredi<\/li>\n\n\n\n<li>Article individuel de remerciement des sponsors, partag\u00e9 sur les r\u00e9seaux sociaux <\/li>\n<\/ul>\n\n\n\n<h3 class=\"wp-block-heading has-large-font-size\" id=\"argent-chf-1000\">Silver: CHF 1000<\/h3>\n\n\n\n<ul class=\"wp-block-list\">\n<li>2 billets inclus<\/li>\n\n\n\n<li>Nom de l\u2019entreprise, logo, lien et description (moyenne, 800 caract\u00e8res maximum) sur le site web WordCamp Switzerland<\/li>\n\n\n\n<li>Mention et remerciements lors des remarques d\u2019ouverture et de cl\u00f4ture<\/li>\n\n\n\n<li>Espace individuel moyen pour une table de sponsor permettant de discuter avec les participants et distribuer vos goodies<\/li>\n\n\n\n<li>Votre logo sur les \u00e9crans entre les pr\u00e9sentations (moyen)<\/li>\n\n\n\n<li>Repas pour 2 personnes lors de la pr\u00e9-soir\u00e9e du vendredi<\/li>\n\n\n\n<li>Article group\u00e9 de remerciement des sponsors, partag\u00e9 sur les r\u00e9seaux sociaux <\/li>\n<\/ul>\n\n\n\n<h3 class=\"wp-block-heading has-large-font-size\" id=\"bronze-chf-500\">Bronze : CHF 500<\/h3>\n\n\n\n<ul class=\"wp-block-list\">\n<li>1 billet inclus<\/li>\n\n\n\n<li>Nom de l\u2019entreprise, logo, lien et description (courte, 400 caract\u00e8res maximum) sur le site web WordCamp Switzerland<\/li>\n\n\n\n<li>Remerciements lors des remarques d\u2019ouverture et de cl\u00f4ture<\/li>\n\n\n\n<li>Table partag\u00e9e entre tous les sponsors Bronze permettant de distribuer vos goodies<\/li>\n\n\n\n<li>Votre logo sur les \u00e9crans entre les pr\u00e9sentations (petit)<\/li>\n\n\n\n<li>Repas pour 1 personne lors de la pr\u00e9-soir\u00e9e du vendredi<\/li>\n\n\n\n<li>Article group\u00e9 de remerciement des sponsors, partag\u00e9 sur les r\u00e9seaux sociaux <\/li>\n<\/ul>\n\n\n\n<h3 class=\"wp-block-heading has-large-font-size\" id=\"micro-chf-150\">Micro : CHF 150<\/h3>\n\n\n\n<ul class=\"wp-block-list\">\n<li>1 billet inclus, achetable sur la page de <a href=\"https:\/\/switzerland.wordcamp.org\/2023\/fr\/billetterie\/\" data-type=\"page\" data-id=\"1809\">commande de billets<\/a> pour CHF 150.-<\/li>\n\n\n\n<li>Logo et lien sur le site web WordCamp Switzerland<\/li>\n\n\n\n<li>Mention et remerciements group\u00e9s lors des remarques d\u2019ouverture et de cl\u00f4ture <\/li>\n<\/ul>\n\n\n\n<h3 class=\"wp-block-heading has-large-font-size\" id=\"en-nature\">En nature<\/h3>\n\n\n\n<ul class=\"wp-block-list\">\n<li>Vous sponsorisez une activit\u00e9 ou offrez un service<\/li>\n\n\n\n<li>Votre logo projet\u00e9 entre les pr\u00e9sentations (taille d\u00e9pendant de la valeur du sponsoring)<\/li>\n<\/ul>\n\n\n\n<h2 class=\"wp-block-heading has-x-large-font-size\" id=\"interesse-e\">Int\u00e9ress\u00e9.e ?<\/h2>\n\n\n\n<p>Si votre entreprise d\u00e9sire soutenir cet \u00e9v\u00e8nement open source, veuillez remplir le formulaire ci-dessous, ou nous <a href=\"https:\/\/switzerland.wordcamp.org\/2023\/contact\/\" data-type=\"page\" data-id=\"17\">contacter<\/a> pour de plus amples informations.<\/p>\n\n\n\n<p><strong>Merci de prendre un moment pour aller lire <a href=\"https:\/\/switzerland.wordcamp.org\/2023\/fr\/contribuer\/accord\/\" data-type=\"page\" data-id=\"863\" target=\"_blank\" rel=\"noreferrer noopener\">l&#8217;accord<\/a> entre les organisateur.trice.s de WordCamp, orateur.trice.s, sponsors et b\u00e9n\u00e9voles.<\/strong><\/p>\n<\/div>\n\n\n\n<div class=\"wp-block-column is-layout-flow wp-block-column-is-layout-flow\" style=\"flex-basis:33.33%\">\n<figure class=\"wp-block-image size-full\"><img loading=\"lazy\" decoding=\"async\" width=\"800\" height=\"450\" src=\"https:\/\/switzerland.wordcamp.org\/2023\/files\/2022\/11\/WordCamp-Sponsorship__5840964011367.png\" alt=\"Wapuu stickers\" class=\"wp-image-1004\" srcset=\"https:\/\/switzerland.wordcamp.org\/2023\/files\/2022\/11\/WordCamp-Sponsorship__5840964011367.png 800w, https:\/\/switzerland.wordcamp.org\/2023\/files\/2022\/11\/WordCamp-Sponsorship__5840964011367-300x169.png 300w, https:\/\/switzerland.wordcamp.org\/2023\/files\/2022\/11\/WordCamp-Sponsorship__5840964011367-768x432.png 768w, https:\/\/switzerland.wordcamp.org\/2023\/files\/2022\/11\/WordCamp-Sponsorship__5840964011367-500x281.png 500w\" sizes=\"auto, (max-width: 800px) 100vw, 800px\" \/><\/figure>\n<\/div>\n<\/div>\n","protected":false},"excerpt":{"rendered":"<p>Auf Deutsch In English L&#8217;appel \u00e0 sponsors est maintenant ferm\u00e9. Merci d&#8217;utiliser le formulaire de contact pour toute information. Les WordCamps sont des \u00e9v\u00e8nements \u00e0 but non-lucratif organis\u00e9s par des membres de la communaut\u00e9 de fa\u00e7on b\u00e9n\u00e9vole. Les meetups ayant lieu r\u00e9guli\u00e8rement dans les villes suisses comme Baden, Berne, Coire, Fribourg, Gen\u00e8ve, Lausanne, Lucerne, Lugano, [&hellip;]<\/p>\n","protected":false},"author":5101522,"featured_media":154,"parent":636,"menu_order":0,"comment_status":"closed","ping_status":"closed","template":"wp-custom-template-french-page","meta":{"jetpack_post_was_ever_published":false,"footnotes":""},"class_list":["post-633","page","type-page","status-publish","has-post-thumbnail","hentry"],"jetpack_sharing_enabled":true,"_links":{"self":[{"href":"https:\/\/switzerland.wordcamp.org\/2023\/wp-json\/wp\/v2\/pages\/633","targetHints":{"allow":["GET"]}}],"collection":[{"href":"https:\/\/switzerland.wordcamp.org\/2023\/wp-json\/wp\/v2\/pages"}],"about":[{"href":"https:\/\/switzerland.wordcamp.org\/2023\/wp-json\/wp\/v2\/types\/page"}],"author":[{"embeddable":true,"href":"https:\/\/switzerland.wordcamp.org\/2023\/wp-json\/wp\/v2\/users\/5101522"}],"replies":[{"embeddable":true,"href":"https:\/\/switzerland.wordcamp.org\/2023\/wp-json\/wp\/v2\/comments?post=633"}],"version-history":[{"count":26,"href":"https:\/\/switzerland.wordcamp.org\/2023\/wp-json\/wp\/v2\/pages\/633\/revisions"}],"predecessor-version":[{"id":3959,"href":"https:\/\/switzerland.wordcamp.org\/2023\/wp-json\/wp\/v2\/pages\/633\/revisions\/3959"}],"up":[{"embeddable":true,"href":"https:\/\/switzerland.wordcamp.org\/2023\/wp-json\/wp\/v2\/pages\/636"}],"wp:featuredmedia":[{"embeddable":true,"href":"https:\/\/switzerland.wordcamp.org\/2023\/wp-json\/wp\/v2\/media\/154"}],"wp:attachment":[{"href":"https:\/\/switzerland.wordcamp.org\/2023\/wp-json\/wp\/v2\/media?parent=633"}],"curies":[{"name":"wp","href":"https:\/\/api.w.org\/{rel}","templated":true}]}}