{"id":681,"date":"2022-10-11T11:06:36","date_gmt":"2022-10-11T09:06:36","guid":{"rendered":"https:\/\/switzerland.wordcamp.org\/2023\/?page_id=681"},"modified":"2023-03-21T08:18:53","modified_gmt":"2023-03-21T07:18:53","slug":"verhaltenskodex","status":"publish","type":"page","link":"https:\/\/switzerland.wordcamp.org\/2023\/de\/verhaltenskodex\/","title":{"rendered":"Verhaltenskodex"},"content":{"rendered":"\n<div class=\"wp-block-group has-small-font-size is-content-justification-left is-nowrap is-layout-flex wp-container-core-group-is-layout-f2e70619 wp-block-group-is-layout-flex\">\n<p class=\"wp-block-paragraph\"><a href=\"https:\/\/switzerland.wordcamp.org\/2023\/fr\/code-de-conduite\/\" data-type=\"page\" data-id=\"686\">En fran\u00e7ais<\/a><\/p>\n\n\n\n<p class=\"wp-block-paragraph\"><a href=\"https:\/\/switzerland.wordcamp.org\/2023\/code-of-conduct\/\" data-type=\"page\" data-id=\"21\">In English<\/a><\/p>\n<\/div>\n\n\n\n<div class=\"wp-block-columns alignwide is-layout-flex wp-container-core-columns-is-layout-1d541eb1 wp-block-columns-is-layout-flex\">\n<div class=\"wp-block-column is-layout-flow wp-block-column-is-layout-flow\" style=\"flex-basis:66.66%\">\n<h2 class=\"wp-block-heading has-x-large-font-size\">1. Zweck<\/h2>\n\n\n\n<p class=\"wp-block-paragraph\">WordCamp Schweiz glaubt, dass unsere Community wirklich offen f\u00fcr alle sein sollte. Als solches verpflichten wir uns, allen ein freundliches, sicheres und einladendes Umfeld zu bieten, unabh\u00e4ngig von Geschlecht, sexueller Orientierung, Behinderung, ethnischer Zugeh\u00f6rigkeit, Religion, Alter, Kaste, sozialer Klasse, bevorzugtem Betriebssystem, Programmiersprache oder Texteditor andere Erkennungsmerkmale.<\/p>\n\n\n\n<p class=\"wp-block-paragraph\">Dieser Verhaltenskodex umreisst unsere Erwartungen an das Teilnehmerverhalten sowie die Konsequenzen f\u00fcr inakzeptables Verhalten.<\/p>\n\n\n\n<p class=\"wp-block-paragraph\">Wir laden alle Sponsoren, Freiwilligen, Referenten und Teilnehmer ein, uns dabei zu helfen, ein sicheres und positives Konferenzerlebnis f\u00fcr alle zu realisieren.<\/p>\n\n\n\n<h2 class=\"wp-block-heading\">2. Open-Source-B\u00fcrgerschaft<\/h2>\n\n\n\n<p class=\"wp-block-paragraph\">Ein zus\u00e4tzliches Ziel dieses Verhaltenskodexes ist es, die Open-Source-B\u00fcrgerschaft zu st\u00e4rken, indem die Teilnehmer dazu ermutigt werden, die Beziehungen zwischen unserer Arbeit und der Gemeinschaft als Ganzes zu erkennen und zu st\u00e4rken.<\/p>\n\n\n\n<p class=\"wp-block-paragraph\">Um dieses Ziel zu erreichen, werden die Organisatoren des WordCamp Switzerland w\u00e4hrend der gesamten Veranstaltung Nominierungen f\u00fcr vorbildliche B\u00fcrgerinnen und B\u00fcrger entgegennehmen und ausgew\u00e4hlte Teilnehmer nach der Konferenz auf der Website auszeichnen.<\/p>\n\n\n\n<p class=\"wp-block-paragraph\">Wenn Sie jemanden sehen, der sich besonders daf\u00fcr einsetzt, dass unsere Gemeinschaft einladend und freundlich ist und alle Teilnehmer dazu ermutigt, ihren Beitrag in vollem Umfang zu leisten, wollen wir das wissen! Bitte setzen Sie sich mit uns in Verbindung, indem Sie mit einem Organisator sprechen oder das Kontaktformular auf dieser Website verwenden.<\/p>\n\n\n\n<h2 class=\"wp-block-heading has-x-large-font-size\">3. Erwartetes Verhalten<\/h2>\n\n\n\n<ul class=\"wp-block-list\">\n<li>Sei r\u00fccksichtsvoll, respektvoll und kooperativ.<\/li>\n\n\n\n<li>Unterlassen Sie erniedrigendes, diskriminierendes oder bel\u00e4stigendes Verhalten und Reden.<\/li>\n\n\n\n<li>Achten Sie auf Ihre Umgebung und auf Ihre Mitteilnehmer. Benachrichtigen Sie die Organisatoren von Konferenzen, wenn Sie eine gef\u00e4hrliche Situation oder jemanden in Not bemerken.<\/li>\n\n\n\n<li>Beteiligen Sie sich authentisch und aktiv. Damit hilfst du mit, das WordCamp Schweiz zu erschaffen und zu deinem eigenen zu machen.<\/li>\n<\/ul>\n\n\n\n<h2 class=\"wp-block-heading has-x-large-font-size\">4. Inakzeptables Verhalten<\/h2>\n\n\n\n<p class=\"wp-block-paragraph\">Inakzeptable Verhaltensweisen umfassen: Einsch\u00fcchterung, Bel\u00e4stigung, beleidigendes, diskriminierendes, herabw\u00fcrdigendes oder erniedrigendes Verhalten von Teilnehmern des WordCamp Schweiz und verwandter Veranstaltungen. Alle Veranstaltungsorte des WordCamp Schweiz k\u00f6nnen mit der \u00d6ffentlichkeit geteilt werden; Bitte seien Sie respektvoll gegen\u00fcber allen G\u00f6nnern dieser Orte.<\/p>\n\n\n\n<p class=\"wp-block-paragraph\">Bel\u00e4stigung umfasst: beleidigende verbale Kommentare in Bezug auf Geschlecht, sexuelle Orientierung, Rasse, Religion, Behinderung; unangemessene Verwendung von Nacktheit und\/oder sexuellen Bildern im \u00f6ffentlichen Raum (einschliesslich Pr\u00e4sentationsfolien); vors\u00e4tzliche Einsch\u00fcchterung, Stalking oder Verfolgung; Bel\u00e4stigendes Fotografieren oder Aufnehmen; nachhaltige St\u00f6rung von Gespr\u00e4chen oder anderen Veranstaltungen; unangemessener k\u00f6rperlicher Kontakt und unerw\u00fcnschte sexuelle Aufmerksamkeit.<\/p>\n\n\n\n<h2 class=\"wp-block-heading has-x-large-font-size\">5. Folgen von inakzeptablem Verhalten<\/h2>\n\n\n\n<p class=\"wp-block-paragraph\">Inakzeptables Verhalten wird nicht toleriert, sei es von anderen Teilnehmern, Organisatoren, Mitarbeitern des Veranstaltungsortes, Sponsoren oder anderen G\u00f6nnern der Veranstaltungsorte von WordCamp Schweiz.<\/p>\n\n\n\n<p class=\"wp-block-paragraph\">Von jedem, der aufgefordert wird, inakzeptables Verhalten zu unterbinden, wird erwartet, dass er sich unverz\u00fcglich daran h\u00e4lt.<\/p>\n\n\n\n<p class=\"wp-block-paragraph\">Wenn ein Teilnehmer ein inakzeptables Verhalten zeigt, k\u00f6nnen die Organisatoren der Konferenz alle Massnahmen ergreifen, die sie f\u00fcr angemessen halten, bis hin zum Ausschluss von der Konferenz ohne Vorwarnung oder R\u00fcckerstattung.<\/p>\n\n\n\n<h2 class=\"wp-block-heading has-x-large-font-size\">6. Was zu tun ist, wenn Sie Zeuge von inakzeptablem Verhalten werden oder einem solchen ausgesetzt sind<\/h2>\n\n\n\n<p class=\"wp-block-paragraph\">Inakzeptables Verhalten wird nicht toleriert, weder von anderen Teilnehmern, Organisatoren, Mitarbeitern des Veranstaltungsortes, Sponsoren oder anderen Besuchern des WordCamp Switzerland Veranstaltungsortes.<\/p>\n\n\n\n<p class=\"wp-block-paragraph\">Von jedem, der aufgefordert wird, inakzeptables Verhalten einzustellen, wird erwartet, dass er dem sofort nachkommt.<\/p>\n\n\n\n<p class=\"wp-block-paragraph\">Bei inakzeptablem Verhalten eines Teilnehmers\/einer Teilnehmerin k\u00f6nnen die Konferenzorganisatoren alle ihnen angemessen erscheinenden Massnahmen ergreifen, bis hin zum Ausschluss von der Konferenz ohne Warnung oder R\u00fcckerstattung.<\/p>\n\n\n\n<h2 class=\"wp-block-heading has-x-large-font-size\">7. Umfang<\/h2>\n\n\n\n<p class=\"wp-block-paragraph\">Wir erwarten von allen Konferenzteilnehmern (Sponsoren, Freiwilligen, Rednern, Teilnehmern und anderen G\u00e4sten), dass sie sich an allen Konferenzorten und konferenzbezogenen gesellschaftlichen Veranstaltungen an diesen Verhaltenskodex halten.<\/p>\n\n\n\n<h2 class=\"wp-block-heading has-x-large-font-size\">8. Kontaktinformationen<\/h2>\n\n\n\n<p class=\"wp-block-paragraph\">Bitte wenden Sie sich direkt an eines der WordCamp Schweiz-Teams, nutzen Sie unsere <a href=\"https:\/\/switzerland.wordcamp.org\/2023\/de\/kontakt\/\" data-type=\"page\" data-id=\"667\">Kontaktseite<\/a> oder schreiben Sie uns an: <a href=\"mailto:switzerland@wordcamp.org\">switzerland@wordcamp.org<\/a>.<\/p>\n\n\n\n<h2 class=\"wp-block-heading has-x-large-font-size\">9. Lizenz und Namensnennung<\/h2>\n\n\n\n<p class=\"wp-block-paragraph\">Dieser Verhaltenskodex ist ein direkter Abklatsch von der grossartigen Arbeit von Open Source Bridge, aber mit unseren Veranstaltungsinformationen ersetzt. Das Original ist unter <a href=\"http:\/\/web.archive.org\/web\/20191206083557\/http:\/\/opensourcebridge.org\/about\/code-of-conduct\/\">Open Source Bridge 2018 [archiviert]<\/a> verf\u00fcgbar und wird unter einer <a href=\"http:\/\/creativecommons.org\/licenses\/by-sa\/3.0\/\">Creative Commons Attribution-ShareAlike-Lizenz<\/a> ver\u00f6ffentlicht.<\/p>\n\n\n\n<p class=\"wp-block-paragraph\"><\/p>\n\n\n\n<p class=\"has-large-font-size wp-block-paragraph\"><strong>Erkl\u00e4rung zu Socials oder erg\u00e4nzenden Veranstaltungen<\/strong><\/p>\n\n\n\n<p class=\"wp-block-paragraph\">Gesellige und erg\u00e4nzende Veranstaltungen sollen die M\u00f6glichkeit bieten, Kontakte zu kn\u00fcpfen, sich weiterzubilden und sich nach einem vollen WordCamp zu entspannen. Sie sollten auch Orte sein, an denen sich die Teilnehmer sicher und geborgen f\u00fchlen k\u00f6nnen.<\/p>\n\n\n\n<p class=\"wp-block-paragraph\">Wir m\u00f6chten, dass Sie sich bei diesen Veranstaltungen am\u00fcsieren, und wir m\u00f6chten, dass Sie dies sicher tun. Wenn Sie einen Versto\u00df gegen den Verhaltenskodex feststellen, einen Versto\u00df sehen, sich Sorgen um das Wohlbefinden, die Sicherheit oder das Verhalten eines anderen Teilnehmers machen oder eine allgemeine Frage haben (wir verstehen, dass Verst\u00f6\u00dfe nicht immer offensichtlich sind!), kontaktieren Sie uns sofort, indem Sie einen WordCamp-Organisator benachrichtigen oder eine E-Mail an report@wordcamp.org senden.<\/p>\n\n\n\n<p class=\"wp-block-paragraph\">Wenn Sie bei pers\u00f6nlichen Veranstaltungen Hilfe ben\u00f6tigen oder nicht in der Lage sind, sich bequem oder sicher aus einer Situation zu entfernen, in der Sie nicht sein m\u00f6chten, werden die Organisatoren Ihnen sofort und diskret helfen. Einige Beispiele sind: Sie f\u00fchlen sich nicht wohl, Ihre Transportm\u00f6glichkeiten sind nicht gegeben, Sie sind betrunken, Sie sind allein oder mit jemandem zusammen, dem Sie nicht vertrauen, Sie sind \u00fcberfordert, Sie haben einen Versto\u00df gegen den Verhaltenskodex erlebt oder waren Zeuge eines solchen. Bitten Sie einen Freiwilligen oder Organisator in der N\u00e4he, Ihnen zu helfen.<\/p>\n<\/div>\n\n\n\n<div class=\"wp-block-column is-layout-flow wp-block-column-is-layout-flow\" style=\"flex-basis:33.33%\">\n<figure class=\"wp-block-image size-large\"><img loading=\"lazy\" decoding=\"async\" width=\"683\" height=\"1024\" src=\"https:\/\/switzerland.wordcamp.org\/2023\/files\/2022\/11\/krakenimages-Y5bvRlcCx8k-unsplash-683x1024.jpg\" alt=\"\" class=\"wp-image-1035\" srcset=\"https:\/\/switzerland.wordcamp.org\/2023\/files\/2022\/11\/krakenimages-Y5bvRlcCx8k-unsplash-683x1024.jpg 683w, https:\/\/switzerland.wordcamp.org\/2023\/files\/2022\/11\/krakenimages-Y5bvRlcCx8k-unsplash-200x300.jpg 200w, https:\/\/switzerland.wordcamp.org\/2023\/files\/2022\/11\/krakenimages-Y5bvRlcCx8k-unsplash-768x1152.jpg 768w, https:\/\/switzerland.wordcamp.org\/2023\/files\/2022\/11\/krakenimages-Y5bvRlcCx8k-unsplash-1024x1536.jpg 1024w, https:\/\/switzerland.wordcamp.org\/2023\/files\/2022\/11\/krakenimages-Y5bvRlcCx8k-unsplash-1365x2048.jpg 1365w, https:\/\/switzerland.wordcamp.org\/2023\/files\/2022\/11\/krakenimages-Y5bvRlcCx8k-unsplash-scaled.jpg 1707w\" sizes=\"auto, (max-width: 683px) 100vw, 683px\" \/><\/figure>\n<\/div>\n<\/div>\n","protected":false},"excerpt":{"rendered":"<p>En fran\u00e7ais In English 1. Zweck WordCamp Schweiz glaubt, dass unsere Community wirklich offen f\u00fcr alle sein sollte. Als solches verpflichten wir uns, allen ein freundliches, sicheres und einladendes Umfeld zu bieten, unabh\u00e4ngig von Geschlecht, sexueller Orientierung, Behinderung, ethnischer Zugeh\u00f6rigkeit, Religion, Alter, Kaste, sozialer Klasse, bevorzugtem Betriebssystem, Programmiersprache oder Texteditor andere Erkennungsmerkmale. Dieser Verhaltenskodex umreisst [&hellip;]<\/p>\n","protected":false},"author":5101522,"featured_media":154,"parent":253,"menu_order":0,"comment_status":"closed","ping_status":"closed","template":"wp-custom-template-german-page","meta":{"_crdt_document":"","jetpack_post_was_ever_published":false,"footnotes":""},"class_list":["post-681","page","type-page","status-publish","has-post-thumbnail","hentry"],"jetpack_sharing_enabled":true,"_links":{"self":[{"href":"https:\/\/switzerland.wordcamp.org\/2023\/wp-json\/wp\/v2\/pages\/681","targetHints":{"allow":["GET"]}}],"collection":[{"href":"https:\/\/switzerland.wordcamp.org\/2023\/wp-json\/wp\/v2\/pages"}],"about":[{"href":"https:\/\/switzerland.wordcamp.org\/2023\/wp-json\/wp\/v2\/types\/page"}],"author":[{"embeddable":true,"href":"https:\/\/switzerland.wordcamp.org\/2023\/wp-json\/wp\/v2\/users\/5101522"}],"replies":[{"embeddable":true,"href":"https:\/\/switzerland.wordcamp.org\/2023\/wp-json\/wp\/v2\/comments?post=681"}],"version-history":[{"count":10,"href":"https:\/\/switzerland.wordcamp.org\/2023\/wp-json\/wp\/v2\/pages\/681\/revisions"}],"predecessor-version":[{"id":4272,"href":"https:\/\/switzerland.wordcamp.org\/2023\/wp-json\/wp\/v2\/pages\/681\/revisions\/4272"}],"up":[{"embeddable":true,"href":"https:\/\/switzerland.wordcamp.org\/2023\/wp-json\/wp\/v2\/pages\/253"}],"wp:featuredmedia":[{"embeddable":true,"href":"https:\/\/switzerland.wordcamp.org\/2023\/wp-json\/wp\/v2\/media\/154"}],"wp:attachment":[{"href":"https:\/\/switzerland.wordcamp.org\/2023\/wp-json\/wp\/v2\/media?parent=681"}],"curies":[{"name":"wp","href":"https:\/\/api.w.org\/{rel}","templated":true}]}}