{"id":863,"date":"2022-10-13T11:52:41","date_gmt":"2022-10-13T09:52:41","guid":{"rendered":"https:\/\/switzerland.wordcamp.org\/2023\/?page_id=863"},"modified":"2023-01-20T11:15:36","modified_gmt":"2023-01-20T10:15:36","slug":"accord","status":"publish","type":"page","link":"https:\/\/switzerland.wordcamp.org\/2023\/fr\/contribuer\/accord\/","title":{"rendered":"Accord entre les organisateur.trice.s, orateur.trice.s, sponsors et b\u00e9n\u00e9voles"},"content":{"rendered":"\n<div class=\"wp-block-group has-small-font-size is-content-justification-left is-nowrap is-layout-flex wp-container-core-group-is-layout-fc9f69e7 wp-block-group-is-layout-flex\">\n<p><a href=\"https:\/\/switzerland.wordcamp.org\/2023\/de\/helfen\/vereinbarung\/\" data-type=\"page\" data-id=\"878\">Auf Deutsch<\/a><\/p>\n\n\n\n<p><a href=\"https:\/\/switzerland.wordcamp.org\/2023\/contribute\/agreement\/\" data-type=\"page\" data-id=\"869\">In English<\/a><\/p>\n<\/div>\n\n\n\n<div class=\"wp-block-columns alignwide is-layout-flex wp-container-core-columns-is-layout-66fad18a wp-block-columns-is-layout-flex\">\n<div class=\"wp-block-column is-layout-flow wp-block-column-is-layout-flow\" style=\"flex-basis:66.66%\">\n<ol class=\"wp-block-list\">\n<li>Je reconnais que les WordCamps sont con\u00e7us au b\u00e9n\u00e9fice de la communaut\u00e9 WordPress locale par le biais d\u2019\u00e9v\u00e8nements, et celui de la communaut\u00e9 internationale par le biais de vid\u00e9os et autres contenus diffus\u00e9s en ligne.<\/li>\n\n\n\n<li>Je reconnais que les WordCamps sont des \u00e9v\u00e8nements informels organis\u00e9s par des b\u00e9n\u00e9voles de la communaut\u00e9 locale, et qui refl\u00e8tent la communaut\u00e9 qu\u2019ils repr\u00e9sentent.<\/li>\n\n\n\n<li>Je reconnais que les organisateur.trice.s, orateur.trice.s, sponsors et b\u00e9n\u00e9voles doivent soutenir le projet WordPress et ses principes.<\/li>\n\n\n\n<li>Je reconnais que les principes du projet WordPress sont notamment :\n<ul class=\"wp-block-list\">\n<li>l\u2019absence de discrimination bas\u00e9e sur le statut \u00e9conomique ou social, la couleur de peau, l\u2019origine ethnique, la nationalit\u00e9, les principes, les croyances politiques ou religieuses, la sexualit\u00e9 ou l\u2019orientation sexuelle, le statut marital, l\u2019\u00e2ge ou le handicap ;<\/li>\n\n\n\n<li>l\u2019absence d\u2019incitation \u00e0 la violence ou de promotion de la haine ;<\/li>\n\n\n\n<li>le refus des spammeurs ;<\/li>\n\n\n\n<li>le refus des g\u00eaneurs (\u00ab jerks \u00bb) ;<\/li>\n\n\n\n<li>le respect de la marque d\u00e9pos\u00e9e WordPress ;<\/li>\n\n\n\n<li>l\u2019acceptation de la licence de WordPress. En distribuant des<\/li>\n\n\n\n<li>cr\u00e9ations d\u00e9riv\u00e9es de WordPress (th\u00e8mes, extensions, distributions WordPress), les personnes et soci\u00e9t\u00e9s officiellement associ\u00e9es au WordCamp doivent donner \u00e0 leurs utilisateurs les m\u00eames libert\u00e9s que WordPress leur donne d\u00e9j\u00e0 : respect \u00e0 100% de la licence GPL ou d\u2019une licence compatible, comme c\u2019est le cas sur WordPress.org.<\/li>\n\n\n\n<li>l\u2019absence de promotion de personnes ou de soci\u00e9t\u00e9s qui distribuent des cr\u00e9ations bas\u00e9es sur WordPress qui ne sont pas \u00e0 100% compatible avec la licence GPL.<\/li>\n<\/ul>\n<\/li>\n\n\n\n<li>Je reconnais que les WordCamps sont des \u00e9v\u00e8nements \u00e0 but non lucratif, organis\u00e9s en toute transparence de budget et de financement.<\/li>\n\n\n\n<li>Je reconnais qu\u2019un WordCamp devrait \u00eatre accessible au plus grand nombre, quelle que soit sa situation financi\u00e8re.<\/li>\n\n\n\n<li>Je reconnais que je ne suis pas un(e) employ\u00e9(e) de la fondation WordPress, et que ma participation au WordCamp est volontaire.<\/li>\n<\/ol>\n<\/div>\n\n\n\n<div class=\"wp-block-column is-layout-flow wp-block-column-is-layout-flow\" style=\"flex-basis:33.33%\">\n<figure class=\"wp-block-image size-large\"><img loading=\"lazy\" decoding=\"async\" width=\"683\" height=\"1024\" src=\"https:\/\/switzerland.wordcamp.org\/2023\/files\/2022\/11\/krakenimages-Y5bvRlcCx8k-unsplash-683x1024.jpg\" alt=\"\" class=\"wp-image-1035\" srcset=\"https:\/\/switzerland.wordcamp.org\/2023\/files\/2022\/11\/krakenimages-Y5bvRlcCx8k-unsplash-683x1024.jpg 683w, https:\/\/switzerland.wordcamp.org\/2023\/files\/2022\/11\/krakenimages-Y5bvRlcCx8k-unsplash-200x300.jpg 200w, https:\/\/switzerland.wordcamp.org\/2023\/files\/2022\/11\/krakenimages-Y5bvRlcCx8k-unsplash-768x1152.jpg 768w, https:\/\/switzerland.wordcamp.org\/2023\/files\/2022\/11\/krakenimages-Y5bvRlcCx8k-unsplash-1024x1536.jpg 1024w, https:\/\/switzerland.wordcamp.org\/2023\/files\/2022\/11\/krakenimages-Y5bvRlcCx8k-unsplash-1365x2048.jpg 1365w, https:\/\/switzerland.wordcamp.org\/2023\/files\/2022\/11\/krakenimages-Y5bvRlcCx8k-unsplash-scaled.jpg 1707w\" sizes=\"auto, (max-width: 683px) 100vw, 683px\" \/><\/figure>\n<\/div>\n<\/div>\n","protected":false},"excerpt":{"rendered":"<p>Auf Deutsch In English<\/p>\n","protected":false},"author":5101522,"featured_media":154,"parent":636,"menu_order":0,"comment_status":"closed","ping_status":"closed","template":"wp-custom-template-french-page","meta":{"jetpack_post_was_ever_published":false,"footnotes":""},"class_list":["post-863","page","type-page","status-publish","has-post-thumbnail","hentry"],"jetpack_sharing_enabled":true,"_links":{"self":[{"href":"https:\/\/switzerland.wordcamp.org\/2023\/wp-json\/wp\/v2\/pages\/863","targetHints":{"allow":["GET"]}}],"collection":[{"href":"https:\/\/switzerland.wordcamp.org\/2023\/wp-json\/wp\/v2\/pages"}],"about":[{"href":"https:\/\/switzerland.wordcamp.org\/2023\/wp-json\/wp\/v2\/types\/page"}],"author":[{"embeddable":true,"href":"https:\/\/switzerland.wordcamp.org\/2023\/wp-json\/wp\/v2\/users\/5101522"}],"replies":[{"embeddable":true,"href":"https:\/\/switzerland.wordcamp.org\/2023\/wp-json\/wp\/v2\/comments?post=863"}],"version-history":[{"count":13,"href":"https:\/\/switzerland.wordcamp.org\/2023\/wp-json\/wp\/v2\/pages\/863\/revisions"}],"predecessor-version":[{"id":1959,"href":"https:\/\/switzerland.wordcamp.org\/2023\/wp-json\/wp\/v2\/pages\/863\/revisions\/1959"}],"up":[{"embeddable":true,"href":"https:\/\/switzerland.wordcamp.org\/2023\/wp-json\/wp\/v2\/pages\/636"}],"wp:featuredmedia":[{"embeddable":true,"href":"https:\/\/switzerland.wordcamp.org\/2023\/wp-json\/wp\/v2\/media\/154"}],"wp:attachment":[{"href":"https:\/\/switzerland.wordcamp.org\/2023\/wp-json\/wp\/v2\/media?parent=863"}],"curies":[{"name":"wp","href":"https:\/\/api.w.org\/{rel}","templated":true}]}}