{"id":878,"date":"2022-10-13T12:08:26","date_gmt":"2022-10-13T10:08:26","guid":{"rendered":"https:\/\/switzerland.wordcamp.org\/2023\/?page_id=878"},"modified":"2023-01-19T18:56:07","modified_gmt":"2023-01-19T17:56:07","slug":"vereinbarung","status":"publish","type":"page","link":"https:\/\/switzerland.wordcamp.org\/2023\/de\/helfen\/vereinbarung\/","title":{"rendered":"Vereinbarung zwischen WordCamp-Organisatoren, Referenten, Sponsoren und Freiwilligen"},"content":{"rendered":"\n<div class=\"wp-block-group has-small-font-size is-content-justification-left is-nowrap is-layout-flex wp-container-core-group-is-layout-fc9f69e7 wp-block-group-is-layout-flex\">\n<p><a href=\"https:\/\/switzerland.wordcamp.org\/2023\/fr\/contribuer\/accord\/\" data-type=\"page\" data-id=\"863\">En fran\u00e7ais<\/a><\/p>\n\n\n\n<p><a href=\"https:\/\/switzerland.wordcamp.org\/2023\/contribute\/agreement\/\" data-type=\"page\" data-id=\"869\">In English<\/a><\/p>\n<\/div>\n\n\n\n<div class=\"wp-block-columns alignwide is-layout-flex wp-container-core-columns-is-layout-66fad18a wp-block-columns-is-layout-flex\">\n<div class=\"wp-block-column is-layout-flow wp-block-column-is-layout-flow\" style=\"flex-basis:66.66%\">\n<ol class=\"wp-block-list\">\n<li>Ich stimme zu, dass WordCamps dazu gedacht sind, der lokalen WordPress-Gemeinschaft durch Live-Veranstaltungen und der breiteren WordPress-Gemeinschaft durch die gemeinsame Nutzung von Online-Videos und anderen Materialien zu dienen.<\/li>\n\n\n\n<li>Ich stimme zu, dass ein WordCamp eine zwanglose, lokal und von Freiwilligen organisierte Veranstaltung ist, die sich auf WordPress konzentriert und die lokale WordPress-Community widerspiegelt, die sie repr\u00e4sentiert.<\/li>\n\n\n\n<li>Ich verstehe, dass von WordCamp-Organisatoren, Rednern, Sponsoren und Freiwilligen erwartet wird, dass sie das WordPress-Projekt und seine Prinzipien unterst\u00fctzen.<\/li>\n\n\n\n<li>Mir ist bekannt, dass die Grunds\u00e4tze des WordPress-Projekts Folgendes beinhalten:<\/li>\n\n\n\n<li>keine Diskriminierung aufgrund von wirtschaftlichem oder sozialem Status, Rasse, Hautfarbe, ethnischer Herkunft, nationaler Herkunft, Glaube, Religion, politischer \u00dcberzeugung, Geschlecht, sexueller Orientierung, Familienstand, Alter oder Behinderung<\/li>\n\n\n\n<li>keine Aufstachelung zu Gewalt oder F\u00f6rderung von Hass<\/li>\n\n\n\n<li>keine Spammer<\/li>\n\n\n\n<li>keine Idioten<\/li>\n\n\n\n<li>die WordPress-Marke respektieren<\/li>\n\n\n\n<li>die WordPress-Lizenz anerkennen; Wenn Sie von WordPress abgeleitete Werke (Themes, Plugins, WP-Distributionen) vertreiben, sollten alle Personen oder Unternehmen, die offiziell mit dem WordCamp verbunden sind, ihren Nutzern die gleichen Freiheiten einr\u00e4umen, die WordPress selbst bietet: 100% GPL oder kompatibel, die gleichen Richtlinien, die wir auf WordPress.org befolgen.<\/li>\n\n\n\n<li>keine Firmen oder Personen f\u00f6rdern, die das Markenzeichen verletzen oder WordPress-Derivate verbreiten, die nicht 100% GPL-kompatibel sind<\/li>\n\n\n\n<li>Ich stimme zu, dass WordCamps nicht-gewinnorientierte Veranstaltungen sind, die mit einem transparenten Budget und Finanzierung organisiert werden.<\/li>\n\n\n\n<li>Ich stimme zu, dass WordCamps f\u00fcr so viele Menschen wie m\u00f6glich zug\u00e4nglich sein sollten, unabh\u00e4ngig vom finanziellen Status.<\/li>\n\n\n\n<li>Ich stimme zu, die sensiblen pers\u00f6nlichen Daten, die auf WordCamp.org gesammelt und gespeichert werden, gem\u00e4\u00df der Datenschutzrichtlinie von WordPress.org zu sch\u00fctzen.<\/li>\n\n\n\n<li>Ich verstehe, dass die Daten, die meine Teilnahme als WordCamp-Organisator, Sprecher, Sponsor und\/oder Freiwilliger aufzeichnen, auf unbestimmte Zeit gespeichert werden, um die Geschichte des WordPress-Open-Source-Projekts zu bewahren.<\/li>\n\n\n\n<li>Ich stimme zu, dass ich kein Angestellter der WordPress Foundation oder einer Tochtergesellschaft der Foundation bin und am WordCamp ausschlie\u00dflich als Freiwilliger teilnehme.<\/li>\n<\/ol>\n<\/div>\n\n\n\n<div class=\"wp-block-column is-layout-flow wp-block-column-is-layout-flow\" style=\"flex-basis:33.33%\">\n<figure class=\"wp-block-image size-large\"><img loading=\"lazy\" decoding=\"async\" width=\"683\" height=\"1024\" src=\"https:\/\/switzerland.wordcamp.org\/2023\/files\/2022\/11\/krakenimages-Y5bvRlcCx8k-unsplash-683x1024.jpg\" alt=\"\" class=\"wp-image-1035\" srcset=\"https:\/\/switzerland.wordcamp.org\/2023\/files\/2022\/11\/krakenimages-Y5bvRlcCx8k-unsplash-683x1024.jpg 683w, https:\/\/switzerland.wordcamp.org\/2023\/files\/2022\/11\/krakenimages-Y5bvRlcCx8k-unsplash-200x300.jpg 200w, https:\/\/switzerland.wordcamp.org\/2023\/files\/2022\/11\/krakenimages-Y5bvRlcCx8k-unsplash-768x1152.jpg 768w, https:\/\/switzerland.wordcamp.org\/2023\/files\/2022\/11\/krakenimages-Y5bvRlcCx8k-unsplash-1024x1536.jpg 1024w, https:\/\/switzerland.wordcamp.org\/2023\/files\/2022\/11\/krakenimages-Y5bvRlcCx8k-unsplash-1365x2048.jpg 1365w, https:\/\/switzerland.wordcamp.org\/2023\/files\/2022\/11\/krakenimages-Y5bvRlcCx8k-unsplash-scaled.jpg 1707w\" sizes=\"auto, (max-width: 683px) 100vw, 683px\" \/><\/figure>\n<\/div>\n<\/div>\n","protected":false},"excerpt":{"rendered":"<p>En fran\u00e7ais In English<\/p>\n","protected":false},"author":5101522,"featured_media":154,"parent":642,"menu_order":0,"comment_status":"closed","ping_status":"closed","template":"wp-custom-template-german-page","meta":{"jetpack_post_was_ever_published":false,"footnotes":""},"class_list":["post-878","page","type-page","status-publish","has-post-thumbnail","hentry"],"jetpack_sharing_enabled":true,"_links":{"self":[{"href":"https:\/\/switzerland.wordcamp.org\/2023\/wp-json\/wp\/v2\/pages\/878","targetHints":{"allow":["GET"]}}],"collection":[{"href":"https:\/\/switzerland.wordcamp.org\/2023\/wp-json\/wp\/v2\/pages"}],"about":[{"href":"https:\/\/switzerland.wordcamp.org\/2023\/wp-json\/wp\/v2\/types\/page"}],"author":[{"embeddable":true,"href":"https:\/\/switzerland.wordcamp.org\/2023\/wp-json\/wp\/v2\/users\/5101522"}],"replies":[{"embeddable":true,"href":"https:\/\/switzerland.wordcamp.org\/2023\/wp-json\/wp\/v2\/comments?post=878"}],"version-history":[{"count":9,"href":"https:\/\/switzerland.wordcamp.org\/2023\/wp-json\/wp\/v2\/pages\/878\/revisions"}],"predecessor-version":[{"id":1931,"href":"https:\/\/switzerland.wordcamp.org\/2023\/wp-json\/wp\/v2\/pages\/878\/revisions\/1931"}],"up":[{"embeddable":true,"href":"https:\/\/switzerland.wordcamp.org\/2023\/wp-json\/wp\/v2\/pages\/642"}],"wp:featuredmedia":[{"embeddable":true,"href":"https:\/\/switzerland.wordcamp.org\/2023\/wp-json\/wp\/v2\/media\/154"}],"wp:attachment":[{"href":"https:\/\/switzerland.wordcamp.org\/2023\/wp-json\/wp\/v2\/media?parent=878"}],"curies":[{"name":"wp","href":"https:\/\/api.w.org\/{rel}","templated":true}]}}