{"id":947,"date":"2022-11-24T10:20:41","date_gmt":"2022-11-24T09:20:41","guid":{"rendered":"https:\/\/switzerland.wordcamp.org\/2023\/?page_id=947"},"modified":"2023-03-06T11:22:12","modified_gmt":"2023-03-06T10:22:12","slug":"appel-a-benevoles","status":"publish","type":"page","link":"https:\/\/switzerland.wordcamp.org\/2023\/fr\/contribuer\/appel-a-benevoles\/","title":{"rendered":"Appel \u00e0 b\u00e9n\u00e9voles"},"content":{"rendered":"\n<div class=\"wp-block-group has-small-font-size is-content-justification-left is-nowrap is-layout-flex wp-container-core-group-is-layout-fc9f69e7 wp-block-group-is-layout-flex\">\n<p><a href=\"https:\/\/switzerland.wordcamp.org\/2023\/de\/helfen\/aufruf-fur-freiwillige\/\" data-type=\"page\" data-id=\"650\">Auf Deutsch<\/a><\/p>\n\n\n\n<p><a href=\"https:\/\/switzerland.wordcamp.org\/2023\/contribute\/call-for-volunteers\/\" data-type=\"page\" data-id=\"299\">In English<\/a><\/p>\n<\/div>\n\n\n\n<div class=\"wp-block-columns alignwide is-layout-flex wp-container-core-columns-is-layout-28f84493 wp-block-columns-is-layout-flex\">\n<div class=\"wp-block-column is-layout-flow wp-block-column-is-layout-flow\" style=\"flex-basis:66.66%\">\n<p class=\"has-background-color has-vivid-red-background-color has-text-color has-background has-link-color wp-elements-b18c4ab1261f5d9f6bb896c92e645fe5\"><strong>L\u2019appel \u00e0 b\u00e9n\u00e9voles est maintenant ferm\u00e9. Merci d\u2019utiliser le formulaire de&nbsp;<a href=\"https:\/\/switzerland.wordcamp.org\/2023\/fr\/contact\/\">contact<\/a>&nbsp;pour toute information.<\/strong><\/p>\n\n\n\n<h2 class=\"wp-block-heading has-x-large-font-size\">Nous avons besoin de ton aide !<\/h2>\n\n\n\n<p>Le WordCamp Suisse compte sur l&#8217;aide des b\u00e9n\u00e9voles dans l&#8217;organisation d&#8217;un \u00e9v\u00e9nement inoubliable pour tout le monde.<\/p>\n\n\n\n<p>Pendant un WordCamp, il y a des t\u00e2ches dans diff\u00e9rents domaines. Comme les organisateurs et organisatrices ne peuvent pas eux-m\u00eames s&#8217;occuper de tout, nous d\u00e9pendons du soutien des b\u00e9n\u00e9voles pour assurer le bon d\u00e9roulement de l&#8217;\u00e9v\u00e9nement.<\/p>\n\n\n\n<p>Nous nous r\u00e9jouissons de voir des b\u00e9n\u00e9voles exp\u00e9riment\u00e9s et des d\u00e9butants \u2013 les deux sont parfaits ! D&#8217;apr\u00e8s nos exp\u00e9riences pass\u00e9es, \u00eatre b\u00e9n\u00e9vole pour un tel \u00e9v\u00e9nement international est une excellente occasion pour rencontrer de nouvelles personnes et pour interagir avec la communaut\u00e9 WordPress. Tu ne seras pas sur la touche : tu seras en plein dans l&#8217;action, l\u00e0 o\u00f9 la magie op\u00e8re.<\/p>\n\n\n\n<h2 class=\"wp-block-heading has-x-large-font-size\">Qu&#8217;attend-on d&#8217;un.e b\u00e9n\u00e9vole ?<\/h2>\n\n\n\n<p>Les personnes b\u00e9n\u00e9voles doivent \u00eatre amicales, serviables, fiables et d\u00e9sireuses de r\u00e9gler des probl\u00e8mes.<\/p>\n\n\n\n<h2 class=\"wp-block-heading has-x-large-font-size\">Quel genre de t\u00e2ches les personnes b\u00e9n\u00e9voles accomplissent-elles ?<\/h2>\n\n\n\n<p>Un WordCamp a besoin d&#8217;aide dans les domaines suivants :<\/p>\n\n\n\n<ul class=\"wp-block-list\">\n<li>Inscription : enregistrement des participant.e.s \u00e0 leur arriv\u00e9e<\/li>\n\n\n\n<li>Distribution de &#8220;swag&#8221; : distribution aux participant.e.s<\/li>\n\n\n\n<li>Photographie : prendre des photos de l&#8217;\u00e9v\u00e9nement<\/li>\n\n\n\n<li>Chronom\u00e9trage : informer les orateurs et oratrices du temps qu&#8217;il leur reste pendant leur intervention<\/li>\n\n\n\n<li>Accueil des participant.e.s sur le lieu de l&#8217;\u00e9v\u00e9nement, r\u00e9pondre \u00e0 leurs questions et les guider dans le lieu<\/li>\n\n\n\n<li>&#8220;Mic runner&#8221; : donner le micro au public pendant les sessions de questions-r\u00e9ponses<\/li>\n\n\n\n<li>Surveillance de la salle : veiller \u00e0 ce que la salle ne soit pas surpeupl\u00e9e et \u00e9viter les bruits inutiles lorsque les participants entrent et sortent de la salle au milieu d&#8217;une pr\u00e9sentation<\/li>\n<\/ul>\n\n\n\n<h2 class=\"wp-block-heading has-x-large-font-size\">Qu&#8217;est-ce qui m&#8217;attend si je me porte volontaire ?<\/h2>\n\n\n\n<p>Beaucoup de gratitude, c&#8217;est certain. Bien qu&#8217;il y ait des situations o\u00f9 tes efforts ne seront pas directement &#8220;honor\u00e9s&#8221;, tu gagneras une grande exp\u00e9rience de l&#8217;\u00e9v\u00e9nement en aidant \u00e0 le g\u00e9rer de mani\u00e8re irr\u00e9prochable. Si tu as un profil wordpress.org, tu y obtiendras \u00e9galement un badge, et tu te feras probablement de nombreux nouveaux contacts et de nouveaux amis.<\/p>\n\n\n\n<p><em>Prends un moment pour lire l&#8217;<a rel=\"noreferrer noopener\" href=\"https:\/\/switzerland.wordcamp.org\/2023\/fr\/contribuer\/accord\/\" data-type=\"page\" data-id=\"863\" target=\"_blank\">accord<\/a> entre les organisateur.trice.s du WordCamp, les orateur.trice.s, les sponsors et les b\u00e9n\u00e9voles.<\/em><br><em>Le processus d&#8217;inscription comme b\u00e9n\u00e9vole se fait en anglais. <\/em><\/p>\n<\/div>\n\n\n\n<div class=\"wp-block-column is-layout-flow wp-block-column-is-layout-flow\" style=\"flex-basis:33.33%\">\n<figure class=\"wp-block-image size-large\"><img loading=\"lazy\" decoding=\"async\" width=\"1024\" height=\"576\" src=\"https:\/\/switzerland.wordcamp.org\/2023\/files\/2022\/11\/volunteers-1024x576.jpeg\" alt=\"\" class=\"wp-image-945\" srcset=\"https:\/\/switzerland.wordcamp.org\/2023\/files\/2022\/11\/volunteers-1024x576.jpeg 1024w, https:\/\/switzerland.wordcamp.org\/2023\/files\/2022\/11\/volunteers-300x169.jpeg 300w, https:\/\/switzerland.wordcamp.org\/2023\/files\/2022\/11\/volunteers-768x432.jpeg 768w, https:\/\/switzerland.wordcamp.org\/2023\/files\/2022\/11\/volunteers-500x281.jpeg 500w, https:\/\/switzerland.wordcamp.org\/2023\/files\/2022\/11\/volunteers-1536x864.jpeg 1536w, https:\/\/switzerland.wordcamp.org\/2023\/files\/2022\/11\/volunteers.jpeg 1920w\" sizes=\"auto, (max-width: 1024px) 100vw, 1024px\" \/><\/figure>\n<\/div>\n<\/div>\n\n\n\n<p><\/p>\n","protected":false},"excerpt":{"rendered":"<p>Auf Deutsch In English L\u2019appel \u00e0 b\u00e9n\u00e9voles est maintenant ferm\u00e9. Merci d\u2019utiliser le formulaire de&nbsp;contact&nbsp;pour toute information. Nous avons besoin de ton aide ! Le WordCamp Suisse compte sur l&#8217;aide des b\u00e9n\u00e9voles dans l&#8217;organisation d&#8217;un \u00e9v\u00e9nement inoubliable pour tout le monde. Pendant un WordCamp, il y a des t\u00e2ches dans diff\u00e9rents domaines. Comme les organisateurs [&hellip;]<\/p>\n","protected":false},"author":5101522,"featured_media":995,"parent":636,"menu_order":0,"comment_status":"closed","ping_status":"closed","template":"wp-custom-template-french-page","meta":{"jetpack_post_was_ever_published":false,"footnotes":""},"class_list":["post-947","page","type-page","status-publish","has-post-thumbnail","hentry"],"jetpack_sharing_enabled":true,"_links":{"self":[{"href":"https:\/\/switzerland.wordcamp.org\/2023\/wp-json\/wp\/v2\/pages\/947","targetHints":{"allow":["GET"]}}],"collection":[{"href":"https:\/\/switzerland.wordcamp.org\/2023\/wp-json\/wp\/v2\/pages"}],"about":[{"href":"https:\/\/switzerland.wordcamp.org\/2023\/wp-json\/wp\/v2\/types\/page"}],"author":[{"embeddable":true,"href":"https:\/\/switzerland.wordcamp.org\/2023\/wp-json\/wp\/v2\/users\/5101522"}],"replies":[{"embeddable":true,"href":"https:\/\/switzerland.wordcamp.org\/2023\/wp-json\/wp\/v2\/comments?post=947"}],"version-history":[{"count":15,"href":"https:\/\/switzerland.wordcamp.org\/2023\/wp-json\/wp\/v2\/pages\/947\/revisions"}],"predecessor-version":[{"id":4052,"href":"https:\/\/switzerland.wordcamp.org\/2023\/wp-json\/wp\/v2\/pages\/947\/revisions\/4052"}],"up":[{"embeddable":true,"href":"https:\/\/switzerland.wordcamp.org\/2023\/wp-json\/wp\/v2\/pages\/636"}],"wp:featuredmedia":[{"embeddable":true,"href":"https:\/\/switzerland.wordcamp.org\/2023\/wp-json\/wp\/v2\/media\/995"}],"wp:attachment":[{"href":"https:\/\/switzerland.wordcamp.org\/2023\/wp-json\/wp\/v2\/media?parent=947"}],"curies":[{"name":"wp","href":"https:\/\/api.w.org\/{rel}","templated":true}]}}