{"id":655,"date":"2026-04-14T20:07:39","date_gmt":"2026-04-14T18:07:39","guid":{"rendered":"https:\/\/switzerland.wordcamp.org\/2026\/?page_id=655"},"modified":"2026-04-22T12:13:29","modified_gmt":"2026-04-22T10:13:29","slug":"de","status":"publish","type":"page","link":"https:\/\/switzerland.wordcamp.org\/2026\/de\/","title":{"rendered":"WordCamp Schweiz 2026"},"content":{"rendered":"\n<h2 class=\"wp-block-heading has-xx-large-font-size\">Was ist ein WordCamp?<\/h2>\n\n\n\n<p class=\"wp-block-paragraph\"><a href=\"https:\/\/central.wordcamp.org\/\">WordCamps<\/a> sind gemeinn\u00fctzige Veranstaltungen, die von Community-Mitgliedern ehrenamtlich organisiert werden. Sie finden in der Regel j\u00e4hrlich statt und bieten Nutzern, Entwicklern, Designern und anderen Experten aus aller Welt die M\u00f6glichkeit, sich zu treffen, Erfahrungen und Wissen auszutauschen und sich mit Kollegen zu vernetzen. Wir freuen uns darauf, die Teilnehmer des n\u00e4chsten WordCamps im Schweizer Seeland begr\u00fcssen zu d\u00fcrfen.<\/p>\n\n\n\n<figure class=\"wp-block-image size-large\"><img loading=\"lazy\" decoding=\"async\" width=\"1024\" height=\"683\" src=\"https:\/\/switzerland.wordcamp.org\/2026\/files\/2026\/04\/20230401_182525-1024x683.jpg\" alt=\"Participants at WordCamp Switzerland in 2023\" class=\"wp-image-546\" srcset=\"https:\/\/switzerland.wordcamp.org\/2026\/files\/2026\/04\/20230401_182525-1024x683.jpg 1024w, https:\/\/switzerland.wordcamp.org\/2026\/files\/2026\/04\/20230401_182525-300x200.jpg 300w, https:\/\/switzerland.wordcamp.org\/2026\/files\/2026\/04\/20230401_182525-768x512.jpg 768w, https:\/\/switzerland.wordcamp.org\/2026\/files\/2026\/04\/20230401_182525-450x300.jpg 450w, https:\/\/switzerland.wordcamp.org\/2026\/files\/2026\/04\/20230401_182525-1536x1024.jpg 1536w, https:\/\/switzerland.wordcamp.org\/2026\/files\/2026\/04\/20230401_182525-2048x1366.jpg 2048w\" sizes=\"auto, (max-width: 1024px) 100vw, 1024px\" \/><figcaption class=\"wp-element-caption\">Einige Teilnehmer des WordCamp Schweiz 2023<\/figcaption><\/figure>\n\n\n\n<div class=\"wp-block-group is-style-section-1 has-global-padding is-layout-constrained wp-block-group-is-layout-constrained is-style-section-1--1\">\n<h2 class=\"wp-block-heading\">Standort<\/h2>\n\n\n\n<p class=\"wp-block-paragraph\">Das WordCamp Switzerland 2026 findet am 11. und 12. September im <a href=\"https:\/\/switzerland.wordcamp.org\/2026\/de\/veranstaltungsort-und-anfahrt\/\">Centre Loewenberg in Murten<\/a> statt, wo wir in der Vergangenheit bereits erfolgreiche WordPress-Veranstaltungen ausgerichtet haben.<\/p>\n\n\n\n<figure class=\"wp-block-image size-full\"><a href=\"https:\/\/switzerland.wordcamp.org\/2026\/venue-and-access\/\"><img loading=\"lazy\" decoding=\"async\" width=\"1024\" height=\"683\" src=\"https:\/\/switzerland.wordcamp.org\/2026\/files\/2026\/04\/346704904.jpg\" alt=\"Exterior aerial view of the Center Loewenberg campus\" class=\"wp-image-274\" srcset=\"https:\/\/switzerland.wordcamp.org\/2026\/files\/2026\/04\/346704904.jpg 1024w, https:\/\/switzerland.wordcamp.org\/2026\/files\/2026\/04\/346704904-300x200.jpg 300w, https:\/\/switzerland.wordcamp.org\/2026\/files\/2026\/04\/346704904-768x512.jpg 768w, https:\/\/switzerland.wordcamp.org\/2026\/files\/2026\/04\/346704904-450x300.jpg 450w\" sizes=\"auto, (max-width: 1024px) 100vw, 1024px\" \/><\/a><figcaption class=\"wp-element-caption\">Der <a href=\"https:\/\/switzerland.wordcamp.org\/2026\/de\/veranstaltungsort-und-anfahrt\/\">Loewenberg-Campus<\/a> in der N\u00e4he von Murten<\/figcaption><\/figure>\n<\/div>\n\n\n\n<div class=\"wp-block-group is-style-section-1 has-global-padding is-layout-constrained wp-block-group-is-layout-constrained is-style-section-1--2\">\n<h2 class=\"wp-block-heading\">Neuste News<\/h2>\n\n\n\n<div class=\"wp-block-query is-layout-flow wp-block-query-is-layout-flow\"><ul class=\"wp-block-post-template is-layout-flow wp-block-post-template-is-layout-flow\"><li class=\"wp-block-post post-884 post type-post status-publish format-standard has-post-thumbnail hentry category-deutsch\">\n\n<div class=\"wp-block-group c-postcard has-global-padding is-layout-constrained wp-container-core-group-is-layout-9afc0cc4 wp-block-group-is-layout-constrained\"><figure style=\"aspect-ratio:1;\" class=\"wp-block-post-featured-image\"><a href=\"https:\/\/switzerland.wordcamp.org\/2026\/04\/centre-loewenberg-wir-kommen-wieder\/\" target=\"_self\"  ><img loading=\"lazy\" decoding=\"async\" width=\"1024\" height=\"539\" src=\"https:\/\/switzerland.wordcamp.org\/2026\/files\/2026\/04\/95450727-1.jpg\" class=\"attachment-post-thumbnail size-post-thumbnail wp-post-image\" alt=\"Centre Loewenberg, wir kommen wieder!\" style=\"width:100%;height:100%;object-fit:cover;\" srcset=\"https:\/\/switzerland.wordcamp.org\/2026\/files\/2026\/04\/95450727-1.jpg 1024w, https:\/\/switzerland.wordcamp.org\/2026\/files\/2026\/04\/95450727-1-300x158.jpg 300w, https:\/\/switzerland.wordcamp.org\/2026\/files\/2026\/04\/95450727-1-768x404.jpg 768w, https:\/\/switzerland.wordcamp.org\/2026\/files\/2026\/04\/95450727-1-500x263.jpg 500w\" sizes=\"auto, (max-width: 1024px) 100vw, 1024px\" \/><\/a><\/figure>\n\n\n<div class=\"wp-block-group has-global-padding is-layout-constrained wp-block-group-is-layout-constrained\">\n<div class=\"wp-block-group has-global-padding is-layout-constrained wp-container-core-group-is-layout-4a221afa wp-block-group-is-layout-constrained\"><h3 style=\"font-style:normal;font-weight:500;\" class=\"has-link-color wp-elements-2b8a5611c6a9f12c6d62cd19860eba19 wp-block-post-title has-large-font-size\"><a href=\"https:\/\/switzerland.wordcamp.org\/2026\/04\/centre-loewenberg-wir-kommen-wieder\/\" target=\"_self\" >Centre Loewenberg, wir kommen wieder!<\/a><\/h3>\n\n<div class=\"has-link-color wp-elements-b91387576976b77442c9b291be0b53f2 wp-block-post-date has-text-color has-accent-4-color\"><time datetime=\"2026-04-04T16:09:35.597Z\">04.04.2026<\/time><\/div><\/div>\n\n\n<div class=\"wp-block-post-excerpt\"><p class=\"wp-block-post-excerpt__excerpt\">Nach dem WordCamp Switzerland 2023 und dem Switzerland Community Day 2024 kehren wir am 11.\u201312. September an diesen wundersch\u00f6nen Ort zur\u00fcck \u2013 f\u00fcr das WordCamp Schweiz 2026! Das Centre Loewenberg liegt direkt ausserhalb von Murten, genau auf der Sprachgrenze zwischen der Deutsch- und Westschweiz. Die Anlage befindet sich in einem Park, bietet Verpflegung und \u00dcbernachtung&hellip;<\/p><p class=\"wp-block-post-excerpt__more-text\"><a class=\"wp-block-post-excerpt__more-link\" href=\"https:\/\/switzerland.wordcamp.org\/2026\/04\/centre-loewenberg-wir-kommen-wieder\/\">Weiterlesen<\/a><\/p><\/div><\/div>\n<\/div>\n\n<\/li><\/ul>\n\n<\/div>\n\n\n\n<div class=\"wp-block-buttons is-content-justification-center is-layout-flex wp-container-core-buttons-is-layout-c003ea9f wp-block-buttons-is-layout-flex\" style=\"margin-top:var(--wp--preset--spacing--60)\">\n<div class=\"wp-block-button\"><a class=\"wp-block-button__link wp-element-button\" href=\"https:\/\/switzerland.wordcamp.org\/2026\/de\/news\/\">Alle News<\/a><\/div>\n\n\n\n<div class=\"wp-block-button\"><a class=\"wp-block-button__link has-custom-secondary-background-color has-background wp-element-button\" href=\"#news-via-email\">Via E-Mail abonnieren<\/a><\/div>\n<\/div>\n<\/div>\n","protected":false},"excerpt":{"rendered":"<p>Was ist ein WordCamp? WordCamps sind gemeinn\u00fctzige Veranstaltungen, die von Community-Mitgliedern ehrenamtlich organisiert werden. Sie finden in der Regel j\u00e4hrlich statt und bieten Nutzern, Entwicklern, Designern und anderen Experten aus aller Welt die M\u00f6glichkeit, sich zu treffen, Erfahrungen und Wissen auszutauschen und sich mit Kollegen zu vernetzen. Wir freuen uns darauf, die Teilnehmer des n\u00e4chsten [&hellip;]<\/p>\n","protected":false},"author":5101522,"featured_media":0,"parent":0,"menu_order":0,"comment_status":"closed","ping_status":"closed","template":"page-de","meta":{"_crdt_document":"{\"document\":\"AACkAZH7154fi4ixhxv3tPOvDADQ9Kf9GACLiLGHG5D0p\/0Yi4ixhxvQ9Kf9GAHLiLGHGwDQ9Kf9GBKxgOuCGbfB2P4FkPSn\/Ri3wdj+BdD0p\/0Y5QGU1aKUF7GA64IZkPSn\/RixgOuCGdD0p\/0YB5mAvtIPt7TzrwzkueT2BQCq7pngBrfB2P4F0PSn\/RgEpLnk9gXQ9Kf9GAqg1teVAabdjzyb3KotkQIDALKFAfyEAQyahgHahgGekAEiwgU2wnouvBc2hhEi\/j4CBCyEEwMACBoFAAaQCgKkDTaiDwKiASKgDwMAFAIcMgSGAqIBArgBAj68IAAGAgECCgJCAEoAPgECCgK6DKoB5g5KAKAPAQIKAQAGRgEASgCwAQECCgEAShICAQIKAkJKACIBAgoCggI2+gJKAJYGAQIKAQAGCCJwAQJKzAeCCQECCgEAShICAQIKAkJKACgBAgoBCEoiAgEDDAIWEgECCgBKdogBAQMMAgECCgJCAEr6AagDAQIKAEoQAgECCgEBCFIAKAECCgEBCEhK3pgBAq54BJwPsAE2BJIGBNCRAQK6Hr4diFY84EUDABQCkgEuuIUBAQCqAdqGAZ6QASLCBTbCei68FzaGESLCIL4d\/h2+Hf4dvh2kEQMAFAKSAdcCKAAhAKgBxADBAMQMIQDBASEAKAInAAQAJwAEAIEAhACBAIQAgQCEAIEAhACBAIQCgQCEB4EAhAGBAIQAgQCEAIEAhAAnACgEJwAoAScABwAoAycBBAAoAScAhwAhACgAIQAoACcBBACBAIQAKAAnAIcAIQAoAicAKAEnAAQAKAInAIcAIQAoAicAKAInAAcAKAMnAQQAKAAnAIcAIQAoACEAKAAnAQQAhAEoACcAhwAhACgAIQAoACcAKAEnAAQAhAEoBCcAhwAhACgCJwAoAicABwAoAycBBAAoACcAhwAhACgCJwAoAiEAKAAhBScABwAoAycBAQAAAIEAAACHACgDJwAoAScAhwAoAycBBwAoAycBBAAoAScAhwAoAycAKAEnAAcAKAMnACgCJwAEACcAhwAoAycAKAInAAQAKAAnACEAxAGoByEBoQEhAcEBqAEhAsQFIak2hTRzdGF0ZXZlcnNpb25zdGF0ZXZlcnNpb25lciBkZXMgbsOkY2hzdGVuIFdvcmRDYW1wcyBpU2Nod2VpemVyIFNlZWxhbmRtIDxhIGhyZWY9Imh0dHBzOi8vc3dpdHplcmxhbmQud29yZGNhbXAub3JnLzIwMjYvZGUvdmVyYW5zdGFsdHVuZ3NvcnQtdW5kLWFuZmFocnQvIj48L2E+PGEgaHJlZj0iaHR0cHM6Ly9zd2l0emVybGFuZC53b3JkY2FtcC5vcmcvMjAyNi9kZS92ZXJhbnN0YWx0dW5nc29ydC11bmQtYW5mYWhydC8iPjwvYT5tbmQ8YSBocmVmPSJodHRwczovL3N3aXR6ZXJsYW5kLndvcmRjYW1wLm9yZy8yMDI2L2RlL3ZlcmFuc3RhbHR1bmdzb3J0LXVuZC1hbmZhaHJ0LyI+PC9hPjxhIGhyZWY9Imh0dHBzOi8vc3dpdHplcmxhbmQud29yZGNhbXAub3JnLzIwMjYvZGUvdmVyYW5zdGFsdHVuZ3NvcnQtdW5kLWFuZmFocnQvIj48L2E+c3RhdGV2ZXJzaW9uc3RhdGV2ZXJzaW9uZG9jdW1lbnRkYXRlZG9jdW1lbnRzbHVnZG9jdW1lbnRzdGF0dXNkb2N1bWVudHRpdGxlV29yZENhbXAgU2Nod2VpeiAyMDI2ZG9jdW1lbnRjb250ZW50PCEtLSB3cDpoZWFkaW5nIHsiZm9udFNpemUiOiJ4eC1sYXJnZSJ9IC0tPgo8aDIgY2xhc3M9IndwLWJsb2NrLWhlYWRpbmcgaGFzLXh4LWxhcmdlLWZvbnQtc2l6ZSI+V2FzIGlzdCBlaW4gV29yZENhbXA\/PC9oMj4KPCEtLSAvd3A6aGVhZGluZyAtLT4KCjwhLS0gd3A6cGFyYWdyYXBoIC0tPgo8cD48YSBocmVmPSJodHRwczovL2NlbnRyYWwud29yZGNhbXAub3JnLyI+V29yZENhbXBzPC9hPiBzaW5kIGdlbWVpbm7DvHR6aWdlIFZlcmFuc3RhbHR1bmdlbiwgZGllIHZvbiBDb21tdW5pdHktTWl0Z2xpZWRlcm4gZWhyZW5hbXRsaWNoIG9yZ2FuaXNpZXJ0IHdlcmRlbi4gU2llIGZpbmRlbiBpbiBkZXIgUmVnZWwgasOkaHJsaWNoIHN0YXR0IHVuZCBiaWV0ZW4gTnV0emVybiwgRW50d2lja2xlcm4sIERlc2lnbmVybiB1bmQgYW5kZXJlbiBFeHBlcnRlbiBhdXMgYWxsZXIgV2VsdCBkaWUgTcO2Z2xpY2hrZWl0LCBzaWNoIHp1IHRyZWZmZW4sIEVyZmFocnVuZ2VuIHVuZCBXaXNzZW4gYXVzenV0YXVzY2hlbiB1bmQgc2ljaCBtaXQgS29sbGVnZW4genUgdmVybmV0emVuLiBXaXIgZnJldWVuIHVucyBkYXJhdWYsIGRpZSBUZWlsbmVobWVyIGRlcyBuw6RjaHN0ZW4gV29yZENhbXBzIGkgU2Nod2VpemVyIFNlZWxhIGJlZ3LDvHNzZW4genUgZMO8cmZlbi48L3A+CjwhLS0gL3dwOnBhcmFncmFwaCAtLT4KCjwhLS0gd3A6aW1hZ2UgeyJpZCI6NTQ2LCJzaXplU2x1ZyI6ImxhcmdlIiwibGlua0Rlc3RpbmF0aW9uIjoibm9uZSJ9IC0tPgo8ZmlndXJlIGNsYXNzPSJ3cC1ibG9jay1pbWFnZSBzaXplLWxhcmdlIj48aW1nIHNyYz0iaHR0cHM6Ly9zd2l0emVybGFuZC53b3JkY2FtcC5vcmcvMjAyNi9maWxlcy8yMDI2LzA0LzIwMjMwNDAxXzE4MjUyNS0xMDI0eDY4My5qcGciIGFsdD0iUGFydGljaXBhbnRzIGF0IFdvcmRDYW1wIFN3aXR6ZXJsYW5kIGluIDIwMjMiIGNsYXNzPSJ3cC1pbWFnZS01NDYiLz48ZmlnY2FwdGlvbiBjbGFzcz0id3AtZWxlbWVudC1jYXB0aW9uIj5FaW5pZ2UgVGVpbG5laG1lciBkZXMgV29yZENhbXAgU2Nod2VpeiAyMDIzPC9maWdjYXB0aW9uPjwvZmlndXJlPgo8IS0tIC93cDppbWFnZSAtLT4KCjwhLS0gd3A6Z3JvdXAgeyJjbGFzc05hbWUiOiJpcy1zdHlsZS1zZWN0aW9uLTEiLCJsYXlvdXQiOnsidHlwZSI6ImNvbnN0cmFpbmVkIn19IC0tPgo8ZGl2IGNsYXNzPSJ3cC1ibG9jay1ncm91cCBpcy1zdHlsZS1zZWN0aW9uLTEiPjwhLS0gd3A6aGVhZGluZyAtLT4KPGgyIGNsYXNzPSJ3cC1ibG9jay1oZWFkaW5nIj5TdGFuZG9ydDwvaDI+CjwhLS0gL3dwOmhlYWRpbmcgLS0+Cgo8IS0tIHdwOnBhcmFncmFwaCAtLT4KPHA+RGFzIFdvcmRDYW1wIFN3aXR6ZXJsYW5kIDIwMjYgZmluZGV0IGFtIDExLiB1bmQgMTIuIFNlcHRlbWJlciBpbSBDZW50cmUgTG9ld2VuYmVyZyBpbiBNdXJ0ZW4gc3RhdHQsIHdvIHdpciBpbiBkZXIgVmVyZ2FuZ2VuaGVpdCBiZXJlaXRzIGVyZm9sZ3JlaWNoZSBXb3JkUHJlc3MtVmVyYW5zdGFsdHVuZ2VuIGF1c2dlcmljaHRldCBoYWJlbi48L3A+CjwhLS0gL3dwOnBhcmFncmFwaCAtLT4KCjwhLS0gd3A6aW1hZ2UgeyJsaWdodGJveCI6eyJlbmFibGVkIjpmYWxzZX0sImlkIjoyNzQsInNpemVTbHVnIjoiZnVsbCIsImxpbmtEZXN0aW5hdGlvbiI6ImN1c3RvbSJ9IC0tPgo8ZmlndXJlIGNsYXNzPSJ3cC1ibG9jay1pbWFnZSBzaXplLWZ1bGwiPjxhIGhyZWY9Imh0dHBzOi8vc3dpdHplcmxhbmQud29yZGNhbXAub3JnLzIwMjYvdmVudWUtYW5kLWFjY2Vzcy8iPjxpbWcgc3JjPSJodHRwczovL3N3aXR6ZXJsYW5kLndvcmRjYW1wLm9yZy8yMDI2L2ZpbGVzLzIwMjYvMDQvMzQ2NzA0OTA0LmpwZyIgYWx0PSJFeHRlcmlvciBhZXJpYWwgdmlldyBvZiB0aGUgQ2VudGVyIExvZXdlbmJlcmcgY2FtcHVzIiBjbGFzcz0id3AtaW1hZ2UtMjc0Ii8+PC9hPjxmaWdjYXB0aW9uIGNsYXNzPSJ3cC1lbGVtZW50LWNhcHRpb24iPkRlciBMb2V3ZW5iZXJnLUNhbXB1cyBpbiBkZXIgTsOkaGUgdm9uIE11cnRlbjwvZmlnY2FwdGlvbj48L2ZpZ3VyZT4KPCEtLSAvd3A6aW1hZ2UgLS0+PC9kaXY+CjwhLS0gL3dwOmdyb3VwIC0tPgoKPCEtLSB3cDpncm91cCB7ImNsYXNzTmFtZSI6ImlzLXN0eWxlLXNlY3Rpb24tMSIsImxheW91dCI6eyJ0eXBlIjoiY29uc3RyYWluZWQifX0gLS0+CjxkaXYgY2xhc3M9IndwLWJsb2NrLWdyb3VwIGlzLXN0eWxlLXNlY3Rpb24tMSI+PCEtLSB3cDpoZWFkaW5nIC0tPgo8aDIgY2xhc3M9IndwLWJsb2NrLWhlYWRpbmciPk5ldXN0ZSBOZXdzPC9oMj4KPCEtLSAvd3A6aGVhZGluZyAtLT4KCjwhLS0gd3A6cXVlcnkgeyJxdWVyeUlkIjoxLCJxdWVyeSI6eyJwZXJQYWdlIjo2LCJwYWdlcyI6MCwib2Zmc2V0IjowLCJwb3N0VHlwZSI6InBvc3QiLCJvcmRlciI6ImRlc2MiLCJvcmRlckJ5IjoiZGF0ZSIsImF1dGhvciI6IiIsInNlYXJjaCI6IiIsImV4Y2x1ZGUiOltdLCJzdGlja3kiOiIiLCJpbmhlcml0IjpmYWxzZSwidGF4UXVlcnkiOnsiY2F0ZWdvcnkiOlsyOF19fX0gLS0+CjxkaXYgY2xhc3M9IndwLWJsb2NrLXF1ZXJ5Ij48IS0tIHdwOnBvc3QtdGVtcGxhdGUgLS0+CjwhLS0gd3A6YmxvY2sgeyJyZWYiOjY1Nn0gLy0tPgo8IS0tIC93cDpwb3N0LXRlbXBsYXRlIC0tPgoKPCEtLSB3cDpxdWVyeS1uby1yZXN1bHRzIC0tPgo8IS0tIHdwOnBhcmFncmFwaCB7InBsYWNlaG9sZGVyIjoiQWRkIHRleHQgb3IgYmxvY2tzIHRoYXQgd2lsbCBkaXNwbGF5IHdoZW4gYSBxdWVyeSByZXR1cm5zIG5vIHJlc3VsdHMuIn0gLS0+CjxwPkFrdHVlbGwga2VpbmUgQmVpdHLDpGdlIGF1ZiBEZXV0c2NoIHZvcmhhbmRlbuKApjwvcD4KPCEtLSAvd3A6cGFyYWdyYXBoIC0tPgo8IS0tIC93cDpxdWVyeS1uby1yZXN1bHRzIC0tPjwvZGl2Pgo8IS0tIC93cDpxdWVyeSAtLT4KCjwhLS0gd3A6YnV0dG9ucyB7InN0eWxlIjp7InNwYWNpbmciOnsibWFyZ2luIjp7InRvcCI6InZhcjpwcmVzZXR8c3BhY2luZ3w2MCJ9fX0sImxheW91dCI6eyJ0eXBlIjoiZmxleCIsImp1c3RpZnlDb250ZW50IjoiY2VudGVyIn19IC0tPgo8ZGl2IGNsYXNzPSJ3cC1ibG9jay1idXR0b25zIiBzdHlsZT0ibWFyZ2luLXRvcDp2YXIoLS13cC0tcHJlc2V0LS1zcGFjaW5nLS02MCkiPjwhLS0gd3A6YnV0dG9uIC0tPgo8ZGl2IGNsYXNzPSJ3cC1ibG9jay1idXR0b24iPjxhIGNsYXNzPSJ3cC1ibG9jay1idXR0b25fX2xpbmsgd3AtZWxlbWVudC1idXR0b24iIGhyZWY9Imh0dHBzOi8vc3dpdHplcmxhbmQud29yZGNhbXAub3JnLzIwMjYvZGUvbmV3cy8iPkFsbGUgTmV3czwvYT48L2Rpdj4KPCEtLSAvd3A6YnV0dG9uIC0tPgoKPCEtLSB3cDpidXR0b24geyJiYWNrZ3JvdW5kQ29sb3IiOiJjdXN0b20tc2Vjb25kYXJ5In0gLS0+CjxkaXYgY2xhc3M9IndwLWJsb2NrLWJ1dHRvbiI+PGEgY2xhc3M9IndwLWJsb2NrLWJ1dHRvbl9fbGluayBoYXMtY3VzdG9tLXNlY29uZGFyeS1iYWNrZ3JvdW5kLWNvbG9yIGhhcy1iYWNrZ3JvdW5kIHdwLWVsZW1lbnQtYnV0dG9uIiBocmVmPSIjbmV3cy12aWEtZW1haWwiPlZpYSBFLU1haWwgYWJvbm5pZXJlbjwvYT48L2Rpdj4KPCEtLSAvd3A6YnV0dG9uIC0tPjwvZGl2Pgo8IS0tIC93cDpidXR0b25zIC0tPjwvZGl2Pgo8IS0tIC93cDpncm91cCAtLT5kb2N1bWVudGV4Y2VycHRkb2N1bWVudGF1dGhvcmRvY3VtZW50ZmVhdHVyZWRfbWVkaWFkb2N1bWVudGNvbW1lbnRfc3RhdHVzZG9jdW1lbnRwaW5nX3N0YXR1c2RvY3VtZW50dGVtcGxhdGVkb2N1bWVudG1ldGFqZXRwYWNrX3Bvc3Rfd2FzX2V2ZXJfcHVibGlzaGVkZm9vdG5vdGVzZG9jdW1lbnRibG9ja3NjbGllbnRJZGlzVmFsaWRvcmlnaW5hbENvbnRlbnRuYW1lYXR0cmlidXRlc2NvbnRlbnRXYXMgaXN0IGVpbiBXb3JkQ2FtcD9sZXZlbGZvbnRTaXplaW5uZXJCbG9ja3NjbGllbnRJZGlzVmFsaWRvcmlnaW5hbENvbnRlbnRuYW1lYXR0cmlidXRlc2NvbnRlbnQ8YSBocmVmPSJodHRwczovL2NlbnRyYWwud29yZGNhbXAub3JnLyI+V29yZENhbXBzPC9hPiBzaW5kIGdlbWVpbm7DvHR6aWdlIFZlcmFuc3RhbHR1bmdlbiwgZGllIHZvbiBDb21tdW5pdHktTWl0Z2xpZWRlcm4gZWhyZW5hbXRsaWNoIG9yZ2FuaXNpZXJ0IHdlcmRlbi4gU2llIGZpbmRlbiBpbiBkZXIgUmVnZWwgasOkaHJsaWNoIHN0YXR0IHVuZCBiaWV0ZW4gTnV0emVybiwgRW50d2lja2xlcm4sIERlc2lnbmVybiB1bmQgYW5kZXJlbiBFeHBlcnRlbiBhdXMgYWxsZXIgV2VsdCBkaWUgTcO2Z2xpY2hrZWl0LCBzaWNoIHp1IHRyZWZmZW4sIEVyZmFocnVuZ2VuIHVuZCBXaXNzZW4gYXVzenV0YXVzY2hlbiB1bmQgc2ljaCBtaXQgS29sbGVnZW4genUgdmVybmV0emVuLiBXaXIgZnJldWVuIHVucyBkYXJhdWYsIGRpZSBUZWlsbmVobSBiZWdyw7xzc2VuIHp1IGTDvHJmZW4uZHJvcENhcGlubmVyQmxvY2tzY2xpZW50SWRpc1ZhbGlkb3JpZ2luYWxDb250ZW50bmFtZWF0dHJpYnV0ZXN1cmxhbHRjYXB0aW9uRWluaWdlIFRlaWxuZWhtZXIgZGVzIFdvcmRDYW1wIFNjaHdlaXogMjAyM2lkc2l6ZVNsdWdsaW5rRGVzdGluYXRpb25pbm5lckJsb2Nrc2NsaWVudElkaXNWYWxpZG9yaWdpbmFsQ29udGVudG5hbWVhdHRyaWJ1dGVzdGFnTmFtZWNsYXNzTmFtZWxheW91dGlubmVyQmxvY2tzY2xpZW50SWRpc1ZhbGlkb3JpZ2luYWxDb250ZW50bmFtZWF0dHJpYnV0ZXNjb250ZW50U3RhbmRvcnRsZXZlbGlubmVyQmxvY2tzY2xpZW50SWRpc1ZhbGlkb3JpZ2luYWxDb250ZW50bmFtZWF0dHJpYnV0ZXNjb250ZW50RGFzIFdvcmRDYW1wIFN3aXR6ZXJsYW5kIDIwMjYgZmluZGV0IGFtIDExLiB1bmQgMTIuIFNlcHRlbWJlciBpbSBDZW50cmUgTG9ld2VuYmVyZyBpbiBNdXJ0ZW4gc3RhdHQsIHdvIHdpciBpbiBkZXIgVmVyZ2FuZ2VuaGVpdCBiZXJlaXRzIGVyZm9sZ3JlaWNoZSBXb3JkUHJlc3MtVmVyYW5zdGFsdHVuZ2VuIGF1c2dlcmljaHRldCBoYWJlbi5kcm9wQ2FwaW5uZXJCbG9ja3NjbGllbnRJZGlzVmFsaWRvcmlnaW5hbENvbnRlbnRuYW1lYXR0cmlidXRlc3VybGFsdGNhcHRpb25EZXIgTG9ld2VuYmVyZy1DYW1wdXMgaW4gZGVyIE7DpGhlIHZvbiBNdXJ0ZW5saWdodGJveGhyZWZpZHNpemVTbHVnbGlua0Rlc3RpbmF0aW9uaW5uZXJCbG9ja3NjbGllbnRJZGlzVmFsaWRvcmlnaW5hbENvbnRlbnRuYW1lYXR0cmlidXRlc3RhZ05hbWVjbGFzc05hbWVsYXlvdXRpbm5lckJsb2Nrc2NsaWVudElkaXNWYWxpZG9yaWdpbmFsQ29udGVudG5hbWVhdHRyaWJ1dGVzY29udGVudE5ldXN0ZSBOZXdzbGV2ZWxpbm5lckJsb2Nrc2NsaWVudElkaXNWYWxpZG9yaWdpbmFsQ29udGVudG5hbWVhdHRyaWJ1dGVzcXVlcnlJZHF1ZXJ5dGFnTmFtZW5hbWVzcGFjZWVuaGFuY2VkUGFnaW5hdGlvbmFsaWdubG9ja2NsYXNzTmFtZXN0eWxlbGF5b3V0bWV0YWRhdGFpbm5lckJsb2Nrc2NsaWVudElkaXNWYWxpZG9yaWdpbmFsQ29udGVudG5hbWVhdHRyaWJ1dGVzaW5uZXJCbG9ja3NjbGllbnRJZGlzVmFsaWRvcmlnaW5hbENvbnRlbnRuYW1lYXR0cmlidXRlc3JlZmNvbnRlbnRpbm5lckJsb2Nrc2NsaWVudElkaXNWYWxpZG9yaWdpbmFsQ29udGVudG5hbWVhdHRyaWJ1dGVzaW5uZXJCbG9ja3NjbGllbnRJZGlzVmFsaWRvcmlnaW5hbENvbnRlbnRuYW1lYXR0cmlidXRlc2NvbnRlbnRBa3R1ZWxsIGtlaW5lIEJlaXRyw6RnZSBhdWYgRGV1dHNjaCB2b3JoYW5kZW7igKZkcm9wQ2FwcGxhY2Vob2xkZXJpbm5lckJsb2Nrc2NsaWVudElkaXNWYWxpZG9yaWdpbmFsQ29udGVudG5hbWVhdHRyaWJ1dGVzc3R5bGVsYXlvdXRpbm5lckJsb2Nrc2NsaWVudElkaXNWYWxpZG9yaWdpbmFsQ29udGVudG5hbWVhdHRyaWJ1dGVzdGFnTmFtZXR5cGV1cmx0ZXh0QWxsZSBOZXdzaW5uZXJCbG9ja3NjbGllbnRJZGlzVmFsaWRvcmlnaW5hbENvbnRlbnRuYW1lYXR0cmlidXRlc3RhZ05hbWV0eXBldXJsdGV4dFZpYSBFLU1haWwgYWJvbm5pZXJlbmJhY2tncm91bmRDb2xvcmlubmVyQmxvY2tzc3RhdGV2ZXJzaW9uICBzdGF0ZXZlcnNpb25zdGF0ZXZlcnNpb25zdGF0ZXZlcnNpb25zdGF0ZXZlcnNpb25zdGF0ZXZlcnNpb25zdGF0ZXNhdmVkQXRzdGF0ZXNhdmVkQnlwYXJlbnMiOltdLCJmb3JtdCI6W10sInRhaW5sdWRlIjp7ImN9c3RhdGV2ZXJzaW9uc3RhdGV2ZXJzaW9uc3RhdGV2ZXJzaW9uBQcFBxsMBQKSAQSSAQQBApIBBJIBBAUHBQcIBAgECAYIBRUIB6IJAQ0CiAWyBhuxBzERsAdBAAoBDgKDAUEAlxAIBwgGCA4IDggLSAEEHwkIBggHDwQKBxUFCAsIBw8ECgedBhUHCwgHDwQKQwAHKwIIDwsIBw8ECgcJBgsIBw8ECgcIBQsIBw8ECgeBARumAQcLCAcPBApDAAcEERcIBAIIDwsIBw8ECgcJBgsIBw8ECgcLBQsIBw8ECgcFBwkSBQQJBQYICwgHDwQKCwgHDwQKAwcLCAcPBAoLCAcPBAoHLQdLAAgHDwQKBQYLCAcPBAoHBAMECQsIBw8ECgcEAwQVDwsFB0EABQcFBwUHBQcFBwUHBQcFCwkCCQEFBwUHBQcSAQcAAAEAAAABBgABAQAAsAEBQUIBAQBBAAIAQQACAEEAAgBBAABBAAIAQQACAEEAAgBBAABBAAIAQQAAQQAAQQAAQQAAQQACAEEAAEEAAgBBAAIAGEECBkEGBAIDQQAZMTwfQQ81QUQKAQhBPA0BAH0BEgB7QnnbRbwpAAB7QesOxEFgAAADAPUBAHcTMjAyNi0wNC0xNFQyMDowNzozOXcCZGV3B3B1Ymxpc2h9kt\/uBH0AdwZjbG9zZWR3BmNsb3NlZHcHcGFnZS1kZXl3AHckYjJlNjU5MjQtNzMyYy00NGY0LTkwYjYtZjA0MmU2Y2Q3MGQ1eHdOPGgyIGNsYXNzPSJ3cC1ibG9jay1oZWFkaW5nIGhhcy14eC1sYXJnZS1mb250LXNpemUiPldhcyBpc3QgZWluIFdvcmRDYW1wPzwvaDI+dwxjb3JlL2hlYWRpbmd9AncIeHgtbGFyZ2V4dw5jb3JlL3BhcmFncmFwaHl4d7gCPGZpZ3VyZSBjbGFzcz0id3AtYmxvY2staW1hZ2Ugc2l6ZS1sYXJnZSI+PGltZyBzcmM9Imh0dHBzOi8vc3dpdHplcmxhbmQud29yZGNhbXAub3JnLzIwMjYvZmlsZXMvMjAyNi8wNC8yMDIzMDQwMV8xODI1MjUtMTAyNHg2ODMuanBnIiBhbHQ9IlBhcnRpY2lwYW50cyBhdCBXb3JkQ2FtcCBTd2l0emVybGFuZCBpbiAyMDIzIiBjbGFzcz0id3AtaW1hZ2UtNTQ2IiAvPjxmaWdjYXB0aW9uIGNsYXNzPSJ3cC1lbGVtZW50LWNhcHRpb24iPkVpbmlnZSBUZWlsbmVobWVyIGRlcyBXb3JkQ2FtcCBTY2h3ZWl6IDIwMjM8L2ZpZ2NhcHRpb24+PC9maWd1cmU+dwpjb3JlL2ltYWdld1BodHRwczovL3N3aXR6ZXJsYW5kLndvcmRjYW1wLm9yZy8yMDI2L2ZpbGVzLzIwMjYvMDQvMjAyMzA0MDFfMTgyNTI1LTEwMjR4NjgzLmpwZ3csUGFydGljaXBhbnRzIGF0IFdvcmRDYW1wIFN3aXR6ZXJsYW5kIGluIDIwMjN9ogh3BWxhcmdldwRub25leHc5PGRpdiBjbGFzcz0id3AtYmxvY2stZ3JvdXAgaXMtc3R5bGUtc2VjdGlvbi0xIj4KCgoKPC9kaXY+dwpjb3JlL2dyb3VwdwNkaXZ3EmlzLXN0eWxlLXNlY3Rpb24tMXYBBHR5cGV3C2NvbnN0cmFpbmVkdyRhNDllMDE2OS00YjFmLTQ0NTMtYjc3NS0xNjY5MTcxZWY3ODl4dyo8aDIgY2xhc3M9IndwLWJsb2NrLWhlYWRpbmciPlN0YW5kb3J0PC9oMj53DGNvcmUvaGVhZGluZ30CeHcOY29yZS9wYXJhZ3JhcGh5eHcKY29yZS9pbWFnZXdBaHR0cHM6Ly9zd2l0emVybGFuZC53b3JkY2FtcC5vcmcvMjAyNi9maWxlcy8yMDI2LzA0LzM0NjcwNDkwNC5qcGd3NEV4dGVyaW9yIGFlcmlhbCB2aWV3IG9mIHRoZSBDZW50ZXIgTG9ld2VuYmVyZyBjYW1wdXN2AQdlbmFibGVkeXc3aHR0cHM6Ly9zd2l0emVybGFuZC53b3JkY2FtcC5vcmcvMjAyNi92ZW51ZS1hbmQtYWNjZXNzL32SBHcEZnVsbHcGY3VzdG9teHc5PGRpdiBjbGFzcz0id3AtYmxvY2stZ3JvdXAgaXMtc3R5bGUtc2VjdGlvbi0xIj4KCgoKPC9kaXY+dwpjb3JlL2dyb3VwdwNkaXZ3EmlzLXN0eWxlLXNlY3Rpb24tMXYBBHR5cGV3C2NvbnN0cmFpbmVkdyRiNjliNmVmYy1mNzZkLTRjZjgtOTZlYi0yYTFhMjAzMDM4N2Z4dy08aDIgY2xhc3M9IndwLWJsb2NrLWhlYWRpbmciPk5ldXN0ZSBOZXdzPC9oMj53DGNvcmUvaGVhZGluZ30CeHckPGRpdiBjbGFzcz0id3AtYmxvY2stcXVlcnkiPgoKPC9kaXY+dwpjb3JlL3F1ZXJ5fQF2DgdwZXJQYWdlfQYFcGFnZXN9AAZvZmZzZXR9AAhwb3N0VHlwZXcEcG9zdAVvcmRlcncEZGVzYwdvcmRlckJ5dwRkYXRlBmF1dGhvcncABnNlYXJjaHcAB2V4Y2x1ZGV1AAZzdGlja3l3AAdpbmhlcml0eQdwYXJlbnRzdQAGZm9ybWF0dQAIdGF4UXVlcnl2AQdpbmNsdWRldgEIY2F0ZWdvcnl1AX0cdwNkaXZ5dyQ1MmQ2ZDAxZC1iNDQ1LTQ4MzQtYmYwMS0xMjdmZDEwY2VhMTB4dwB3EmNvcmUvcG9zdC10ZW1wbGF0ZXckOGY2YmNmYWMtZmQyNS00ZjY1LTkyODMtM2Q1ZjlmMjQ2ZGFleHcAdwpjb3JlL2Jsb2NrfZAKdQB3JDJkZTY0ZDEzLTI0ZjQtNGU0MC04MGQ5LThjYjdlZWQ5ZTQwYnh3AHcVY29yZS9xdWVyeS1uby1yZXN1bHRzdyRiMmI4M2FjNy0xMzUwLTQ2YmQtODE0Zi03YmRjN2M1NGQ2ZGF4dzc8cD5Ba3R1ZWxsIGtlaW5lIEJlaXRyw6RnZSBhdWYgRGV1dHNjaCB2b3JoYW5kZW7igKY8L3A+dw5jb3JlL3BhcmFncmFwaHl3RUFkZCB0ZXh0IG9yIGJsb2NrcyB0aGF0IHdpbGwgZGlzcGxheSB3aGVuIGEgcXVlcnkgcmV0dXJucyBubyByZXN1bHRzLnckOWRjNTgzZGItNmUzOC00Zjg2LTk2MDItOGM0MTgyNjNjMTc2eHdYPGRpdiBjbGFzcz0id3AtYmxvY2stYnV0dG9ucyIgc3R5bGU9Im1hcmdpbi10b3A6dmFyKC0td3AtLXByZXNldC0tc3BhY2luZy0tNjApIj4KCjwvZGl2PncMY29yZS9idXR0b25zdgEHc3BhY2luZ3YBBm1hcmdpbnYBA3RvcHcVdmFyOnByZXNldHxzcGFjaW5nfDYwdgIEdHlwZXcEZmxleA5qdXN0aWZ5Q29udGVudHcGY2VudGVydyRlNzA0YzMxZC1jODQ3LTQ3NTMtOTE4ZC1lOGJjOGU3MmRjMmZ4d5kBPGRpdiBjbGFzcz0id3AtYmxvY2stYnV0dG9uIj48YSBjbGFzcz0id3AtYmxvY2stYnV0dG9uX19saW5rIHdwLWVsZW1lbnQtYnV0dG9uIiBocmVmPSJodHRwczovL3N3aXR6ZXJsYW5kLndvcmRjYW1wLm9yZy8yMDI2L2RlL25ld3MvIj5BbGxlIE5ld3M8L2E+PC9kaXY+dwtjb3JlL2J1dHRvbncBYXcGYnV0dG9udy5odHRwczovL3N3aXR6ZXJsYW5kLndvcmRjYW1wLm9yZy8yMDI2L2RlL25ld3MvdyQxZmIyNWMxNS0yNjNmLTRhNGQtYWNhMC0wZGM0ZjVhNWI4MzR4d7sBPGRpdiBjbGFzcz0id3AtYmxvY2stYnV0dG9uIj48YSBjbGFzcz0id3AtYmxvY2stYnV0dG9uX19saW5rIGhhcy1jdXN0b20tc2Vjb25kYXJ5LWJhY2tncm91bmQtY29sb3IgaGFzLWJhY2tncm91bmQgd3AtZWxlbWVudC1idXR0b24iIGhyZWY9IiNuZXdzLXZpYS1lbWFpbCI+VmlhIEUtTWFpbCBhYm9ubmllcmVuPC9hPjwvZGl2PncLY29yZS9idXR0b253AWF3BmJ1dHRvbncPI25ld3MtdmlhLWVtYWlsdxBjdXN0b20tc2Vjb25kYXJ5CwB3JGMzYTQ4MGIyLTdlNDQtNGNiYy1hNjhiLTZjMGVkNTc3YjNjZXftAzxwPjxhIGhyZWY9Imh0dHBzOi8vY2VudHJhbC53b3JkY2FtcC5vcmcvIj5Xb3JkQ2FtcHM8L2E+IHNpbmQgZ2VtZWlubsO8dHppZ2UgVmVyYW5zdGFsdHVuZ2VuLCBkaWUgdm9uIENvbW11bml0eS1NaXRnbGllZGVybiBlaHJlbmFtdGxpY2ggb3JnYW5pc2llcnQgd2VyZGVuLiBTaWUgZmluZGVuIGluIGRlciBSZWdlbCBqw6RocmxpY2ggc3RhdHQgdW5kIGJpZXRlbiBOdXR6ZXJuLCBFbnR3aWNrbGVybiwgRGVzaWduZXJuIHVuZCBhbmRlcmVuIEV4cGVydGVuIGF1cyBhbGxlciBXZWx0IGRpZSBNw7ZnbGljaGtlaXQsIHNpY2ggenUgdHJlZmZlbiwgRXJmYWhydW5nZW4gdW5kIFdpc3NlbiBhdXN6dXRhdXNjaGVuIHVuZCBzaWNoIG1pdCBLb2xsZWdlbiB6dSB2ZXJuZXR6ZW4uIFdpciBmcmV1ZW4gdW5zIGRhcmF1ZiwgZGllIFRlaWxuZWhtZXIgZGVzIG7DpGNoc3RlbiBXb3JkQ2FtcHMgaW0gU2Nod2VpemVyIFNlZWxhbmQgYmVncsO8c3NlbiB6dSBkw7xyZmVuLjwvcD53JDZmMTg1YWM5LWIyMjUtNDYyYi04ZTViLTIzYjM5NmY2ZDAxZXckMWQxMTVkOTYtY2RiNS00ZjM1LTkyODctODdmMGJjYmFjYWZkdyQ5NjFlMThhNC1lOTBmLTRkOTAtOTFlZC0zNWMyMGQ1ODA5OGR3nwI8cD5EYXMgV29yZENhbXAgU3dpdHplcmxhbmQgMjAyNiBmaW5kZXQgYW0gMTEuIHVuZCAxMi4gU2VwdGVtYmVyIGltIDxhIGhyZWY9Imh0dHBzOi8vc3dpdHplcmxhbmQud29yZGNhbXAub3JnLzIwMjYvZGUvdmVyYW5zdGFsdHVuZ3NvcnQtdW5kLWFuZmFocnQvIj5DZW50cmUgTG9ld2VuYmVyZyBpbiBNdXJ0ZW48L2E+IHN0YXR0LCB3byB3aXIgaW4gZGVyIFZlcmdhbmdlbmhlaXQgYmVyZWl0cyBlcmZvbGdyZWljaGUgV29yZFByZXNzLVZlcmFuc3RhbHR1bmdlbiBhdXNnZXJpY2h0ZXQgaGFiZW4uPC9wPnckOWRhMTYwYTctNDg2Mi00ZGYzLTk3ODYtMThmZjZlNTVjODJid84DPGZpZ3VyZSBjbGFzcz0id3AtYmxvY2staW1hZ2Ugc2l6ZS1mdWxsIj48YSBocmVmPSJodHRwczovL3N3aXR6ZXJsYW5kLndvcmRjYW1wLm9yZy8yMDI2L3ZlbnVlLWFuZC1hY2Nlc3MvIj48aW1nIHNyYz0iaHR0cHM6Ly9zd2l0emVybGFuZC53b3JkY2FtcC5vcmcvMjAyNi9maWxlcy8yMDI2LzA0LzM0NjcwNDkwNC5qcGciIGFsdD0iRXh0ZXJpb3IgYWVyaWFsIHZpZXcgb2YgdGhlIENlbnRlciBMb2V3ZW5iZXJnIGNhbXB1cyIgY2xhc3M9IndwLWltYWdlLTI3NCIgLz48L2E+PGZpZ2NhcHRpb24gY2xhc3M9IndwLWVsZW1lbnQtY2FwdGlvbiI+RGVyIDxhIGhyZWY9Imh0dHBzOi8vc3dpdHplcmxhbmQud29yZGNhbXAub3JnLzIwMjYvZGUvdmVyYW5zdGFsdHVuZ3NvcnQtdW5kLWFuZmFocnQvIj5Mb2V3ZW5iZXJnLUNhbXB1czwvYT4gaW4gZGVyIE7DpGhlIHZvbiBNdXJ0ZW48L2ZpZ2NhcHRpb24+PC9maWd1cmU+AQADAAEABQB3JGFkZTk5YTAyLTUyNjUtNDU0Ni1hN2Y5LWIwZDUwNWUwZTMxNnckNzQyMjUxYmItMGQ4Mi00NDJhLWExYWQtOWUwNjBkNTliNmY2CQABAAEAAQAMi8TYww0CAAAdBbHAtcEMAQACkPrTvgwZAAD8BAABAw0BAgLIAgC+BwDNBBhFMAE7AR7BCAABAKADNBgANwAaAAEAyAEAAQA4AB0ABwABBQgT1KqRygsBAACZgJ\/pBwEAALfa+ZcGAQACqveMsAMBAAD3oKz\/AgEAAuScsvsCAQACoOvrSgEAAObuhx4BAACbrtUWAQAA\",\"updateId\":946438704}","jetpack_post_was_ever_published":false,"footnotes":""},"class_list":["post-655","page","type-page","status-publish","hentry"],"jetpack_sharing_enabled":true,"_links":{"self":[{"href":"https:\/\/switzerland.wordcamp.org\/2026\/wp-json\/wp\/v2\/pages\/655","targetHints":{"allow":["GET"]}}],"collection":[{"href":"https:\/\/switzerland.wordcamp.org\/2026\/wp-json\/wp\/v2\/pages"}],"about":[{"href":"https:\/\/switzerland.wordcamp.org\/2026\/wp-json\/wp\/v2\/types\/page"}],"author":[{"embeddable":true,"href":"https:\/\/switzerland.wordcamp.org\/2026\/wp-json\/wp\/v2\/users\/5101522"}],"replies":[{"embeddable":true,"href":"https:\/\/switzerland.wordcamp.org\/2026\/wp-json\/wp\/v2\/comments?post=655"}],"version-history":[{"count":6,"href":"https:\/\/switzerland.wordcamp.org\/2026\/wp-json\/wp\/v2\/pages\/655\/revisions"}],"predecessor-version":[{"id":920,"href":"https:\/\/switzerland.wordcamp.org\/2026\/wp-json\/wp\/v2\/pages\/655\/revisions\/920"}],"wp:attachment":[{"href":"https:\/\/switzerland.wordcamp.org\/2026\/wp-json\/wp\/v2\/media?parent=655"}],"curies":[{"name":"wp","href":"https:\/\/api.w.org\/{rel}","templated":true}]}}