{"id":678,"date":"2026-04-14T20:44:56","date_gmt":"2026-04-14T18:44:56","guid":{"rendered":"https:\/\/switzerland.wordcamp.org\/2026\/?page_id=678"},"modified":"2026-04-14T20:44:57","modified_gmt":"2026-04-14T18:44:57","slug":"verhaltenscodex","status":"publish","type":"page","link":"https:\/\/switzerland.wordcamp.org\/2026\/de\/verhaltenscodex\/","title":{"rendered":"Verhaltenscodex"},"content":{"rendered":"<h1 class=\"wp-block-post-title\">Verhaltenscodex<\/h1>\n\n\n<h2 class=\"wp-block-heading\">1. Zweck<\/h2>\n\n\n\n<p class=\"wp-block-paragraph\">WordCamp Schweiz glaubt, dass unsere Community wirklich offen f\u00fcr alle sein sollte. Als solches verpflichten wir uns, allen ein freundliches, sicheres und einladendes Umfeld zu bieten, unabh\u00e4ngig von Geschlecht, sexueller Orientierung, Behinderung, ethnischer Zugeh\u00f6rigkeit, Religion, Alter, Kaste, sozialer Klasse, bevorzugtem Betriebssystem, Programmiersprache oder Texteditor andere Erkennungsmerkmale.<\/p>\n\n\n\n<p class=\"wp-block-paragraph\">Dieser Verhaltenskodex umreisst unsere Erwartungen an das Teilnehmerverhalten sowie die Konsequenzen f\u00fcr inakzeptables Verhalten.<\/p>\n\n\n\n<p class=\"wp-block-paragraph\">Wir laden alle Sponsoren, Freiwilligen, Referenten und Teilnehmer ein, uns dabei zu helfen, ein sicheres und positives Konferenzerlebnis f\u00fcr alle zu realisieren.<\/p>\n\n\n\n<h2 class=\"wp-block-heading\">2. Open-Source-B\u00fcrgerschaft<\/h2>\n\n\n\n<p class=\"wp-block-paragraph\">Ein zus\u00e4tzliches Ziel dieses Verhaltenskodexes ist es, die Open-Source-B\u00fcrgerschaft zu st\u00e4rken, indem die Teilnehmer dazu ermutigt werden, die Beziehungen zwischen unserer Arbeit und der Gemeinschaft als Ganzes zu erkennen und zu st\u00e4rken.<\/p>\n\n\n\n<p class=\"wp-block-paragraph\">Um dieses Ziel zu erreichen, werden die Organisatoren des WordCamp Switzerland w\u00e4hrend der gesamten Veranstaltung Nominierungen f\u00fcr vorbildliche B\u00fcrgerinnen und B\u00fcrger entgegennehmen und ausgew\u00e4hlte Teilnehmer nach der Konferenz auf der Website auszeichnen.<\/p>\n\n\n\n<p class=\"wp-block-paragraph\">Wenn du jemanden siehst, der sich besonders daf\u00fcr einsetzt, dass unsere Gemeinschaft einladend und freundlich ist und alle Teilnehmer dazu ermutigt, ihren Beitrag in vollem Umfang zu leisten, wollen wir das wissen! Bitte setze dich mit uns in Verbindung, indem du mit einem Organisator sprichst oder das Kontaktformular auf dieser Website verwendest.<\/p>\n\n\n\n<h2 class=\"wp-block-heading\">3. Erwartetes Verhalten<\/h2>\n\n\n\n<ul class=\"wp-block-list\">\n<li>Sei r\u00fccksichtsvoll, respektvoll und kooperativ.<\/li>\n\n\n\n<li>Unterlasse erniedrigendes, diskriminierendes oder bel\u00e4stigendes Verhalten und Reden.<\/li>\n\n\n\n<li>Achte auf deine Umgebung und auf deine Mitteilnehmer:innen. Benachrichtige die Organisatoren von Konferenzen, wenn du eine gef\u00e4hrliche Situation oder jemanden in Not bemerkst.<\/li>\n\n\n\n<li>Beteilige dich authentisch und aktiv. Damit hilfst du mit, das WordCamp Schweiz zu erschaffen und zu deinem eigenen zu machen.<\/li>\n<\/ul>\n\n\n\n<h2 class=\"wp-block-heading\">4. Inakzeptables Verhalten<\/h2>\n\n\n\n<p class=\"wp-block-paragraph\">Inakzeptable Verhaltensweisen umfassen: Einsch\u00fcchterung, Bel\u00e4stigung, beleidigendes, diskriminierendes, herabw\u00fcrdigendes oder erniedrigendes Verhalten von Teilnehmern des WordCamp Schweiz und verwandter Veranstaltungen. Alle Veranstaltungsorte des WordCamp Schweiz k\u00f6nnen mit der \u00d6ffentlichkeit geteilt werden; sei bitte respektvoll gegen\u00fcber allen G\u00f6nnern dieser Orte.<\/p>\n\n\n\n<p class=\"wp-block-paragraph\">Bel\u00e4stigung umfasst: beleidigende verbale Kommentare in Bezug auf Geschlecht, sexuelle Orientierung, Rasse, Religion, Behinderung; unangemessene Verwendung von Nacktheit und\/oder sexuellen Bildern im \u00f6ffentlichen Raum (einschliesslich Pr\u00e4sentationsfolien); vors\u00e4tzliche Einsch\u00fcchterung, Stalking oder Verfolgung; Bel\u00e4stigendes Fotografieren oder Aufnehmen; nachhaltige St\u00f6rung von Gespr\u00e4chen oder anderen Veranstaltungen; unangemessener k\u00f6rperlicher Kontakt und unerw\u00fcnschte sexuelle Aufmerksamkeit.<\/p>\n\n\n\n<h2 class=\"wp-block-heading\">5. Folgen von inakzeptablem Verhalten<\/h2>\n\n\n\n<p class=\"wp-block-paragraph\">Inakzeptables Verhalten wird nicht toleriert, sei es von anderen Teilnehmer:innen, Organisatoren, Mitarbeiter:innen des Veranstaltungsortes, Sponsoren oder anderen G\u00f6nnern der Veranstaltungsorte von WordCamp Schweiz.<\/p>\n\n\n\n<p class=\"wp-block-paragraph\">Von allen Personen, die aufgefordert werden, inakzeptables Verhalten zu unterbinden, wird erwartet, dass sie sich unverz\u00fcglich daran halten.<\/p>\n\n\n\n<p class=\"wp-block-paragraph\">Wenn eine Teilnehmerin oder ein Teilnehmer ein inakzeptables Verhalten zeigt, k\u00f6nnen die Organisatoren der Konferenz alle Massnahmen ergreifen, die sie f\u00fcr angemessen halten, bis hin zum Ausschluss von der Konferenz ohne Vorwarnung oder R\u00fcckerstattung.<\/p>\n\n\n\n<h2 class=\"wp-block-heading\">6. Was zu tun ist, wenn du Zeuge von inakzeptablem Verhalten wirst oder einem solchen ausgesetzt bist<\/h2>\n\n\n\n<p class=\"wp-block-paragraph\">Inakzeptables Verhalten wird nicht toleriert, weder von anderen Teilnehmer:innen, Organisatoren, Mitarbeiter:innen des Veranstaltungsortes, Sponsoren oder anderen Besucher:innen des Veranstaltungsortes.<\/p>\n\n\n\n<p class=\"wp-block-paragraph\">Von allen Personen, die aufgefordert werden, inakzeptables Verhalten einzustellen, wird erwartet, dass sie dem unverz\u00fcglich nachkommen.<\/p>\n\n\n\n<p class=\"wp-block-paragraph\">Bei inakzeptablem Verhalten eines Teilnehmers oder einer Teilnehmerin k\u00f6nnen die Konferenzorganisatoren alle ihnen angemessen erscheinenden Massnahmen ergreifen, bis hin zum Ausschluss von der Konferenz ohne Warnung oder R\u00fcckerstattung.<\/p>\n\n\n\n<h2 class=\"wp-block-heading\">7. Umfang<\/h2>\n\n\n\n<p class=\"wp-block-paragraph\">Wir erwarten von allen Konferenzteilnehmer:innen (Sponsoren, Freiwilligen, Rednern, Teilnehmenden und anderen G\u00e4sten), dass sie sich an allen Konferenzorten sowie bei allen konferenzbezogenen gesellschaftlichen Veranstaltungen an diesen Verhaltenskodex halten.<\/p>\n\n\n\n<h2 class=\"wp-block-heading\">8. Kontaktinformationen<\/h2>\n\n\n\n<p class=\"wp-block-paragraph\">Bitte wende dich direkt an eines der WordCamp Schweiz-Teams, nutze unsere <a href=\"https:\/\/switzerland.wordcamp.org\/2023\/de\/kontakt\/\" data-type=\"page\" data-id=\"667\">Kontaktseite<\/a> oder schreibe uns an: <a href=\"mailto:switzerland@wordcamp.org\">switzerland@wordcamp.org<\/a>.<\/p>\n\n\n\n<h2 class=\"wp-block-heading\">9. Lizenz und Namensnennung<\/h2>\n\n\n\n<p class=\"wp-block-paragraph\">Dieser Verhaltenskodex ist ein direkter Abklatsch von der grossartigen Arbeit von Open Source Bridge, aber mit unseren Veranstaltungsinformationen ersetzt. Das Original ist unter <a href=\"http:\/\/web.archive.org\/web\/20191206083557\/http:\/\/opensourcebridge.org\/about\/code-of-conduct\/\">Open Source Bridge 2018 [archiviert]<\/a> verf\u00fcgbar und wird unter einer <a href=\"http:\/\/creativecommons.org\/licenses\/by-sa\/3.0\/\">Creative Commons Attribution-ShareAlike-Lizenz<\/a> ver\u00f6ffentlicht.<\/p>\n\n\n\n<h2 class=\"wp-block-heading\">10. Erkl\u00e4rung zu Socials oder erg\u00e4nzenden Veranstaltungen<\/h2>\n\n\n\n<p class=\"wp-block-paragraph\">Gesellige und erg\u00e4nzende Veranstaltungen sollen die M\u00f6glichkeit bieten, Kontakte zu kn\u00fcpfen, sich weiterzubilden und sich nach einem vollen WordCamp zu entspannen. Sie sollten auch Orte sein, an denen sich die Teilnehmer:innen sicher und geborgen f\u00fchlen k\u00f6nnen.<\/p>\n\n\n\n<p class=\"wp-block-paragraph\">Wir m\u00f6chten, dass du dich bei diesen Veranstaltungen am\u00fcsierst, und wir m\u00f6chten, dass du dies sicher tust. Wenn du einen Verstoss gegen den Verhaltenskodex feststellst, einen Verstoss siehst, dich Sorgen um das Wohlbefinden, die Sicherheit oder das Verhalten eines anderen Teilnehmers machst oder eine allgemeine Frage hast (wir verstehen, dass Verst\u00f6sse nicht immer offensichtlich sind!), kontaktiere uns sofort, indem du einen WordCamp-Organisator benachrichtigst oder eine E-Mail an <a href=\"mailto:report@wordcamp.org\">report@wordcamp.org<\/a> sendest.<\/p>\n\n\n\n<p class=\"is-style-default wp-block-paragraph\">Wenn du bei pers\u00f6nlichen Veranstaltungen Hilfe ben\u00f6tigst oder nicht in der Lage bist, dich bequem oder sicher aus einer Situation zu entfernen, in der du nicht sein m\u00f6chtest, werden die Organisatoren dir sofort und diskret helfen. Einige Beispiele sind: du f\u00fchlst dich nicht wohl, deine Transportm\u00f6glichkeiten sind nicht gegeben, du bist betrunken, du bist allein oder mit jemandem zusammen, dem du nicht vertraust, du bist \u00fcberfordert, du hast einen Verstoss gegen den Verhaltenskodex erlebt oder warst Zeuge eines solchen. Wende dich an eine freiwillige Person oder an jemanden aus dem Organisationsteam in deiner N\u00e4he, um Hilfe zu erhalten.<\/p>\n","protected":false},"excerpt":{"rendered":"<p>1. Zweck WordCamp Schweiz glaubt, dass unsere Community wirklich offen f\u00fcr alle sein sollte. Als solches verpflichten wir uns, allen ein freundliches, sicheres und einladendes Umfeld zu bieten, unabh\u00e4ngig von Geschlecht, sexueller Orientierung, Behinderung, ethnischer Zugeh\u00f6rigkeit, Religion, Alter, Kaste, sozialer Klasse, bevorzugtem Betriebssystem, Programmiersprache oder Texteditor andere Erkennungsmerkmale. Dieser Verhaltenskodex umreisst unsere Erwartungen an das [&hellip;]<\/p>\n","protected":false},"author":5101522,"featured_media":0,"parent":655,"menu_order":0,"comment_status":"closed","ping_status":"closed","template":"page-de","meta":{"_crdt_document":"","jetpack_post_was_ever_published":false,"footnotes":""},"class_list":["post-678","page","type-page","status-publish","hentry"],"jetpack_sharing_enabled":true,"_links":{"self":[{"href":"https:\/\/switzerland.wordcamp.org\/2026\/wp-json\/wp\/v2\/pages\/678","targetHints":{"allow":["GET"]}}],"collection":[{"href":"https:\/\/switzerland.wordcamp.org\/2026\/wp-json\/wp\/v2\/pages"}],"about":[{"href":"https:\/\/switzerland.wordcamp.org\/2026\/wp-json\/wp\/v2\/types\/page"}],"author":[{"embeddable":true,"href":"https:\/\/switzerland.wordcamp.org\/2026\/wp-json\/wp\/v2\/users\/5101522"}],"replies":[{"embeddable":true,"href":"https:\/\/switzerland.wordcamp.org\/2026\/wp-json\/wp\/v2\/comments?post=678"}],"version-history":[{"count":1,"href":"https:\/\/switzerland.wordcamp.org\/2026\/wp-json\/wp\/v2\/pages\/678\/revisions"}],"predecessor-version":[{"id":679,"href":"https:\/\/switzerland.wordcamp.org\/2026\/wp-json\/wp\/v2\/pages\/678\/revisions\/679"}],"up":[{"embeddable":true,"href":"https:\/\/switzerland.wordcamp.org\/2026\/wp-json\/wp\/v2\/pages\/655"}],"wp:attachment":[{"href":"https:\/\/switzerland.wordcamp.org\/2026\/wp-json\/wp\/v2\/media?parent=678"}],"curies":[{"name":"wp","href":"https:\/\/api.w.org\/{rel}","templated":true}]}}