{"id":896,"date":"2026-04-21T23:09:00","date_gmt":"2026-04-21T21:09:00","guid":{"rendered":"https:\/\/switzerland.wordcamp.org\/2026\/?page_id=896"},"modified":"2026-04-21T23:09:11","modified_gmt":"2026-04-21T21:09:11","slug":"news","status":"publish","type":"page","link":"https:\/\/switzerland.wordcamp.org\/2026\/fr\/news\/","title":{"rendered":"Derni\u00e8res nouvelles"},"content":{"rendered":"\n<div class=\"wp-block-group is-style-section-1 has-global-padding is-layout-constrained wp-block-group-is-layout-constrained is-style-section-1--1\">\n<h2 class=\"wp-block-heading\">Derni\u00e8res nouvelles<\/h2>\n\n\n\n<div class=\"wp-block-query is-layout-flow wp-block-query-is-layout-flow\"><ul class=\"wp-block-post-template is-layout-flow wp-block-post-template-is-layout-flow\"><li class=\"wp-block-post post-954 post type-post status-publish format-standard has-post-thumbnail hentry category-francais\">\n\n<div class=\"wp-block-group c-postcard has-global-padding is-layout-constrained wp-container-core-group-is-layout-9afc0cc4 wp-block-group-is-layout-constrained\"><figure style=\"aspect-ratio:1;\" class=\"wp-block-post-featured-image\"><a href=\"https:\/\/switzerland.wordcamp.org\/2026\/04\/appel-a-organisateurs-organisatrices\/\" target=\"_self\"  ><img loading=\"lazy\" decoding=\"async\" width=\"1200\" height=\"683\" src=\"https:\/\/switzerland.wordcamp.org\/2026\/files\/2026\/04\/WC_Switzerland_2026_call_for_organisers.jpg\" class=\"attachment-post-thumbnail size-post-thumbnail wp-post-image\" alt=\"Appel \u00e0 organisateurs &amp; organisatrices\" style=\"width:100%;height:100%;object-fit:cover;\" srcset=\"https:\/\/switzerland.wordcamp.org\/2026\/files\/2026\/04\/WC_Switzerland_2026_call_for_organisers.jpg 1200w, https:\/\/switzerland.wordcamp.org\/2026\/files\/2026\/04\/WC_Switzerland_2026_call_for_organisers-300x171.jpg 300w, https:\/\/switzerland.wordcamp.org\/2026\/files\/2026\/04\/WC_Switzerland_2026_call_for_organisers-1024x583.jpg 1024w, https:\/\/switzerland.wordcamp.org\/2026\/files\/2026\/04\/WC_Switzerland_2026_call_for_organisers-768x437.jpg 768w, https:\/\/switzerland.wordcamp.org\/2026\/files\/2026\/04\/WC_Switzerland_2026_call_for_organisers-500x285.jpg 500w\" sizes=\"auto, (max-width: 1200px) 100vw, 1200px\" \/><\/a><\/figure>\n\n\n<div class=\"wp-block-group has-global-padding is-layout-constrained wp-block-group-is-layout-constrained\">\n<div class=\"wp-block-group has-global-padding is-layout-constrained wp-container-core-group-is-layout-4a221afa wp-block-group-is-layout-constrained\"><h3 style=\"font-style:normal;font-weight:500;\" class=\"has-link-color wp-elements-2b8a5611c6a9f12c6d62cd19860eba19 wp-block-post-title has-large-font-size\"><a href=\"https:\/\/switzerland.wordcamp.org\/2026\/04\/appel-a-organisateurs-organisatrices\/\" target=\"_self\" >Appel \u00e0 organisateurs &amp; organisatrices<\/a><\/h3>\n\n<div class=\"has-link-color wp-elements-b91387576976b77442c9b291be0b53f2 wp-block-post-date has-text-color has-accent-4-color\"><time datetime=\"2026-04-04T16:09:35.597Z\">04.04.2026<\/time><\/div><\/div>\n\n\n<div class=\"wp-block-post-excerpt\"><p class=\"wp-block-post-excerpt__excerpt\">Tu as toujours r\u00eav\u00e9 d\u2019organiser un WordCamp? Ou bien tu as d\u00e9j\u00e0 particip\u00e9 \u00e0 l\u2019organisation d&#8217;un tel \u00e9v\u00e8nement et tu aimerais maintenant soutenir une nouvelle \u00e9quipe? Alors n&#8217;h\u00e9site pas \u00e0 prendre contact avec nous! Pour le WordCamp Switzerland qui se tiendra les 11 et 12 septembre 2026 au Centre Loewenberg \u00e0 Morat, nous recherchons 2&hellip;<\/p><p class=\"wp-block-post-excerpt__more-text\"><a class=\"wp-block-post-excerpt__more-link\" href=\"https:\/\/switzerland.wordcamp.org\/2026\/04\/appel-a-organisateurs-organisatrices\/\">Weiterlesen<\/a><\/p><\/div><\/div>\n<\/div>\n\n<\/li><li class=\"wp-block-post post-949 post type-post status-publish format-standard has-post-thumbnail hentry category-francais\">\n\n<div class=\"wp-block-group c-postcard has-global-padding is-layout-constrained wp-container-core-group-is-layout-9afc0cc4 wp-block-group-is-layout-constrained\"><figure style=\"aspect-ratio:1;\" class=\"wp-block-post-featured-image\"><a href=\"https:\/\/switzerland.wordcamp.org\/2026\/04\/centre-loewenberg-nous-revoila\/\" target=\"_self\"  ><img loading=\"lazy\" decoding=\"async\" width=\"1024\" height=\"683\" src=\"https:\/\/switzerland.wordcamp.org\/2026\/files\/2026\/04\/346704904-1.jpg\" class=\"attachment-post-thumbnail size-post-thumbnail wp-post-image\" alt=\"Centre Loewenberg, nous revoil\u00e0!\" style=\"width:100%;height:100%;object-fit:cover;\" srcset=\"https:\/\/switzerland.wordcamp.org\/2026\/files\/2026\/04\/346704904-1.jpg 1024w, https:\/\/switzerland.wordcamp.org\/2026\/files\/2026\/04\/346704904-1-300x200.jpg 300w, https:\/\/switzerland.wordcamp.org\/2026\/files\/2026\/04\/346704904-1-768x512.jpg 768w, https:\/\/switzerland.wordcamp.org\/2026\/files\/2026\/04\/346704904-1-450x300.jpg 450w\" sizes=\"auto, (max-width: 1024px) 100vw, 1024px\" \/><\/a><\/figure>\n\n\n<div class=\"wp-block-group has-global-padding is-layout-constrained wp-block-group-is-layout-constrained\">\n<div class=\"wp-block-group has-global-padding is-layout-constrained wp-container-core-group-is-layout-4a221afa wp-block-group-is-layout-constrained\"><h3 style=\"font-style:normal;font-weight:500;\" class=\"has-link-color wp-elements-2b8a5611c6a9f12c6d62cd19860eba19 wp-block-post-title has-large-font-size\"><a href=\"https:\/\/switzerland.wordcamp.org\/2026\/04\/centre-loewenberg-nous-revoila\/\" target=\"_self\" >Centre Loewenberg, nous revoil\u00e0!<\/a><\/h3>\n\n<div class=\"has-link-color wp-elements-b91387576976b77442c9b291be0b53f2 wp-block-post-date has-text-color has-accent-4-color\"><time datetime=\"2026-04-04T16:09:35.597Z\">04.04.2026<\/time><\/div><\/div>\n\n\n<div class=\"wp-block-post-excerpt\"><p class=\"wp-block-post-excerpt__excerpt\">Apr\u00e8s le WordCamp Switzerland 2023 et le Switzerland Community Day 2024, nous revenons dans ce lieu magnifique les 11 et 12 septembre prochains pour le WordCamp Switzerland 2026! Le centre de s\u00e9minaires et d\u2019\u00e9v\u00e9nements Loewenberg est situ\u00e9 aux abords de la petite ville de Morat, pile sur la fronti\u00e8re linguistique entre la Suisse romande et&hellip;<\/p><p class=\"wp-block-post-excerpt__more-text\"><a class=\"wp-block-post-excerpt__more-link\" href=\"https:\/\/switzerland.wordcamp.org\/2026\/04\/centre-loewenberg-nous-revoila\/\">Weiterlesen<\/a><\/p><\/div><\/div>\n<\/div>\n\n<\/li><\/ul>\n\n\n\n<\/div>\n\n\n\n<div class=\"wp-block-buttons is-content-justification-center is-layout-flex wp-container-core-buttons-is-layout-c003ea9f wp-block-buttons-is-layout-flex\" style=\"margin-top:var(--wp--preset--spacing--60)\">\n<div class=\"wp-block-button\"><a class=\"wp-block-button__link wp-element-button\" href=\"https:\/\/switzerland.wordcamp.org\/2026\/fr\/news\/\">Toutes les actualit\u00e9s<\/a><\/div>\n\n\n\n<div class=\"wp-block-button\"><a class=\"wp-block-button__link has-custom-secondary-background-color has-background wp-element-button\" href=\"#news-via-email\">Abonnez-vous par courriel<\/a><\/div>\n<\/div>\n<\/div>\n","protected":false},"excerpt":{"rendered":"<p>Derni\u00e8res nouvelles<\/p>\n","protected":false},"author":5101522,"featured_media":274,"parent":813,"menu_order":0,"comment_status":"closed","ping_status":"closed","template":"page-fr","meta":{"_crdt_document":"{\"document\":\"AAAHxd7p4AiaAtsBBgMBBQADAgSqBQMBBQADArgHBCoKBCoGtgWWApoTDgYDBKwHGAgDA7ICAAYCAQIKAQBKEgIBAgoDAgUAAwJYSgAqAQIKAQFKFAIBAwwCAQIKAEpOIAECCgBKEAIBBA4BAgpKABABA3A+AQMMAgECCgEASsIClgIBAgoAShACAQIKAQEIBgMDYgAoAQIKAQEIGAgDAnBK3jsMBII3FA4MBA0AhgXcBBIIqATSBAieBNw4BAwEugcuCqoGlgKgIhIYAghUGjQDANIFzDemKw4IAgisByQDANw0nEMKKQgEDASgNwQMBMQyBAwEugcuCqoGlgKCIwgCHiQDAPgQDggCCKwHJAMAjQIoACEBJwAEAIQIJwAEAIEAhACBAIQAgQCEAIEAhACBAIQAgQCEAYEAhACBAIQDgQCEAYEAhACBAIQBgQCEAIEAhAKBAIQAJwAoAyEAJwAoAScABwAoAycAKAInAAcAKAMnAQQAhAgoACcAhwAoAycAKAMnAAcAKAMnAQcAKAMnACgBJwCHACgDJwAoAScABwAoAycBhwAoAycAKAAnAIcAKAMnAYcAKAMnAQcAKAMnASgBJwCHACgDJwAoAScABwAoAycAKAInAAQAhAUnAIcAKAMnACgCJwAEAIQFKAAnAEQAxAKoAUQAxAKoBCgAqAEoAKgAxAioAUQAxAGEAKgBRADEAqgBxAioACgCqOgagxlzdGF0ZXZlcnNpb25kb2N1bWVudGRhdGVkb2N1bWVudHN0YXR1c2RvY3VtZW50dGl0bGVOZXVlc3RlIE5ld3Nkb2N1bWVudGNvbnRlbnQ8IS0tIHdwOmdyb3VwIHsiY2xhc3NOYW1lIjoiaXMtc3R5bGUtc2VjdGlvbi0xIiwibGF5b3V0Ijp7InR5cGUiOiJjb25zdHJhaW5lZCJ9fSAtLT4KPGRpdiBjbGFzcz0id3AtYmxvY2stZ3JvdXAgaXMtc3R5bGUtc2VjdGlvbi0xIj48IS0tIHdwOmhlYWRpbmcgLS0+CjxoMiBjbGFzcz0id3AtYmxvY2staGVhZGluZyI+ZWVzIGVzPC9oMj4KPCEtLSAvd3A6aGVhZGluZyAtLT4KCjwhLS0gd3A6cXVlcnkgeyJxdWVyeUlkIjowLCJxdWVyeSI6eyJwZXJQYWdlIjoxMiwicGFnZXMiOjAsIm9mZnNldCI6MCwicG9zdFR5cGUiOiJwb3N0Iiwib3JkZXIiOiJkZXNjIiwib3JkZXJCeSI6ImRhdGUiLCJhdXRob3IiOiIiLCJzZWFyY2giOiIiLCJleGNsdWRlIjpbXSwic3RpY2t5IjoiIiwiaW5oZXJpdCI6ZmFsc2UsInBhcmVudHMiOltdLCJmb3JtYXQiOltdLCJ0YXhRdWVyeSI6eyJjbHVkZSI6eyJjYXRlZ29yeSI6WzI4XX0sImNsdWRlIjp7ImNhdGVnb3J5IjpbMjldfX19fSAtLT4KPGRpdiBjbGFzcz0id3AtYmxvY2stcXVlcnkiPjwhLS0gd3A6cG9zdC10ZW1wbGF0ZSAtLT4KPCEtLSB3cDpibG9jayB7InJlZiI6NjU2fSAvLS0+CjwhLS0gL3dwOnBvc3QtdGVtcGxhdGUgLS0+Cgo8IS0tIHdwOnF1ZXJ5LXBhZ2luYXRpb24gLS0+CjwhLS0gd3A6cXVlcnktcGFnaW5hdGlvbi1wcmV2aW91cyAvLS0+Cgo8IS0tIHdwOnF1ZXJ5LXBhZ2luYXRpb24tbnVtYmVycyAvLS0+Cgo8IS0tIHdwOnF1ZXJ5LXBhZ2luYXRpb24tbmV4dCAvLS0+CjwhLS0gL3dwOnF1ZXJ5LXBhZ2luYXRpb24gLS0+Cgo8IS0tIHdwOnF1ZXJ5LW5vLXJlc3VsdHMgLS0+CjwhLS0gd3A6cGFyYWdyYXBoIHsicGxhY2Vob2xkZXIiOiJBZGQgdGV4dCBvciBibG9ja3MgdGhhdCB3aWxsIGRpc3BsYXkgd2hlbiBhIHF1ZXJ5IHJldHVybnMgbm8gcmVzdWx0cy4ifSAtLT4KPHA+PC9wPgo8IS0tIC93cDpwYXJhZ3JhcGggLS0+CjwhLS0gL3dwOnF1ZXJ5LW5vLXJlc3VsdHMgLS0+PC9kaXY+CjwhLS0gL3dwOnF1ZXJ5IC0tPgoKPCEtLSB3cDpidXR0b25zIHsic3R5bGUiOnsic3BhY2luZyI6eyJtYXJnaW4iOnsidG9wIjoidmFyOnByZXNldHxzcGFjaW5nfDYwIn19fSwibGF5b3V0Ijp7InR5cGUiOiJmbGV4IiwianVzdGlmeUNvbnRlbnQiOiJjZW50ZXIifX0gLS0+CjxkaXYgY2xhc3M9IndwLWJsb2NrLWJ1dHRvbnMiIHN0eWxlPSJtYXJnaW4tdG9wOnZhcigtLXdwLS1wcmVzZXQtLXNwYWNpbmctLTYwKSI+PCEtLSB3cDpidXR0b24gLS0+CjxkaXYgY2xhc3M9IndwLWJsb2NrLWJ1dHRvbiI+PGEgY2xhc3M9IndwLWJsb2NrLWJ1dHRvbl9fbGluayB3cC1lbGVtZW50LWJ1dHRvbiIgaHJlZj0iaHR0cHM6Ly9zd2l0emVybGFuZC53b3JkY2FtcC5vcmcvMjAyNi9uZXdzLyI+ZSBlczwvYT48L2Rpdj4KPCEtLSAvd3A6YnV0dG9uIC0tPgoKPCEtLSB3cDpidXR0b24geyJiYWNrZ3JvdW5kQ29sb3IiOiJjdXN0b20tc2Vjb25kYXJ5In0gLS0+CjxkaXYgY2xhc3M9IndwLWJsb2NrLWJ1dHRvbiI+PGEgY2xhc3M9IndwLWJsb2NrLWJ1dHRvbl9fbGluayBoYXMtY3VzdG9tLXNlY29uZGFyeS1iYWNrZ3JvdW5kLWNvbG9yIGhhcy1iYWNrZ3JvdW5kIHdwLWVsZW1lbnQtYnV0dG9uIiBocmVmPSIjbmV3cy12aWEtZW1haWwiPmJvbm5lcmU8L2E+PC9kaXY+CjwhLS0gL3dwOmJ1dHRvbiAtLT48L2Rpdj4KPCEtLSAvd3A6YnV0dG9ucyAtLT48L2Rpdj4KPCEtLSAvd3A6Z3JvdXAgLS0+ZG9jdW1lbnRleGNlcnB0ZG9jdW1lbnRhdXRob3Jkb2N1bWVudGZlYXR1cmVkX21lZGlhZG9jdW1lbnRjb21tZW50X3N0YXR1c2RvY3VtZW50cGluZ19zdGF0dXNkb2N1bWVudHRlbXBsYXRlZG9jdW1lbnRtZXRhamV0cGFja19wb3N0X3dhc19ldmVyX3B1Ymxpc2hlZGZvb3Rub3Rlc2RvY3VtZW50YmxvY2tzY2xpZW50SWRpc1ZhbGlkb3JpZ2luYWxDb250ZW50bmFtZWF0dHJpYnV0ZXN0YWdOYW1lY2xhc3NOYW1lbGF5b3V0aW5uZXJCbG9ja3NjbGllbnRJZGlzVmFsaWRvcmlnaW5hbENvbnRlbnRuYW1lYXR0cmlidXRlc2NvbnRlbnROZXVlc3RlIE5ld3NsZXZlbGlubmVyQmxvY2tzY2xpZW50SWRpc1ZhbGlkb3JpZ2luYWxDb250ZW50bmFtZWF0dHJpYnV0ZXNxdWVyeUlkcXVlcnl0YWdOYW1lZW5oYW5jZWRQYWdpbmF0aW9uaW5uZXJCbG9ja3NjbGllbnRJZGlzVmFsaWRvcmlnaW5hbENvbnRlbnRuYW1lYXR0cmlidXRlc2lubmVyQmxvY2tzY2xpZW50SWRpc1ZhbGlkb3JpZ2luYWxDb250ZW50bmFtZWF0dHJpYnV0ZXNyZWZjb250ZW50aW5uZXJCbG9ja3NjbGllbnRJZGlzVmFsaWRvcmlnaW5hbENvbnRlbnRuYW1lYXR0cmlidXRlc3BhZ2luYXRpb25BcnJvd3Nob3dMYWJlbGlubmVyQmxvY2tzY2xpZW50SWRpc1ZhbGlkb3JpZ2luYWxDb250ZW50bmFtZWF0dHJpYnV0ZXNpbm5lckJsb2Nrc2NsaWVudElkaXNWYWxpZG9yaWdpbmFsQ29udGVudG5hbWVhdHRyaWJ1dGVzbWlkU2l6ZWlubmVyQmxvY2tzY2xpZW50SWRpc1ZhbGlkb3JpZ2luYWxDb250ZW50bmFtZWF0dHJpYnV0ZXNpbm5lckJsb2Nrc2NsaWVudElkaXNWYWxpZG9yaWdpbmFsQ29udGVudG5hbWVhdHRyaWJ1dGVzaW5uZXJCbG9ja3NjbGllbnRJZGlzVmFsaWRvcmlnaW5hbENvbnRlbnRuYW1lYXR0cmlidXRlc2NvbnRlbnRkcm9wQ2FwcGxhY2Vob2xkZXJpbm5lckJsb2Nrc2NsaWVudElkaXNWYWxpZG9yaWdpbmFsQ29udGVudG5hbWVhdHRyaWJ1dGVzc3R5bGVsYXlvdXRpbm5lckJsb2Nrc2NsaWVudElkaXNWYWxpZG9yaWdpbmFsQ29udGVudG5hbWVhdHRyaWJ1dGVzdGFnTmFtZXR5cGV1cmx0ZXh0QWxsZSBOZXdzaW5uZXJCbG9ja3NjbGllbnRJZGlzVmFsaWRvcmlnaW5hbENvbnRlbnRuYW1lYXR0cmlidXRlc3RhZ05hbWV0eXBldXJsdGV4dFZpYSBFLU1haWwgYWJvbm5pZXJlbmJhY2tncm91bmRDb2xvcmlubmVyQmxvY2tzRHJuacOocm5vdXZsbGVEcm5pw6hybm91dmxsZWxhYmVsbGFiZWxEcm5pw6hybm91dmxsZWV4NywyaW57ImxhYmVsIjoiUGFnZSBwcsOpY8OpZGVudGUifSB7ImxhYmVsIjoiUGFnZSBzdWl2YW50ZSJ9IFRvdXRzbCBhY3R1YWxpdMOpc0F6LXZvdXMgcGEgY291cnJpbGZyL1RvdXRzbCBhY3R1YWxpdMOpc0F6LXZvdXMgcGEgY291cnJpbGRvY3VtZW50c2x1Z3N0YXRlc2F2ZWRBdHN0YXRlc2F2ZWRCeQUHCAQIBggFQQFCAEEDCAe1AgECQQC8AxUFFbsCiwGtCQdBArYDBEEBkgEIBwgGCA4IDggLSAEEHwkIBggHDwQKBwkGCwgHDwQKB0EBQgBBAwULCAcPBAoHBQcSCwgHDwQKCwgHDwQKAwcLCAcPBAoPCQsIBw8ECgsIBw8ECgcLCAcPBAoLCAcPBAoLCAcPBApHAEsACAcPBAoFBgsIBw8ECgcEAwQDQQQLCAcPBAoHBAMEDARBAw8LAQUEAwEFBANFAAEFBAMCAwIcGgRBAAsBCQcBAwRBAAsBCQcBCAQFBwUHEQEDAAABAAAAAQYAAQEAAHsBMkIBAQBBAABBAAIAQQAAQQAAQQAAQQAAQQAAQQAAQQAAQQAAQQACAEEAAEEAAgBBAAIAGUEDAkEAQgBDAEEADEFaBUEBEEEACEEJAwEBjgIAfQF9kt\/uBH2SBHcGY2xvc2VkdwZjbG9zZWR5dwB3JDY2YmFjZjZiLWUwNmEtNDcyMi1hNDU1LWQyOGE5NWFiOGExMnh3OTxkaXYgY2xhc3M9IndwLWJsb2NrLWdyb3VwIGlzLXN0eWxlLXNlY3Rpb24tMSI+CgoKCjwvZGl2PncKY29yZS9ncm91cHcDZGl2dxJpcy1zdHlsZS1zZWN0aW9uLTF2AQR0eXBldwtjb25zdHJhaW5lZHckMjQ4NjUxZTktNzVmYS00YTM5LTkzNjUtNjg4MGU2ZDJlZjFkeHcuPGgyIGNsYXNzPSJ3cC1ibG9jay1oZWFkaW5nIj5OZXVlc3RlIE5ld3M8L2gyPncMY29yZS9oZWFkaW5nfQJ3JGUwMGZmMzVmLTE3ZGYtNDliNS1hNzE5LWE0Njk0OTQzOGMzNnh3JjxkaXYgY2xhc3M9IndwLWJsb2NrLXF1ZXJ5Ij4KCgoKPC9kaXY+dwpjb3JlL3F1ZXJ5fQB2DgdwZXJQYWdlfQwFcGFnZXN9AAZvZmZzZXR9AAhwb3N0VHlwZXcEcG9zdAVvcmRlcncEZGVzYwdvcmRlckJ5dwRkYXRlBmF1dGhvcncABnNlYXJjaHcAB2V4Y2x1ZGV1AAZzdGlja3l3AAdpbmhlcml0eQdwYXJlbnRzdQAGZm9ybWF0dQAIdGF4UXVlcnl2AgdpbmNsdWRldgEIY2F0ZWdvcnl1AX0cB2V4Y2x1ZGV2AQhjYXRlZ29yeXUCfRt9HXcDZGl2eXckYzJkNGM3NWEtZTk4MS00MmIxLTllZjgtMWJkODJmOTRlZGM0eHcAdxJjb3JlL3Bvc3QtdGVtcGxhdGV3JGFjYzM1MTcxLWI3NTAtNDA5ZC1iYTVkLTQxNTczODAzZmMyNHh3AHcKY29yZS9ibG9ja32QCnUAdyQ2YWMzZjIwYi05YTYzLTQwZDYtOTZkOS04ZjJmODhkZDhlZjV4dwB3FWNvcmUvcXVlcnktcGFnaW5hdGlvbncEbm9uZXh3JDc5ZjJjODYwLTkyYmUtNDlmMS1hMjc5LTlhMTMwOTJlOWI2NHh3AHceY29yZS9xdWVyeS1wYWdpbmF0aW9uLXByZXZpb3VzdyRlYTUzOTU4Yy0zOGYxLTQ3YmQtYjc5MS04MjE2M2YxN2NmZjd4dwB3HWNvcmUvcXVlcnktcGFnaW5hdGlvbi1udW1iZXJzfQJ3JGJkMTBhYTZmLWM1Y2UtNGQ4Zi1hODA4LTIwNmY4NjNmMGZiZHh3AHcaY29yZS9xdWVyeS1wYWdpbmF0aW9uLW5leHR3JGYzMWFlNTYxLTgyNTQtNDg5Yi05MGEyLTRkZDU0ZTc1NmNjMXh3AHcVY29yZS9xdWVyeS1uby1yZXN1bHRzdyRmZjM4NDY0MC00M2Y4LTQwMmYtYjcyYy00M2RmZGI4YzhjYmF4dwc8cD48L3A+dw5jb3JlL3BhcmFncmFwaHl3RUFkZCB0ZXh0IG9yIGJsb2NrcyB0aGF0IHdpbGwgZGlzcGxheSB3aGVuIGEgcXVlcnkgcmV0dXJucyBubyByZXN1bHRzLnckYmRkNjM3MDctNDUyNi00MjRiLTg5N2ItMTU4NjVmMzUzYWI0eHdYPGRpdiBjbGFzcz0id3AtYmxvY2stYnV0dG9ucyIgc3R5bGU9Im1hcmdpbi10b3A6dmFyKC0td3AtLXByZXNldC0tc3BhY2luZy0tNjApIj4KCjwvZGl2PncMY29yZS9idXR0b25zdgEHc3BhY2luZ3YBBm1hcmdpbnYBA3RvcHcVdmFyOnByZXNldHxzcGFjaW5nfDYwdgIEdHlwZXcEZmxleA5qdXN0aWZ5Q29udGVudHcGY2VudGVydyQyYjNlNDQ5Yi1lYjk1LTRiYzgtOWFhOC1jOTg2ZjkzMDQzNDl4d5YBPGRpdiBjbGFzcz0id3AtYmxvY2stYnV0dG9uIj48YSBjbGFzcz0id3AtYmxvY2stYnV0dG9uX19saW5rIHdwLWVsZW1lbnQtYnV0dG9uIiBocmVmPSJodHRwczovL3N3aXR6ZXJsYW5kLndvcmRjYW1wLm9yZy8yMDI2L25ld3MvIj5BbGxlIE5ld3M8L2E+PC9kaXY+dwtjb3JlL2J1dHRvbncBYXcGYnV0dG9udytodHRwczovL3N3aXR6ZXJsYW5kLndvcmRjYW1wLm9yZy8yMDI2L25ld3MvdyQyNzQ1NTU1MC1kY2Q5LTQ5ZTAtYTI0OC04MmRmMWUzYjUzOWF4d7sBPGRpdiBjbGFzcz0id3AtYmxvY2stYnV0dG9uIj48YSBjbGFzcz0id3AtYmxvY2stYnV0dG9uX19saW5rIGhhcy1jdXN0b20tc2Vjb25kYXJ5LWJhY2tncm91bmQtY29sb3IgaGFzLWJhY2tncm91bmQgd3AtZWxlbWVudC1idXR0b24iIGhyZWY9IiNuZXdzLXZpYS1lbWFpbCI+VmlhIEUtTWFpbCBhYm9ubmllcmVuPC9hPjwvZGl2PncLY29yZS9idXR0b253AWF3BmJ1dHRvbncPI25ld3MtdmlhLWVtYWlsdxBjdXN0b20tc2Vjb25kYXJ5dyRjOWJhNzkzNC1mZjlhLTQzYjAtYmU5MS02MWEyMmYwM2Q2ZWJ3JDUzNGI1YmY1LWQ3N2EtNDQ5ZC04OTAzLWM0NmNjYTQxNjE2N3ckMWY0NDA2MDktZGJiNS00ZWQ4LThlMzQtNDMxMjlhZjQ3NDNldg4HcGVyUGFnZX0MBXBhZ2VzfQAGb2Zmc2V0fQAIcG9zdFR5cGV3BHBvc3QFb3JkZXJ3BGRlc2MHb3JkZXJCeXcEZGF0ZQZhdXRob3J3AAZzZWFyY2h3AAdleGNsdWRldQAGc3RpY2t5dwAHaW5oZXJpdHkHcGFyZW50c3UABmZvcm1hdHUACHRheFF1ZXJ5dgIHaW5jbHVkZX8HZXhjbHVkZXYBCGNhdGVnb3J5dQJ9G30ddg4HcGVyUGFnZX0MBXBhZ2VzfQAGb2Zmc2V0fQAIcG9zdFR5cGV3BHBvc3QFb3JkZXJ3BGRlc2MHb3JkZXJCeXcEZGF0ZQZhdXRob3J3AAZzZWFyY2h3AAdleGNsdWRldQAGc3RpY2t5dwAHaW5oZXJpdHkHcGFyZW50c3UABmZvcm1hdHUACHRheFF1ZXJ5dgIHaW5jbHVkZX8HZXhjbHVkZXYBCGNhdGVnb3J5dQF9HXYOB3BlclBhZ2V9DAVwYWdlc30ABm9mZnNldH0ACHBvc3RUeXBldwRwb3N0BW9yZGVydwRkZXNjB29yZGVyQnl3BGRhdGUGYXV0aG9ydwAGc2VhcmNodwAHZXhjbHVkZXUABnN0aWNreXcAB2luaGVyaXR5B3BhcmVudHN1AAZmb3JtYXR1AAh0YXhRdWVyeX92DgdwZXJQYWdlfQwFcGFnZXN9AAZvZmZzZXR9AAhwb3N0VHlwZXcEcG9zdAVvcmRlcncEZGVzYwdvcmRlckJ5dwRkYXRlBmF1dGhvcncABnNlYXJjaHcAB2V4Y2x1ZGV1AAZzdGlja3l3AAdpbmhlcml0eQdwYXJlbnRzdQAGZm9ybWF0dQAIdGF4UXVlcnl2AQdleGNsdWRldgEIY2F0ZWdvcnl1AX0bdg4HcGVyUGFnZX0MBXBhZ2VzfQAGb2Zmc2V0fQAIcG9zdFR5cGV3BHBvc3QFb3JkZXJ3BGRlc2MHb3JkZXJCeXcEZGF0ZQZhdXRob3J3AAZzZWFyY2h3AAdleGNsdWRldQAGc3RpY2t5dwAHaW5oZXJpdHkHcGFyZW50c3UABmZvcm1hdHUACHRheFF1ZXJ5dgEHZXhjbHVkZXYBCGNhdGVnb3J5dQJ9G30cdg4HcGVyUGFnZX0MBXBhZ2VzfQAGb2Zmc2V0fQAIcG9zdFR5cGV3BHBvc3QFb3JkZXJ3BGRlc2MHb3JkZXJCeXcEZGF0ZQZhdXRob3J3AAZzZWFyY2h3AAdleGNsdWRldQAGc3RpY2t5dwAHaW5oZXJpdHkHcGFyZW50c3UABmZvcm1hdHUACHRheFF1ZXJ5dgIHZXhjbHVkZXYBCGNhdGVnb3J5dQJ9G30cB2luY2x1ZGV2AQhjYXRlZ29yeXUBfR13JDI1MThjZjkzLTYxMTktNDJhZS04MDcyLTUzZjE1ODdhNzg5MXckYTgyNTczYWQtMDU2Mi00ZmFhLWFlZjMtOTM1MjQ1ZTEwNjVldwFQdwJQYXcDUGFndwRQYWdldwVQYWdlIHcGUGFnZSBwdwdQYWdlIHBydwhQYWdlIHByZXcJUGFnZSBwcmVjdwpQYWdlIHByZWNldwtQYWdlIHByZWNlbncMUGFnZSBwcmVjZW5kdw1QYWdlIHByZWNlbmRldw5QYWdlIHByZWNlbmRlbncPUGFnZSBwcmVjZW5kZW50dxBQYWdlIHByZWNlbmRlbnRldxFQYWdlIHByw6ljw6lkZW50ZXckZjc1YjAyMTYtYzg2MC00YzY2LTgzNzMtZTMwYjE5MTUxYjEzdxFQYWdlIHByw6ljw6lkZW50ZXcGUGFnZSBzdwdQYWdlIHN1dwhQYWdlIHN1aXcJUGFnZSBzdWl2dwpQYWdlIHN1aXZhdwtQYWdlIHN1aXZhbncMUGFnZSBzdWl2YW50dw1QYWdlIHN1aXZhbnRldyQ3Yzk1MWJlNy1iMTc4LTQwNGUtYWRjNS0zYmFlMzhlZWIwYzN3JDY5OTIxNTE0LTE3MTMtNGI3ZC05MTBkLTUwNWY3M2VmYTMxOXcuaHR0cHM6Ly9zd2l0emVybGFuZC53b3JkY2FtcC5vcmcvMjAyNi9mci9uZXdzL3ckZGI0OWE4OTYtN2JiMy00YzZlLTkwNDAtMWE5ZmQ1YjM3MTcydwdwYWdlLWZydwdwdWJsaXNodxMyMDI2LTA0LTIxVDIzOjA5OjAwdxNkZXJuaWVyZXMtbm91dmVsbGVze0J52x4AMpAAfYXe6eAIdwFudwJuZXcDbmV3dwRuZXdzAYXvtLAEMAEBAQABAAIBAQABALcBAAEAAgEBAAEA\/AEBGgEVAvoGAgIAAQD3AQsEAAMAVwAFAAkABQABAAIBAQABAAQABQAUAAgADgAXAAgABgABAgIAAQADAAgLBAADAB8EAw8CB5sBAAIC\",\"updateId\":347979833}","jetpack_post_was_ever_published":false,"footnotes":""},"class_list":["post-896","page","type-page","status-publish","has-post-thumbnail","hentry"],"jetpack_sharing_enabled":true,"_links":{"self":[{"href":"https:\/\/switzerland.wordcamp.org\/2026\/wp-json\/wp\/v2\/pages\/896","targetHints":{"allow":["GET"]}}],"collection":[{"href":"https:\/\/switzerland.wordcamp.org\/2026\/wp-json\/wp\/v2\/pages"}],"about":[{"href":"https:\/\/switzerland.wordcamp.org\/2026\/wp-json\/wp\/v2\/types\/page"}],"author":[{"embeddable":true,"href":"https:\/\/switzerland.wordcamp.org\/2026\/wp-json\/wp\/v2\/users\/5101522"}],"replies":[{"embeddable":true,"href":"https:\/\/switzerland.wordcamp.org\/2026\/wp-json\/wp\/v2\/comments?post=896"}],"version-history":[{"count":1,"href":"https:\/\/switzerland.wordcamp.org\/2026\/wp-json\/wp\/v2\/pages\/896\/revisions"}],"predecessor-version":[{"id":898,"href":"https:\/\/switzerland.wordcamp.org\/2026\/wp-json\/wp\/v2\/pages\/896\/revisions\/898"}],"up":[{"embeddable":true,"href":"https:\/\/switzerland.wordcamp.org\/2026\/wp-json\/wp\/v2\/pages\/813"}],"wp:featuredmedia":[{"embeddable":true,"href":"https:\/\/switzerland.wordcamp.org\/2026\/wp-json\/wp\/v2\/media\/274"}],"wp:attachment":[{"href":"https:\/\/switzerland.wordcamp.org\/2026\/wp-json\/wp\/v2\/media?parent=896"}],"curies":[{"name":"wp","href":"https:\/\/api.w.org\/{rel}","templated":true}]}}